{"id":336295,"date":"2022-10-22T20:56:17","date_gmt":"2024-04-22T08:49:16","guid":{"rendered":"https:\/\/www.moskito.cz\/produkt\/schiessmesser-heretic-knives-wraith-auto-black-dlc-h000-4a-t\/"},"modified":"2025-05-07T11:13:15","modified_gmt":"2025-05-07T10:13:15","slug":"schiessmesser-heretic-knives-wraith-auto-black-dlc-h000-4a-t","status":"publish","type":"product","link":"https:\/\/www.moskito.cz\/de\/produkt\/schiessmesser-heretic-knives-wraith-auto-black-dlc-h000-4a-t\/","title":{"rendered":"Schie\u00dfmesser Heretic Knives Wraith Auto Black DLC H000-4A-T"},"content":{"rendered":"<p>Schie\u00dfmesser <strong>Heretic Knives<\/strong> Wraith Auto Black DLC H000-4A-T<\/p>\n<p>Das Wraith Auto ist ein sehr vielseitiges Messer mit einem integrierten, einteiligen Hauptgeh\u00e4use und einer separaten Halterung zur Aufnahme des automatischen Mechanismus. Dies ist ein flei\u00dfiges Messer, das einiges aush\u00e4lt, aber gleichzeitig stilvoll aussieht.<\/p>\n<p>Dieses Wraith Auto ist eine taktische Version mit einer schwarzen DLC-beschichteten Drop-Point-Klinge mit einem schwarzen Aluminiumgriff und marmorierter Kohlefaser.<\/p>\n<p>Klingenmaterial: Elmax<br \/>\nKlingenstil: Drop Point<br \/>\nKlingenl\u00e4nge: 9 cm<br \/>\nGesamtl\u00e4nge: 22 cm<br \/>\nGriffmaterial: Schwarz eloxiertes Aluminium und marmorierter CF-Halter<br \/>\nVerriegelungssystem: Knopf-\/Tauchverriegelung<br \/>\nGewicht: 5,07 Unzen<br \/>\nTaschenclip: Rechtsh\u00e4nder mit der Spitze nach unten<br \/>\nHerkunftsland: USA<\/p>\n","protected":false},"excerpt":{"rendered":"<p>Alle unsere Messer werden in den USA hergestellt und das wird auch so bleiben. Wenn Sie eines unserer Messer kaufen, k\u00f6nnen Sie darauf vertrauen, dass Ihr Werkzeug von einem amerikanischen Unternehmen unterst\u00fctzt wird. Unsere Messer werden in kleinen Mengen hergestellt, um sicherzustellen, dass Sie ein Qualit\u00e4tsmesser erhalten, das die Aufmerksamkeit erh\u00e4lt, die andere massenproduzierte Messer nicht erhalten!!<\/p>\n","protected":false},"featured_media":336296,"comment_status":"open","ping_status":"closed","template":"","meta":[],"pwb-brand":[3665],"product_brand":[],"product_cat":[3285,3343],"product_tag":[],"class_list":{"0":"post-336295","1":"product","2":"type-product","3":"status-publish","4":"has-post-thumbnail","6":"pwb-brand-ketzermesser","7":"product_cat-messer","8":"product_cat-schiesmesser","10":"first","11":"outofstock","12":"taxable","13":"shipping-taxable","14":"purchasable","15":"product-type-simple"},"brands":[{"id":3665,"name":"Ketzermesser","slug":"ketzermesser"}],"_links":{"self":[{"href":"https:\/\/www.moskito.cz\/de\/wp-json\/wp\/v2\/product\/336295","targetHints":{"allow":["GET"]}}],"collection":[{"href":"https:\/\/www.moskito.cz\/de\/wp-json\/wp\/v2\/product"}],"about":[{"href":"https:\/\/www.moskito.cz\/de\/wp-json\/wp\/v2\/types\/product"}],"replies":[{"embeddable":true,"href":"https:\/\/www.moskito.cz\/de\/wp-json\/wp\/v2\/comments?post=336295"}],"wp:featuredmedia":[{"embeddable":true,"href":"https:\/\/www.moskito.cz\/de\/wp-json\/wp\/v2\/media\/336296"}],"wp:attachment":[{"href":"https:\/\/www.moskito.cz\/de\/wp-json\/wp\/v2\/media?parent=336295"}],"wp:term":[{"taxonomy":"pwb-brand","embeddable":true,"href":"https:\/\/www.moskito.cz\/de\/wp-json\/wp\/v2\/pwb-brand?post=336295"},{"taxonomy":"product_brand","embeddable":true,"href":"https:\/\/www.moskito.cz\/de\/wp-json\/wp\/v2\/product_brand?post=336295"},{"taxonomy":"product_cat","embeddable":true,"href":"https:\/\/www.moskito.cz\/de\/wp-json\/wp\/v2\/product_cat?post=336295"},{"taxonomy":"product_tag","embeddable":true,"href":"https:\/\/www.moskito.cz\/de\/wp-json\/wp\/v2\/product_tag?post=336295"}],"curies":[{"name":"wp","href":"https:\/\/api.w.org\/{rel}","templated":true}]}}