{"id":336353,"date":"2021-09-22T09:35:12","date_gmt":"2024-04-22T13:14:32","guid":{"rendered":"https:\/\/www.moskito.cz\/produkt\/sog-trident-at-black-red-tanto-klappmesser\/"},"modified":"2025-05-07T11:13:16","modified_gmt":"2025-05-07T10:13:16","slug":"sog-trident-at-black-red-tanto-klappmesser","status":"publish","type":"product","link":"https:\/\/www.moskito.cz\/de\/produkt\/sog-trident-at-black-red-tanto-klappmesser\/","title":{"rendered":"SOG Trident AT Black &amp; Red Tanto Klappmesser"},"content":{"rendered":"<p><strong>SOG<\/strong> Trident AT Black &amp; Red Tanto Klappmesser.<\/p>\n<p>Der Trident AT wurde f\u00fcr professionelle Benutzer entwickelt und verf\u00fcgt \u00fcber eine schnelle \u00d6ffnungsunterst\u00fctzung mit dem innovativen AT-XR-Doppelseitenschloss von <strong>SOG<\/strong> sowie einen integrierten Schnurschneider und Glasbrecher. Der Trident AT ist leicht zu tragen und verf\u00fcgt \u00fcber eine leistungsstarke, kryogen w\u00e4rmebehandelte D2-Edelstahlklinge. Sein leistungsstarker AT-XR-Verriegelungsmechanismus verf\u00fcgt au\u00dferdem \u00fcber eine integrierte Klingenverriegelungssicherung und ein am R\u00fccken montiertes Sicherheitssystem. Eine weitere Entwicklung auf diesem Gebiet \u2013 der bew\u00e4hrte Trident.<br \/>\nZWECKGESTALTUNG<br \/>\nJedes Element des Trident AT wurde f\u00fcr Extrem- oder Notfallsituationen entwickelt \u2013 einschlie\u00dflich der schnellen Klingen\u00f6ffnung, des Schnurschneiders und des Glasbrechers \u2013 alles nahtlos integriert mit der \u00e4u\u00dferst griffigen Textur und dem langlebigen Griff.<\/p>\n<p>&nbsp;<\/p>\n<p>AT-XR-SCHLOSS<\/p>\n<p>Das patentierte XR-Schloss von SOG mit Assisted Technology (AT) erm\u00f6glicht ein schnelles \u00d6ffnen mit einer Hand und einen festen Verschluss nach dem \u00d6ffnen. Das AT-XR-Schloss ist zuverl\u00e4ssig und leistungsstark und h\u00e4lt einer Kraft von 1.500 Pfund stand. Es bietet maximale integrierte Sicherheit, um die Klinge beim \u00d6ffnen zu verriegeln und sicherzustellen, dass sie sich nur dann \u00f6ffnet, wenn es beabsichtigt ist.<\/p>\n<p>SICHERHEIT 2.0<\/p>\n<p>SOG hat mit Anwendern zusammengearbeitet, um eine ebenso einfache wie schnelle Zwei-Wege-Sicherheit zu entwickeln. Das Design ist so konzipiert, dass es intuitiv ist und nat\u00fcrliche Handbewegungen erm\u00f6glicht, sodass Sie Ihren Griff nicht l\u00f6sen m\u00fcssen, um es zu bedienen. Nach dem \u00d6ffnen rastet es wie ein Daumenstopp ein. Alles, was Sicherheit sein sollte.<\/p>\n<p>CRYO D2 STAHLKLINGE<\/p>\n<p>Ein Allzweck-Werkzeugstahl mit hohem Kohlenstoffgehalt, der gem\u00e4\u00df den einzigartigen Leistungsspezifikationen von SOG kryogen w\u00e4rmebehandelt wird. D2 bietet die ideale Kombination aus Schnitthaltigkeit und Haltbarkeit f\u00fcr den langfristigen Einsatz bei einfacher Wartung.<\/p>\n<p>Gesamtl\u00e4nge: 22,5 cm<br \/>\nKlingenl\u00e4nge: 9 cm<br \/>\nGewicht: 5,15 Unzen<br \/>\nStahlklingentyp: Cryo D2<br \/>\nGriffmaterial: GRN<br \/>\nGrifffarbe: Schwarz<br \/>\nHervorhebungsfarbe: Rot<br \/>\nAusstattung: Kettenschlaufe, Schneider, Glasbrecher<br \/>\nOberfl\u00e4che: Titannitrid<br \/>\nVerriegelungsmechanismus: AT-XR<br \/>\nSicherheit: Zwei-Wege-Sicherheit<br \/>\n\u00d6ffnungsmechanismus: Unterst\u00fctzter Daumenknopf<\/p>\n<p>Unsere Geschichte beginnt in Vietnam, wo Mitglieder der streng geheimen Spezialeinheit Amerikas \u2013 bekannt als MACV \u2013 <strong>SOG<\/strong> \u2013 auf verdeckten Missionen ein einzigartiges Geheimmesser in den Dschungel trugen. Einige Jahre sp\u00e4ter, 1986, inspirierte dieses Messer einen jungen Designer namens Spencer Frazer zur Gr\u00fcndung von SOG Specialty Knives. Seine Mission: das originale SOG-Bowiemesser zu reproduzieren und der Spezialeinheit, die es geschaffen hat, Tribut zu zollen. Was als einzelnes Gedenkmodell begann, entwickelte sich bald zu einer ganzen Reihe innovativer Werkzeuge \u2013 bew\u00e4hrt von US-Spezialeinheiten und sogar als Messer der Wahl der Navy SEALs ausgezeichnet. Heute werden SOG-Messer auch in den anspruchsvollsten Situationen selbstbewusst getragen. Aus Tradition geschmiedet, im Feld geh\u00e4rtet, f\u00fcr Sie gefeilt.<\/p>\n<p>Ganz gleich, ob Sie andere besch\u00fctzen oder eine epische Jagdexpedition leiten, eine der allt\u00e4glichen Herausforderungen des Lebens meistern oder die bisher extremsten Bedingungen meistern \u2013 machen Sie sich mit SOG auf den Weg.<\/p>\n<p>Trident AT wurde f\u00fcr professionelle Benutzer entwickelt und verf\u00fcgt \u00fcber eine schnelle \u00d6ffnungsunterst\u00fctzung mit dem innovativen beidh\u00e4ndigen AT-XR-Schloss von SOG sowie einen integrierten Schnurschneider und Glasbrecher. Trident AT ist leicht zu tragen und verf\u00fcgt \u00fcber eine hochfunktionelle 3,75-Zoll-Klinge aus kryogen w\u00e4rmebehandeltem D2-Edelstahl. Sein leistungsstarker AT-XR-Verriegelungsmechanismus verf\u00fcgt au\u00dferdem \u00fcber eine integrierte Klingenverriegelungssicherung und ein am R\u00fccken montiertes Sicherheitssystem. Die n\u00e4chste Weiterentwicklung des praxiserprobten Trident.<\/p>\n<p>Gesamtl\u00e4nge<br \/>\n9,03&#8243;<br \/>\nGeschlossene L\u00e4nge<br \/>\n5,33&#8243;<br \/>\nKlingenl\u00e4nge<br \/>\n3,7&#8243;<br \/>\nGewicht<br \/>\n5,15 Unzen<br \/>\nKlingenstahltyp<br \/>\nKryo D2<br \/>\nKlingendicke<br \/>\n0,12&#8243;<br \/>\nGriffmaterial<br \/>\nGRN<br \/>\nGrifffarbe<br \/>\nSchwarz<br \/>\nAkzentfarbe<br \/>\nEd<br \/>\nMerkmale<br \/>\nLanyard-Schlaufe, Schnurschneider, Glasbrecher<br \/>\nBeenden<br \/>\nTitannitrid<br \/>\nVerschlussmechanismus<br \/>\nAT-XR<br \/>\nSicherheit<br \/>\nBeidh\u00e4ndig an der Wirbels\u00e4ule montierte Sicherheit<br \/>\n\u00d6ffnungsmechanismus<br \/>\nUnterst\u00fctzter Daumenknopf<br \/>\nHerkunftsland<br \/>\nTaiwan<br \/>\nKantentyp<br \/>\nGerade<\/p>\n","protected":false},"excerpt":{"rendered":"<div class=\"elementor-element elementor-element-bbb542b elementor-widget elementor-widget-woocommerce-product-short-description\" data-id=\"bbb542b\" data-element_type=\"widget\" data-widget_type=\"woocommerce-product-short-description.default\">\n<div class=\"elementor-widget-container\">\n<div class=\"woocommerce-product-details__short-description\">\n<div class=\"elementor-element elementor-element-bbb542b elementor-widget elementor-widget-woocommerce-product-short-description\" data-id=\"bbb542b\" data-element_type=\"widget\" data-widget_type=\"woocommerce-product-short-description.default\">\n<div class=\"elementor-widget-container\">\n<div class=\"woocommerce-product-details__short-description\">\n<p>Egal, ob Sie andere besch\u00fctzen oder eine epische Jagdexpedition leiten, eine der allt\u00e4glichen Herausforderungen des Lebens meistern oder die bisher extremsten Bedingungen meistern, machen Sie sich mit <strong>SOG<\/strong> auf den Weg.<\/p>\n<p><strong>Wir geben auf alle SOG-Messer eine lebenslange Garantie!<\/strong><\/p>\n<\/div>\n<\/div>\n<\/div>\n<\/div>\n<\/div>\n<\/div>\n","protected":false},"featured_media":336354,"comment_status":"open","ping_status":"closed","template":"","meta":[],"pwb-brand":[3605],"product_brand":[],"product_cat":[3285,3303],"product_tag":[3669],"class_list":{"0":"post-336353","1":"product","2":"type-product","3":"status-publish","4":"has-post-thumbnail","6":"pwb-brand-wie-g","7":"product_cat-messer","8":"product_cat-schliesmesser","9":"product_tag-b2b-de","11":"first","12":"outofstock","13":"taxable","14":"shipping-taxable","15":"purchasable","16":"product-type-simple"},"brands":[{"id":3605,"name":"WIE G","slug":"wie-g"}],"_links":{"self":[{"href":"https:\/\/www.moskito.cz\/de\/wp-json\/wp\/v2\/product\/336353","targetHints":{"allow":["GET"]}}],"collection":[{"href":"https:\/\/www.moskito.cz\/de\/wp-json\/wp\/v2\/product"}],"about":[{"href":"https:\/\/www.moskito.cz\/de\/wp-json\/wp\/v2\/types\/product"}],"replies":[{"embeddable":true,"href":"https:\/\/www.moskito.cz\/de\/wp-json\/wp\/v2\/comments?post=336353"}],"wp:featuredmedia":[{"embeddable":true,"href":"https:\/\/www.moskito.cz\/de\/wp-json\/wp\/v2\/media\/336354"}],"wp:attachment":[{"href":"https:\/\/www.moskito.cz\/de\/wp-json\/wp\/v2\/media?parent=336353"}],"wp:term":[{"taxonomy":"pwb-brand","embeddable":true,"href":"https:\/\/www.moskito.cz\/de\/wp-json\/wp\/v2\/pwb-brand?post=336353"},{"taxonomy":"product_brand","embeddable":true,"href":"https:\/\/www.moskito.cz\/de\/wp-json\/wp\/v2\/product_brand?post=336353"},{"taxonomy":"product_cat","embeddable":true,"href":"https:\/\/www.moskito.cz\/de\/wp-json\/wp\/v2\/product_cat?post=336353"},{"taxonomy":"product_tag","embeddable":true,"href":"https:\/\/www.moskito.cz\/de\/wp-json\/wp\/v2\/product_tag?post=336353"}],"curies":[{"name":"wp","href":"https:\/\/api.w.org\/{rel}","templated":true}]}}