{"id":336381,"date":"2021-10-18T21:24:53","date_gmt":"2024-04-22T14:40:12","guid":{"rendered":"https:\/\/www.moskito.cz\/?post_type=product&#038;p=336381"},"modified":"2025-05-07T11:13:18","modified_gmt":"2025-05-07T10:13:18","slug":"multifunktionszange-sog-poweraccess-deluxe","status":"publish","type":"product","link":"https:\/\/www.moskito.cz\/de\/produkt\/multifunktionszange-sog-poweraccess-deluxe\/","title":{"rendered":"Multifunktionszange SOG POWERACCESS DELUXE"},"content":{"rendered":"<p>Unsere Geschichte beginnt in Vietnam, wo Mitglieder der streng geheimen Spezialeinheit Amerikas \u2013 bekannt als MACV \u2013 <strong>SOG<\/strong> \u2013 auf verdeckten Missionen ein einzigartiges Geheimmesser in den Dschungel trugen. Einige Jahre sp\u00e4ter, 1986, inspirierte dieses Messer einen jungen Designer namens Spencer Frazer zur Gr\u00fcndung von <strong>SOG<\/strong> Specialty Knives. Seine Mission: das originale <strong>SOG-<\/strong> Bowiemesser zu reproduzieren und der Spezialeinheit, die es geschaffen hat, Tribut zu zollen. Was als einzelnes Gedenkmodell begann, entwickelte sich bald zu einer ganzen Reihe innovativer Werkzeuge \u2013 bew\u00e4hrt von US-Spezialeinheiten und sogar als Messer der Wahl der Navy SEALs ausgezeichnet. Heute werden SOG-Messer auch in den anspruchsvollsten Situationen selbstbewusst getragen. Aus Tradition geschmiedet, im Feld geh\u00e4rtet, f\u00fcr Sie gefeilt.<\/p>\n<p>Egal, ob Sie andere besch\u00fctzen oder eine epische Jagdexpedition leiten, eine der allt\u00e4glichen Herausforderungen des Lebens meistern oder die bisher extremsten Bedingungen meistern, machen Sie sich mit <strong>SOG<\/strong> auf den Weg.<\/p>\n<p>Multifunktionszange <strong>SOG<\/strong> POWERACCESS DELUXE.<\/p>\n<p>PowerAccess Deluxe verf\u00fcgt \u00fcber die meisten Tools aller bisherigen SOG-Produkte (21). Deluxe verf\u00fcgt \u00fcber SOG-Hebelwirkung f\u00fcr maximale Griffst\u00e4rke. Es ist in einem Nylonetui mit einem 12-teiligen Sechskantsatz untergebracht.<\/p>\n<p><strong>Es m\u00fcssen mehrere Werkzeuge vorhanden sein<\/strong><br \/>\nHier ein kleiner Tipp: Wenn Sie aufs College gehen oder alleine unterwegs sind, wird ein Mehrzwecktool wie PowerAccess Deluxe auf jeden Fall n\u00fctzlich sein.<\/p>\n<p><strong>Es enth\u00e4lt 21 Instrumente, die meisten von allen SOG-Multiinstrumenten<\/strong><br \/>\nVerf\u00fcgt \u00fcber Zangenk\u00f6pfe mit zusammengesetzter Hebelwirkung f\u00fcr sanftes \u00d6ffnen und Schlie\u00dfen und erh\u00f6hte Griffst\u00e4rke. Insgesamt 21 Werkzeuge befinden sich im robusten PowerAccess Deluxe aus Edelstahl, darunter zwei Universalmesser, ein Dosen- und Flaschen\u00f6ffner, eine Holzs\u00e4ge, zwei Schlitzschraubendreher, ein Kreuzschlitzschraubendreher und ein 1\/4-Zoll-Schraubendreher mit Sechskant Bit gesetzt.<\/p>\n<p><strong>21 WERKZEUGE<\/strong><br \/>\nEnth\u00e4lt zwei Messer, einen Dosen- und Flaschen\u00f6ffner, eine Holzs\u00e4ge, zwei Schlitzschraubendreher, einen Schmuckschrauber und einen 1\/4-Zoll-Schraubendreher mit Sechskantsatz.<\/p>\n<p><strong>VERBUNDHEBEL<\/strong><br \/>\nDie patentierte Compound Leverage-Technologie von SOG nutzt mehrere Drehpunkte, die im Verh\u00e4ltnis zur Bewegung der Zange mehr Bewegung im Griff erzeugen. Das Ergebnis ist ein Hebelvorteil, der etwa doppelt so hoch ist wie der eines herk\u00f6mmlichen Multitools, wodurch jeder Schnitt glatter und einfacher wird.<\/p>\n<p><strong>EDELSTAHLKONSTRUKTION 5CR15MOV<\/strong><br \/>\nVielseitige rostfreie St\u00e4hle mit \u00e4hnlichen Eigenschaften wie die besten Metalle der 440er-Serie und bieten gute Sch\u00e4rff\u00e4higkeit, gute Schnitthaltigkeit und hohe Korrosionsbest\u00e4ndigkeit.<\/p>\n<p>PRODUKTGEWICHT: 8,70 oz<br \/>\nART DER STAHLKLINGE: Edelstahl<br \/>\nFERTIG: Stone Wash<br \/>\nANZAHL DER WERKZEUGE: 21<br \/>\nART DER STAHLKLINGE: Edelstahl<br \/>\n3-SEITIGE DATEI<br \/>\nRESIDENZ<br \/>\nFLASCHEN\u00d6FFNER<br \/>\n\u00d6FFNER<br \/>\nVOLLST\u00c4NDIG GEZAHNTE KLINGE<br \/>\nHartdrahtschneider<br \/>\nMITTLERER FLACHSCHRAUBENDREHER<br \/>\nNADELSPITZENZANGE<br \/>\nSCHRAUBENDREHER PHILIPS<br \/>\nWINKELMESSER<br \/>\nHERRSCHER<br \/>\n12-TEILIGES SECHSKANT-BITS-SET<\/p>\n<p>PowerAccess Deluxe verf\u00fcgt \u00fcber die meisten Tools aller bisherigen SOG-Produkte (21). Der Deluxe verf\u00fcgt \u00fcber eine SOG-Compound-Hebelwirkung f\u00fcr maximale Griffst\u00e4rke. Untergebracht in einer Nylonscheide mit 12-teiligem Sechskantbitsatz.<\/p>\n<p>Muss ein Multitool haben<br \/>\nHier ein kleiner Tipp: Wenn Sie auf dem Weg zur Uni sind oder sich auf eigene Faust auf den Weg machen, ist ein Multitool wie das PowerAccess Deluxe zweifellos praktisch.<\/p>\n<p>Enth\u00e4lt 21 Werkzeuge, die meisten f\u00fcr jedes SOG-Multitool<br \/>\nVerf\u00fcgt \u00fcber Zangenk\u00f6pfe mit zusammengesetzter Hebelwirkung f\u00fcr sanftes \u00d6ffnen und Schlie\u00dfen und erh\u00f6hte Greifkraft. Auf dem robusten PowerAccess Deluxe aus Edelstahl befinden sich insgesamt 21 Werkzeuge, darunter zwei Messerklingen, ein Dosen- und Flaschen\u00f6ffner, eine Holzs\u00e4ge, zwei flache Schraubendreher, ein Kreuzschlitzschraubendreher und ein 1\/4-Zoll-Schraubendreher mit Sechskantbit-Kit.<\/p>\n<p>21 WERKZEUGE<br \/>\nInklusive zwei Messerklingen, Dosen- und Flaschen\u00f6ffner, Holzs\u00e4ge, zwei flachen Schraubendrehern, Schmuckschrauber und einem 1\/4-Zoll-Schraubendreher mit Sechskantbit-Set.<\/p>\n<p>ZUSAMMENGESETZTER HEBELWIRKUNG<br \/>\nDie propriet\u00e4re Compound Leverage-Technologie von SOG nutzt mehrere Drehpunkte, die im Verh\u00e4ltnis zur Zangenbewegung einen gr\u00f6\u00dferen Griffweg erzeugen. Das Ergebnis ist ein Hebelvorteil von etwa der doppelten Leistung eines herk\u00f6mmlichen Multitools, der jeden Schnitt glatter und einfacher macht.<\/p>\n<p>EDELSTAHLKONSTRUKTION 5CR15MOV<br \/>\nAllround-Edelst\u00e4hle mit \u00e4hnlichen Eigenschaften wie die besten Metalle der 440er-Serie, die eine gute Sch\u00e4rff\u00e4higkeit, gute Schnitthaltigkeit und hohe Korrosionsbest\u00e4ndigkeit bieten.<\/p>\n<p>PRODUKTGEWICHT<br \/>\n8,70 Unzen<br \/>\nUPC<br \/>\n729857008037<br \/>\nKLINGENSTAHLTYP<br \/>\nEdelstahl<br \/>\nHERKUNFTSLAND<br \/>\nChina<br \/>\nBEENDEN<br \/>\nStone Wash<br \/>\nWERKZEUGANZAHL<br \/>\n21<br \/>\nKLINGENSTAHLTYP<br \/>\nEdelstahl<br \/>\n1\/4&#8243;-ANTRIEB<br \/>\nJa<br \/>\n3-SEITIGE DATEI<br \/>\nJa<br \/>\nAHLE<br \/>\nJa<br \/>\nFLASCHEN\u00d6FFNER<br \/>\nJa<br \/>\nDOSEN\u00d6FFNER<br \/>\nJa<br \/>\nVOLLST\u00c4NDIG GEZAHNTE KLINGE<br \/>\nJa<br \/>\nGREIFER<br \/>\nJa<br \/>\nHartdrahtschneider<br \/>\nJa<br \/>\nMITTLERER FLACHSCHRAUBENDREHER<br \/>\nJa<br \/>\nSpitzzange<br \/>\nJa<br \/>\nPHILIPS-SCHRAUBENDREHER<br \/>\nJa<br \/>\nWINKELMESSER<br \/>\nJa<br \/>\nHERRSCHER<br \/>\nJa<br \/>\n12-TEILIGES SECHSKANT-BIT-KIT<br \/>\nJa<\/p>\n<p>&nbsp;<\/p>\n<p>&nbsp;<\/p>\n<p>&nbsp;<\/p>\n","protected":false},"excerpt":{"rendered":"<p>Egal, ob Sie andere besch\u00fctzen oder eine epische Jagdexpedition leiten, eine der allt\u00e4glichen Herausforderungen des Lebens meistern oder die bisher extremsten Bedingungen meistern, machen Sie sich mit <strong>SOG<\/strong> auf den Weg.<\/p>\n<p><strong>Wir geben auf alle SOG-Messer eine lebenslange Garantie!<\/strong><\/p>\n","protected":false},"featured_media":336391,"comment_status":"open","ping_status":"closed","template":"","meta":[],"pwb-brand":[3605],"product_brand":[],"product_cat":[3340],"product_tag":[3669],"class_list":{"0":"post-336381","1":"product","2":"type-product","3":"status-publish","4":"has-post-thumbnail","6":"pwb-brand-wie-g","7":"product_cat-multi-tool-de","8":"product_tag-b2b-de","10":"first","11":"instock","12":"taxable","13":"shipping-taxable","14":"purchasable","15":"product-type-simple"},"brands":[{"id":3605,"name":"WIE G","slug":"wie-g"}],"_links":{"self":[{"href":"https:\/\/www.moskito.cz\/de\/wp-json\/wp\/v2\/product\/336381","targetHints":{"allow":["GET"]}}],"collection":[{"href":"https:\/\/www.moskito.cz\/de\/wp-json\/wp\/v2\/product"}],"about":[{"href":"https:\/\/www.moskito.cz\/de\/wp-json\/wp\/v2\/types\/product"}],"replies":[{"embeddable":true,"href":"https:\/\/www.moskito.cz\/de\/wp-json\/wp\/v2\/comments?post=336381"}],"wp:featuredmedia":[{"embeddable":true,"href":"https:\/\/www.moskito.cz\/de\/wp-json\/wp\/v2\/media\/336391"}],"wp:attachment":[{"href":"https:\/\/www.moskito.cz\/de\/wp-json\/wp\/v2\/media?parent=336381"}],"wp:term":[{"taxonomy":"pwb-brand","embeddable":true,"href":"https:\/\/www.moskito.cz\/de\/wp-json\/wp\/v2\/pwb-brand?post=336381"},{"taxonomy":"product_brand","embeddable":true,"href":"https:\/\/www.moskito.cz\/de\/wp-json\/wp\/v2\/product_brand?post=336381"},{"taxonomy":"product_cat","embeddable":true,"href":"https:\/\/www.moskito.cz\/de\/wp-json\/wp\/v2\/product_cat?post=336381"},{"taxonomy":"product_tag","embeddable":true,"href":"https:\/\/www.moskito.cz\/de\/wp-json\/wp\/v2\/product_tag?post=336381"}],"curies":[{"name":"wp","href":"https:\/\/api.w.org\/{rel}","templated":true}]}}