{"id":336431,"date":"2022-04-26T20:53:17","date_gmt":"2024-04-22T14:48:32","guid":{"rendered":"https:\/\/www.moskito.cz\/produkt\/multifunktionszange-sog-powerlock-schwarze-schere-nylontasche\/"},"modified":"2025-05-07T11:13:18","modified_gmt":"2025-05-07T10:13:18","slug":"multifunktionszange-sog-powerlock-schwarze-schere-nylontasche","status":"publish","type":"product","link":"https:\/\/www.moskito.cz\/de\/produkt\/multifunktionszange-sog-powerlock-schwarze-schere-nylontasche\/","title":{"rendered":"Multifunktionszange SOG POWERLOCK SCHWARZE SCHERE NYLONTASCHE"},"content":{"rendered":"<p>Multifunktionszange <strong>SOG<\/strong> POWERLOCK SCHWARZE SCHERE NYLONTASCHE.<\/p>\n<p>Mit dem bew\u00e4hrten PowerLock-Chassis ist SOG das einzige Unternehmen, das die Compound Leverage-Technologie f\u00fcr die EOD (Explosive Ordnance Disposal) einsetzt. Dies erleichtert das Crimpen von D\u00fcsenabdeckungen und Abbruchleitungen mit weniger Handdruck. Ein weiteres einzigartiges Merkmal der SOG ist die Platzierung der Crimpvorrichtung im Griff und nicht im Backen der Zange wie bei allen anderen Designs. Dadurch werden Kollateralsch\u00e4den an der Crimpmaschine minimiert und der Bediener kann die ununterbrochene Oberfl\u00e4che der Zange voll ausnutzen. Zudem kommt es nicht zu einer Schw\u00e4chung der Zange, die h\u00e4ufig zum Bruch der Zangenspitzen f\u00fchrt. Crimpger\u00e4te erzeugen Crimp-freie, hochfeste Crimps, die den staatlichen Sicherungsspezifikationen entsprechen. Ein Hartdrahtschneider ist ebenfalls im Lieferumfang enthalten. Alles von der GSA genehmigt.<\/p>\n<p>Exklusiver SOG-Compound-Hebel<br \/>\nEine der n\u00fctzlichsten Innovationen in der Welt der Multifunktionswerkzeuge. Dadurch wird das \u00d6ffnen und Greifen wesentlich sanfter, einfacher und kraftvoller.<\/p>\n<p>Soldaten nutzen PowerLock an einigen der gef\u00e4hrlichsten Orte der Erde<br \/>\nSagen wir es so: Es ist durchaus in der Lage, die allt\u00e4glichen Aufgaben rund ums Haus oder am Arbeitsplatz zu bew\u00e4ltigen.<\/p>\n<p>18 Werkzeuge immer zur Hand<br \/>\nBeinhaltet Greifer, Hartdrahtmesser, Drahtcrimper, D\u00fcsencrimper, Doppelzahn-Holzs\u00e4ge, teilweise gezahnte Klinge, dreiseitige Feile, gro\u00dfer Schraubendreher, Kreuzschlitzschraubendreher, 1\/4-Zoll-Antrieb, Ahle, Dosen\u00f6ffner, kleiner Schraubendreher, Flaschen\u00f6ffner , mittlerer Schraubendreher, Schere und Lineal.<\/p>\n<p>420 EDELSTAHL<br \/>\nEdelstahl 420 bietet Korrosionsbest\u00e4ndigkeit und erh\u00f6hte Festigkeit und H\u00e4rte.<\/p>\n<p>VERBUNDHEBEL<br \/>\nDie patentierte Compound Leverage-Technologie von SOG nutzt mehrere Drehpunkte, die im Verh\u00e4ltnis zur Bewegung der Zange einen gr\u00f6\u00dferen Griffhub erzeugen. Das Ergebnis ist der Hebelwirkungsvorteil von etwa der doppelten Leistung eines herk\u00f6mmlichen Multifunktionswerkzeugs, wodurch jeder Schnitt glatter und einfacher wird.<\/p>\n<p>EOD-CRIMPER-GER\u00c4T<br \/>\nBefindet sich im Griff, um Kollateralsch\u00e4den an der Crimpvorrichtung zu minimieren und die volle Nutzung der ununterbrochenen Oberfl\u00e4che der Zange zu erm\u00f6glichen. Crimp-Crimpger\u00e4te erzeugen crimpfreie Crimps mit hoher Auszugsfestigkeit, die den staatlichen Sicherungsspezifikationen entsprechen.<\/p>\n<p>PRODUKTPARAMETER:<br \/>\nKLINGENST\u00c4RKE: 2 mm<br \/>\nKLINGENL\u00c4NGE: 7 cm<br \/>\nSTAHL: 420 Edelstahl<br \/>\nGEWICHT: 27,2 g<br \/>\nGRIFFMATERIAL: 420 Edelstahl<br \/>\nGESAMTGR\u00d6SSE: 17,8 cm<br \/>\nGEH\u00c4USEMATERIAL: Synthetisches Gewebe<br \/>\nGRIFFL\u00c4NGE: 11,7 cm<br \/>\nFarbe: Schwarz<br \/>\nSICHERUNGSART: Klappmechanismus<\/p>\n<p>&nbsp;<\/p>\n","protected":false},"excerpt":{"rendered":"<p>Egal, ob Sie andere besch\u00fctzen oder eine epische Jagdexpedition leiten, eine der allt\u00e4glichen Herausforderungen des Lebens meistern oder die bisher extremsten Bedingungen meistern, machen Sie sich mit <strong>SOG<\/strong> auf den Weg.<\/p>\n<p><strong>Wir geben auf alle SOG-Messer eine lebenslange Garantie!<\/strong><\/p>\n","protected":false},"featured_media":336432,"comment_status":"open","ping_status":"closed","template":"","meta":[],"pwb-brand":[3605],"product_brand":[],"product_cat":[3340],"product_tag":[3669],"class_list":{"0":"post-336431","1":"product","2":"type-product","3":"status-publish","4":"has-post-thumbnail","6":"pwb-brand-wie-g","7":"product_cat-multi-tool-de","8":"product_tag-b2b-de","10":"first","11":"instock","12":"taxable","13":"shipping-taxable","14":"purchasable","15":"product-type-simple"},"brands":[{"id":3605,"name":"WIE G","slug":"wie-g"}],"_links":{"self":[{"href":"https:\/\/www.moskito.cz\/de\/wp-json\/wp\/v2\/product\/336431","targetHints":{"allow":["GET"]}}],"collection":[{"href":"https:\/\/www.moskito.cz\/de\/wp-json\/wp\/v2\/product"}],"about":[{"href":"https:\/\/www.moskito.cz\/de\/wp-json\/wp\/v2\/types\/product"}],"replies":[{"embeddable":true,"href":"https:\/\/www.moskito.cz\/de\/wp-json\/wp\/v2\/comments?post=336431"}],"wp:featuredmedia":[{"embeddable":true,"href":"https:\/\/www.moskito.cz\/de\/wp-json\/wp\/v2\/media\/336432"}],"wp:attachment":[{"href":"https:\/\/www.moskito.cz\/de\/wp-json\/wp\/v2\/media?parent=336431"}],"wp:term":[{"taxonomy":"pwb-brand","embeddable":true,"href":"https:\/\/www.moskito.cz\/de\/wp-json\/wp\/v2\/pwb-brand?post=336431"},{"taxonomy":"product_brand","embeddable":true,"href":"https:\/\/www.moskito.cz\/de\/wp-json\/wp\/v2\/product_brand?post=336431"},{"taxonomy":"product_cat","embeddable":true,"href":"https:\/\/www.moskito.cz\/de\/wp-json\/wp\/v2\/product_cat?post=336431"},{"taxonomy":"product_tag","embeddable":true,"href":"https:\/\/www.moskito.cz\/de\/wp-json\/wp\/v2\/product_tag?post=336431"}],"curies":[{"name":"wp","href":"https:\/\/api.w.org\/{rel}","templated":true}]}}