{"id":336461,"date":"2021-10-16T20:04:31","date_gmt":"2021-10-16T19:04:31","guid":{"rendered":"https:\/\/www.moskito.cz\/produkt\/multifunktionszange-sog-powerassist-schwarzes-nylonbeutel\/"},"modified":"2024-04-22T15:51:27","modified_gmt":"2024-04-22T14:51:27","slug":"multifunktionszange-sog-powerassist-schwarzes-nylonbeutel","status":"publish","type":"product","link":"https:\/\/www.moskito.cz\/de\/produkt\/multifunktionszange-sog-powerassist-schwarzes-nylonbeutel\/","title":{"rendered":"Multifunktionszange SOG POWERASSIST SCHWARZES NYLONBEUTEL"},"content":{"rendered":"<p>Unsere Geschichte beginnt in Vietnam, wo Mitglieder der streng geheimen Spezialeinheit Amerikas \u2013 bekannt als MACV \u2013 <strong>SOG<\/strong> \u2013 auf verdeckten Missionen ein einzigartiges Geheimmesser in den Dschungel trugen. Einige Jahre sp\u00e4ter, 1986, inspirierte dieses Messer einen jungen Designer namens Spencer Frazer zur Gr\u00fcndung von <strong>SOG<\/strong> Specialty Knives. Seine Mission: das originale <strong>SOG-<\/strong> Bowiemesser zu reproduzieren und der Spezialeinheit, die es geschaffen hat, Tribut zu zollen. Was als einzelnes Gedenkmodell begann, entwickelte sich bald zu einer ganzen Reihe innovativer Werkzeuge \u2013 bew\u00e4hrt von US-Spezialeinheiten und sogar als Messer der Wahl der Navy SEALs ausgezeichnet. Heute werden SOG-Messer auch in den anspruchsvollsten Situationen selbstbewusst getragen. Aus Tradition geschmiedet, im Feld geh\u00e4rtet, f\u00fcr Sie gefeilt.<\/p>\n<p>Egal, ob Sie andere besch\u00fctzen oder eine epische Jagdexpedition leiten, eine der allt\u00e4glichen Herausforderungen des Lebens meistern oder die bisher extremsten Bedingungen meistern, machen Sie sich mit <strong>SOG<\/strong> auf den Weg.<\/p>\n<p>Multifunktionszange <strong>SOG<\/strong> POWERASSIST SCHWARZES NYLONBEUTEL.<\/p>\n<p>PowerAssist bringt Multitools auf ein neues Niveau. Es ist das erste weltweit, bei dem nicht nur ein, sondern zwei Messer mit der unterst\u00fctzten SOG-Technologie aufbewahrt werden. Beginnen Sie mit dem \u00d6ffnen der verf\u00fcgbaren Hauptmesser, wenn das Hauptwerkzeug geschlossen ist und das SAT \u00fcbernimmt, um das \u00d6ffnen abzuschlie\u00dfen. Bei Nichtgebrauch werden diese Messer mit unserer Seitenentriegelung arretiert. \u00d6ffnen Sie das Werkzeug und erleben Sie die Pr\u00e4zision der Leistungsf\u00e4higkeit von Hochleistungszangen und gro\u00dfen Drahtschneidern. Die glatten Oberfl\u00e4chen des Griffs sorgen f\u00fcr Komfort auch bei anspruchsvollsten Arbeiten. Es verf\u00fcgt au\u00dferdem \u00fcber Compound Leverage-Getriebeabdeckungen, eine langlebige Konstruktion, einen V-Cutter, integrierte Shaper und eine mattschwarze Oberfl\u00e4che f\u00fcr geringe Reflektivit\u00e4t.<\/p>\n<p>Haben Sie PowerAssist immer dabei<br \/>\nWenn Sie f\u00fcr ein entspanntes Patrouillenwochenende an der Seeh\u00fctte unterwegs sind, k\u00f6nnte sich das Hinzuf\u00fcgen des PowerAssist zu Ihrem Rucksack mit den wichtigsten Utensilien auszahlen, wenn Sie pl\u00f6tzlich etwas reparieren m\u00fcssen.<\/p>\n<p>Hochmodernes SOG-Multitool \u2013 16 Werkzeuge!<br \/>\nBeinhaltet Zange, Greifer, Hartdrahtschneider, Drahtzerkleinerer, Jet-Blade-Zange, gerade Klinge, vollgezahnte Klinge, 3-seitige Feile, gro\u00dfer Schraubendreher, Kreuzschlitzschraubendreher, Dosen\u00f6ffner, kleiner Schraubendreher, Flaschen\u00f6ffner, mittlerer Schraubendreher, V-Cutter und Herrscher.<\/p>\n<p>OXIDBESCHICHTETER 420 EDELSTAHL<br \/>\nBietet gute Kantenhaftung und Abriebfestigkeit.<\/p>\n<p>VERBUNDHEBEL<br \/>\nSanftes \u00d6ffnen und Schlie\u00dfen mit erh\u00f6hter Greifkraft.<\/p>\n<p>VON SOG UNTERST\u00dcTZTE TECHNOLOGIE<br \/>\nSAT bringt im Handumdrehen zwei Messer zusammen. Das erste Multitool seiner Art mit dieser Funktion.<\/p>\n<p>GESAMTL\u00c4NGE: 17,5 cm<br \/>\nGESCHLOSSENE L\u00c4NGE: 11,5 cm<br \/>\nPRODUKTGEWICHT: 9,60 oz<br \/>\nOBERFL\u00c4CHEN: Schwarzes Oxid<br \/>\nANZAHL DER WERKZEUGE: 16<br \/>\nGeh\u00e4use: Ballistisches Nylon<br \/>\nSTAHLKLINGENTYP: 420<br \/>\nGRIFFMATERIAL: Edelstahl 420<br \/>\nH\u00c4RTE: \u200b\u200bRC 51-53<br \/>\nUNTERST\u00dcTZTE \u00d6FFNUNG: Ja<\/p>\n<p>Der PowerAssist bringt Multitools auf ein neues Niveau. Dies ist das erste weltweit, das nicht nur ein, sondern zwei Rotorbl\u00e4tter mit SOG-unterst\u00fctzter Technologie beherbergt. Beginnen Sie mit dem \u00d6ffnen der Hauptklingen, die verf\u00fcgbar sind, wenn das Hauptwerkzeug geschlossen ist, und SAT \u00fcbernimmt die vollst\u00e4ndige \u00d6ffnung. Bei Nichtgebrauch verriegeln diese Klingen mithilfe unserer zum Patent angemeldeten Seitenentriegelung. Klappen Sie das Werkzeug auf und erleben Sie die Pr\u00e4zision der Hochleistungszange und des gro\u00dfen Drahtschneiders. Glatte Griffoberfl\u00e4chen sorgen f\u00fcr Komfort auch bei schwierigsten Arbeiten. Enth\u00e4lt au\u00dferdem Getriebeabdeckungen mit zusammengesetzter Hebelwirkung, eine robuste Konstruktion, einen V-Cutter, integrierte Crimpzangen und eine mattschwarze Oberfl\u00e4che f\u00fcr geringe Reflektivit\u00e4t.<\/p>\n<p>Nehmen Sie den PowerAssist immer mit<br \/>\nWenn Sie f\u00fcr ein entspanntes Wochenende auf Patrouille zum Ferienhaus am See fahren, kann es sich lohnen, einen PowerAssist in Ihren Bedarfsrucksack aufzunehmen, wenn Sie pl\u00f6tzlich etwas reparieren m\u00fcssen.<\/p>\n<p>Das funktionsreichste SOG-Multitool \u2013 16 Werkzeuge!<br \/>\nBeinhaltet Zange, Greifer, Hartdrahtschneider, Drahtcrimper, Sprengkappencrimper, gerade Klinge, vollst\u00e4ndig gezahnte Klinge, dreiseitige Feile, gro\u00dfer Schraubendreher, Kreuzschlitzschraubendreher, Dosen\u00f6ffner, kleiner Schraubendreher, Flaschen\u00f6ffner, mittlerer Schraubendreher, V- Cutter und Lineale<\/p>\n<p>GESAMTL\u00c4NGE<br \/>\n7&#8243;<br \/>\nGESCHLOSSENE L\u00c4NGE<br \/>\n4,60&#8243;<br \/>\nPRODUKTGEWICHT<br \/>\n9,60 Unzen<br \/>\nUPC<br \/>\n7-29857-99400-2<br \/>\nVORBESTELLUNGSDATUM<br \/>\nAN<br \/>\nIST VORBESTELLUNG<br \/>\nAN<br \/>\nEINGESTELLTES PRODUKT<br \/>\nAN<br \/>\nPRODUKTART<br \/>\nMehrfachwerkzeug<br \/>\nBEENDEN<br \/>\nSchwarzes Oxid<br \/>\nWERKZEUGANZAHL<br \/>\n16<br \/>\nLANYARD-LOCH<br \/>\nJa<br \/>\nVERPACKUNG<br \/>\nUnibox \u2013 Anzeigebereit<br \/>\nH\u00dcLLENMATERIAL<br \/>\nBallistisches Nylon<br \/>\nKLINGENSTAHLTYP<br \/>\n420<br \/>\nGRIFFMATERIAL<br \/>\n420 Edelstahl<br \/>\nH\u00c4RTE<br \/>\nRc. 51-53<br \/>\nVERRIEGELUNGSKLINGEN<br \/>\nJa<br \/>\nSPERRWERKZEUGE<br \/>\nJa<br \/>\nUNTERST\u00dcTZTE \u00d6FFNUNG<br \/>\nJa<\/p>\n<p>&nbsp;<\/p>\n","protected":false},"excerpt":{"rendered":"<p>Egal, ob Sie andere besch\u00fctzen oder eine epische Jagdexpedition leiten, eine der allt\u00e4glichen Herausforderungen des Lebens meistern oder die bisher extremsten Bedingungen meistern, machen Sie sich mit <strong>SOG<\/strong> auf den Weg.<\/p>\n<p><strong>Wir geben auf alle SOG-Messer eine lebenslange Garantie!<\/strong><\/p>\n","protected":false},"featured_media":336462,"comment_status":"open","ping_status":"closed","template":"","meta":[],"pwb-brand":[3605],"product_brand":[],"product_cat":[3340],"product_tag":[3669],"class_list":{"0":"post-336461","1":"product","2":"type-product","3":"status-publish","4":"has-post-thumbnail","6":"pwb-brand-wie-g","7":"product_cat-multi-tool-de","8":"product_tag-b2b-de","10":"first","11":"instock","12":"taxable","13":"shipping-taxable","14":"purchasable","15":"product-type-simple"},"brands":[{"id":3605,"name":"WIE G","slug":"wie-g"}],"_links":{"self":[{"href":"https:\/\/www.moskito.cz\/de\/wp-json\/wp\/v2\/product\/336461","targetHints":{"allow":["GET"]}}],"collection":[{"href":"https:\/\/www.moskito.cz\/de\/wp-json\/wp\/v2\/product"}],"about":[{"href":"https:\/\/www.moskito.cz\/de\/wp-json\/wp\/v2\/types\/product"}],"replies":[{"embeddable":true,"href":"https:\/\/www.moskito.cz\/de\/wp-json\/wp\/v2\/comments?post=336461"}],"wp:featuredmedia":[{"embeddable":true,"href":"https:\/\/www.moskito.cz\/de\/wp-json\/wp\/v2\/media\/336462"}],"wp:attachment":[{"href":"https:\/\/www.moskito.cz\/de\/wp-json\/wp\/v2\/media?parent=336461"}],"wp:term":[{"taxonomy":"pwb-brand","embeddable":true,"href":"https:\/\/www.moskito.cz\/de\/wp-json\/wp\/v2\/pwb-brand?post=336461"},{"taxonomy":"product_brand","embeddable":true,"href":"https:\/\/www.moskito.cz\/de\/wp-json\/wp\/v2\/product_brand?post=336461"},{"taxonomy":"product_cat","embeddable":true,"href":"https:\/\/www.moskito.cz\/de\/wp-json\/wp\/v2\/product_cat?post=336461"},{"taxonomy":"product_tag","embeddable":true,"href":"https:\/\/www.moskito.cz\/de\/wp-json\/wp\/v2\/product_tag?post=336461"}],"curies":[{"name":"wp","href":"https:\/\/api.w.org\/{rel}","templated":true}]}}