{"id":336547,"date":"2022-01-07T21:58:58","date_gmt":"2024-04-22T14:59:51","guid":{"rendered":"https:\/\/www.moskito.cz\/produkt\/axt-sog-voodoo-hawk-mini-satin\/"},"modified":"2025-05-07T11:13:20","modified_gmt":"2025-05-07T10:13:20","slug":"axt-sog-voodoo-hawk-mini-satin","status":"publish","type":"product","link":"https:\/\/www.moskito.cz\/de\/produkt\/axt-sog-voodoo-hawk-mini-satin\/","title":{"rendered":"Axt SOG VOODOO HAWK MINI &#8211; SATIN"},"content":{"rendered":"<p>Der urspr\u00fcngliche SOG Voodoo Hawk wurde als Kombination unseres taktischen Tomahawk und FastHawk entwickelt. Dieser Voodoo Hawk Mini ist kleiner und leichter und verf\u00fcgt dennoch \u00fcber die gleichen Komponenten; verl\u00e4ngerter Schneidkopf, Stechdorn, kompakter Griff aus glasfaserverst\u00e4rktem Nylon und Metallkopf. Der Voodoo Hawk Mini hat alles, was der Voodoo Hawk hat, aber in einer kleineren, kompakteren Form, ideal f\u00fcr Outdoor-Reisende wie Rucksacktouristen, Wanderer, J\u00e4ger oder Bootsfahrer. Der haltbare Griff aus glasfaserverst\u00e4rktem Nylon h\u00e4lt St\u00f6\u00dfen stand und bleibt dabei stabil. Ein gro\u00dfartiges Werkzeug f\u00fcr alles, was man darauf werfen kann. Inklusive Nylon-Tragetasche.<\/p>\n<p>Axt <strong>SOG<\/strong> VOODOO HAWK MINI &#8211; SATIN<\/p>\n<p>GESAMTL\u00c4NGE: 31 cm<br \/>\nPRODUKTGEWICHT: 23,10 oz<br \/>\nKLINGENL\u00c4NGE: 7 cm<br \/>\nAUSF\u00dcHRUNGEN: Satin<br \/>\nH\u00c4RTE: \u200b\u200bRc. 46-52<br \/>\nKLINGENSTAHLTYP: 3Cr13MoV<br \/>\nKANTENTYP: Gerade<br \/>\nGRIFFMATERIAL: Mit Glas verst\u00e4rktes Nylon<br \/>\nGRIFFFARBE: Schwarz<br \/>\nEtui im \u200b\u200bLieferumfang enthalten: Ja<br \/>\nBLATTFARBE: Schwarz<br \/>\nBLATTMATERIAL: Ballistisches Nylon<\/p>\n","protected":false},"excerpt":{"rendered":"<p><strong>IDEAL F\u00dcR DIE JAGD UND CAMPING<\/strong><\/p>\n<p>Ganz gleich, ob Sie andere besch\u00fctzen oder eine epische Jagdexpedition leiten, eine der allt\u00e4glichen Herausforderungen des Lebens meistern oder die bisher extremsten Bedingungen meistern \u2013 machen Sie sich mit SOG auf den Weg.<\/p>\n<p><strong>Wir geben auf alle SOG-Messer eine lebenslange Garantie!<\/strong><\/p>\n","protected":false},"featured_media":336548,"comment_status":"open","ping_status":"closed","template":"","meta":[],"pwb-brand":[3605],"product_brand":[],"product_cat":[3301],"product_tag":[3669],"class_list":{"0":"post-336547","1":"product","2":"type-product","3":"status-publish","4":"has-post-thumbnail","6":"pwb-brand-wie-g","7":"product_cat-axte","8":"product_tag-b2b-de","10":"first","11":"outofstock","12":"taxable","13":"shipping-taxable","14":"purchasable","15":"product-type-simple"},"brands":[{"id":3605,"name":"WIE G","slug":"wie-g"}],"_links":{"self":[{"href":"https:\/\/www.moskito.cz\/de\/wp-json\/wp\/v2\/product\/336547","targetHints":{"allow":["GET"]}}],"collection":[{"href":"https:\/\/www.moskito.cz\/de\/wp-json\/wp\/v2\/product"}],"about":[{"href":"https:\/\/www.moskito.cz\/de\/wp-json\/wp\/v2\/types\/product"}],"replies":[{"embeddable":true,"href":"https:\/\/www.moskito.cz\/de\/wp-json\/wp\/v2\/comments?post=336547"}],"wp:featuredmedia":[{"embeddable":true,"href":"https:\/\/www.moskito.cz\/de\/wp-json\/wp\/v2\/media\/336548"}],"wp:attachment":[{"href":"https:\/\/www.moskito.cz\/de\/wp-json\/wp\/v2\/media?parent=336547"}],"wp:term":[{"taxonomy":"pwb-brand","embeddable":true,"href":"https:\/\/www.moskito.cz\/de\/wp-json\/wp\/v2\/pwb-brand?post=336547"},{"taxonomy":"product_brand","embeddable":true,"href":"https:\/\/www.moskito.cz\/de\/wp-json\/wp\/v2\/product_brand?post=336547"},{"taxonomy":"product_cat","embeddable":true,"href":"https:\/\/www.moskito.cz\/de\/wp-json\/wp\/v2\/product_cat?post=336547"},{"taxonomy":"product_tag","embeddable":true,"href":"https:\/\/www.moskito.cz\/de\/wp-json\/wp\/v2\/product_tag?post=336547"}],"curies":[{"name":"wp","href":"https:\/\/api.w.org\/{rel}","templated":true}]}}