{"id":336631,"date":"2023-11-19T20:36:29","date_gmt":"2023-11-19T19:36:29","guid":{"rendered":"https:\/\/www.moskito.cz\/produkt\/spyderco-manix-2-xl-c95gpbbk2-klappmesser\/"},"modified":"2025-05-07T11:13:22","modified_gmt":"2025-05-07T10:13:22","slug":"spyderco-manix-2-xl-c95gpbbk2-klappmesser","status":"publish","type":"product","link":"https:\/\/www.moskito.cz\/de\/produkt\/spyderco-manix-2-xl-c95gpbbk2-klappmesser\/","title":{"rendered":"Spyderco Manix 2 XL C95GPBBK2 Klappmesser"},"content":{"rendered":"<p><strong>Spyderco<\/strong> Manix 2 XL C95GPBBK2 Klappmesser<\/p>\n<p>Wenn Sie ein Fan gro\u00dfer Messer sind, ist <strong>das Manix 2 XL<\/strong> das richtige Messer f\u00fcr Sie. Es verf\u00fcgt \u00fcber die gleichen Qualit\u00e4ten wie das Manix 2, jedoch in einem extragro\u00dfen Format, das perfekt f\u00fcr gro\u00dfe H\u00e4nde und gro\u00dfe Schnitte geeignet ist. Seine CPM S30V-Klinge verf\u00fcgt \u00fcber einen v\u00f6llig flachen Schliff f\u00fcr die ideale Synthese aus Festigkeit und Klingengeometrie. Dieses <strong>Manix 2 XL<\/strong> verf\u00fcgt \u00fcber eine nicht reflektierende Klingenoberfl\u00e4che aus diamant\u00e4hnlichem Carbon (DLC) mit passender schwarzer Hardware und einem Clip mit skelettierten Eins\u00e4tzen. Beide verf\u00fcgen \u00fcber einen schwarzen Polymerk\u00e4fig mit Kugellager-Verriegelungsmechanismus.<\/p>\n<p>Funktion:<br \/>\nH\u00e4ndigkeit\/Lateralit\u00e4t: rechts\/links<br \/>\nVerriegelungsmechanismus: Verriegelung mit Kugellager<br \/>\nJimping: Spine &amp; Choil<br \/>\nLoch f\u00fcr Lanyard: Ja<br \/>\nKlingenstahl: CPM-S30V<br \/>\nGriffmaterial: Schwarzes G-10<br \/>\nKlingenschliff: Flachschliff<br \/>\nKantenkonfiguration: Einfach<br \/>\nSpezifikationen:<br \/>\nGeschlossen: 12,9 cm<br \/>\nGesamt: 22,7 cm<br \/>\nKlinge: 9,8 cm<br \/>\nKantenkonfiguration: Einfach<br \/>\nKlingenst\u00e4rke: 0,32 cm<br \/>\nStahl: CPM S30V<br \/>\nGewicht: 147 g<br \/>\nSchleifen: V\u00f6llig flach<br \/>\nClip: Flip \/ Reversibel<br \/>\nHergestellt in den USA<\/p>\n","protected":false},"excerpt":{"rendered":"<p><strong>Wenn Sie ein Fan gro\u00dfer Messer sind, ist das Manix 2 XL das richtige Messer f\u00fcr Sie.<\/strong><\/p>\n<p><strong>Kostenloser Transport.<\/strong><\/p>\n","protected":false},"featured_media":336646,"comment_status":"open","ping_status":"closed","template":"","meta":[],"pwb-brand":[3427],"product_brand":[],"product_cat":[3303,3285],"product_tag":[3669],"class_list":{"0":"post-336631","1":"product","2":"type-product","3":"status-publish","4":"has-post-thumbnail","6":"pwb-brand-spyderco-de","7":"product_cat-schliesmesser","8":"product_cat-messer","9":"product_tag-b2b-de","11":"first","12":"instock","13":"taxable","14":"shipping-taxable","15":"purchasable","16":"product-type-simple"},"brands":[{"id":3427,"name":"Spyderco","slug":"spyderco-de"}],"_links":{"self":[{"href":"https:\/\/www.moskito.cz\/de\/wp-json\/wp\/v2\/product\/336631","targetHints":{"allow":["GET"]}}],"collection":[{"href":"https:\/\/www.moskito.cz\/de\/wp-json\/wp\/v2\/product"}],"about":[{"href":"https:\/\/www.moskito.cz\/de\/wp-json\/wp\/v2\/types\/product"}],"replies":[{"embeddable":true,"href":"https:\/\/www.moskito.cz\/de\/wp-json\/wp\/v2\/comments?post=336631"}],"wp:featuredmedia":[{"embeddable":true,"href":"https:\/\/www.moskito.cz\/de\/wp-json\/wp\/v2\/media\/336646"}],"wp:attachment":[{"href":"https:\/\/www.moskito.cz\/de\/wp-json\/wp\/v2\/media?parent=336631"}],"wp:term":[{"taxonomy":"pwb-brand","embeddable":true,"href":"https:\/\/www.moskito.cz\/de\/wp-json\/wp\/v2\/pwb-brand?post=336631"},{"taxonomy":"product_brand","embeddable":true,"href":"https:\/\/www.moskito.cz\/de\/wp-json\/wp\/v2\/product_brand?post=336631"},{"taxonomy":"product_cat","embeddable":true,"href":"https:\/\/www.moskito.cz\/de\/wp-json\/wp\/v2\/product_cat?post=336631"},{"taxonomy":"product_tag","embeddable":true,"href":"https:\/\/www.moskito.cz\/de\/wp-json\/wp\/v2\/product_tag?post=336631"}],"curies":[{"name":"wp","href":"https:\/\/api.w.org\/{rel}","templated":true}]}}