{"id":336676,"date":"2022-01-05T22:13:45","date_gmt":"2024-04-23T09:13:12","guid":{"rendered":"https:\/\/www.moskito.cz\/produkt\/sog-wurfhawks-3er-pack-nylon-schutz\/"},"modified":"2025-05-07T11:13:23","modified_gmt":"2025-05-07T10:13:23","slug":"sog-wurfhawks-3er-pack-nylon-schutz","status":"publish","type":"product","link":"https:\/\/www.moskito.cz\/de\/produkt\/sog-wurfhawks-3er-pack-nylon-schutz\/","title":{"rendered":"SOG-WURFHAWKS \u2013 3ER-PACK, NYLON-SCHUTZ"},"content":{"rendered":"<p>Bringen Sie das Zielwerfen auf die n\u00e4chste Stufe mit dem Throwing Hawk Set, einem Dreierpack einteiliger Stahlfalken mit mit Paracord umwickelten Griffen, die f\u00fcr das Zielwerfen entwickelt wurden. Fordern Sie Ihre Freunde um die Vorherrschaft im Hinterhof heraus. Diese stilisierten Wurffalken machen nicht nur Spa\u00df beim Fliegen durch die Luft, sie sind auch praktisch. Sie sind durch eine harte schwarze SOG-Beschichtung gesch\u00fctzt und \u00e4u\u00dferst kratzfest. Ihre Balance, Aerodynamik und Proportionen machen sie zu gro\u00dfartigen Wurffalken. Aus den gleichen Gr\u00fcnden eignen sie sich auch hervorragend als Backup-Werkzeug f\u00fcr den Feldeinsatz. Die Griffe sind mit Paracord umwickelt oder k\u00f6nnen auch ohne verwendet werden, und Sie haben drei Tomahawks zum Preis von einem! Inklusive Nylonetui zum sicheren Transport aller drei.<\/p>\n<p><strong>SOG-<\/strong> WURFHAWKS \u2013 3ER-PACK, NYLON-SCHUTZ<\/p>\n<p>GESAMTL\u00c4NGE: 27 cm<br \/>\nPRODUKTGEWICHT: 25,40 oz<br \/>\nKLINGENL\u00c4NGE: 4,5 cm<br \/>\nH\u00c4RTE: \u200b\u200bRc. 50-56<br \/>\nKLINGENSTAHLTYP: 3Cr13MoV<br \/>\nGRIFFMATERIAL: Mit Glas verst\u00e4rktes Nylon<br \/>\nGRIFFFARBE: Schwarz<br \/>\nEtui im \u200b\u200bLieferumfang enthalten: Ja<br \/>\nBLATTFARBE: Schwarz<br \/>\nBLATTMATERIAL: Ballistisches Nylon<\/p>\n","protected":false},"excerpt":{"rendered":"<p><strong>IDEAL F\u00dcR DIE JAGD UND CAMPING<\/strong><\/p>\n<p>Egal, ob Sie andere besch\u00fctzen oder eine epische Jagdexpedition leiten, eine der allt\u00e4glichen Herausforderungen des Lebens meistern oder die bisher extremsten Bedingungen meistern, machen Sie sich mit <strong>SOG<\/strong> auf den Weg.<\/p>\n<p><strong>Wir geben auf alle SOG-Messer eine lebenslange Garantie!<\/strong><\/p>\n","protected":false},"featured_media":336677,"comment_status":"open","ping_status":"closed","template":"","meta":[],"pwb-brand":[],"product_brand":[],"product_cat":[3301],"product_tag":[3669],"class_list":{"0":"post-336676","1":"product","2":"type-product","3":"status-publish","4":"has-post-thumbnail","6":"product_cat-axte","7":"product_tag-b2b-de","9":"first","10":"outofstock","11":"taxable","12":"shipping-taxable","13":"purchasable","14":"product-type-simple"},"brands":[],"_links":{"self":[{"href":"https:\/\/www.moskito.cz\/de\/wp-json\/wp\/v2\/product\/336676","targetHints":{"allow":["GET"]}}],"collection":[{"href":"https:\/\/www.moskito.cz\/de\/wp-json\/wp\/v2\/product"}],"about":[{"href":"https:\/\/www.moskito.cz\/de\/wp-json\/wp\/v2\/types\/product"}],"replies":[{"embeddable":true,"href":"https:\/\/www.moskito.cz\/de\/wp-json\/wp\/v2\/comments?post=336676"}],"wp:featuredmedia":[{"embeddable":true,"href":"https:\/\/www.moskito.cz\/de\/wp-json\/wp\/v2\/media\/336677"}],"wp:attachment":[{"href":"https:\/\/www.moskito.cz\/de\/wp-json\/wp\/v2\/media?parent=336676"}],"wp:term":[{"taxonomy":"pwb-brand","embeddable":true,"href":"https:\/\/www.moskito.cz\/de\/wp-json\/wp\/v2\/pwb-brand?post=336676"},{"taxonomy":"product_brand","embeddable":true,"href":"https:\/\/www.moskito.cz\/de\/wp-json\/wp\/v2\/product_brand?post=336676"},{"taxonomy":"product_cat","embeddable":true,"href":"https:\/\/www.moskito.cz\/de\/wp-json\/wp\/v2\/product_cat?post=336676"},{"taxonomy":"product_tag","embeddable":true,"href":"https:\/\/www.moskito.cz\/de\/wp-json\/wp\/v2\/product_tag?post=336676"}],"curies":[{"name":"wp","href":"https:\/\/api.w.org\/{rel}","templated":true}]}}