{"id":336697,"date":"2021-10-18T21:45:51","date_gmt":"2024-04-23T09:43:55","guid":{"rendered":"https:\/\/www.moskito.cz\/produkt\/sog-wurfmesser-set-bestehend-aus-3-stueck\/"},"modified":"2025-05-07T11:13:24","modified_gmt":"2025-05-07T10:13:24","slug":"sog-wurfmesser-set-bestehend-aus-3-stueck","status":"publish","type":"product","link":"https:\/\/www.moskito.cz\/de\/produkt\/sog-wurfmesser-set-bestehend-aus-3-stueck\/","title":{"rendered":"SOG Wurfmesser SET bestehend aus 3 St\u00fcck"},"content":{"rendered":"<p>Unsere Geschichte beginnt in Vietnam, wo Mitglieder der streng geheimen Spezialeinheit Amerikas \u2013 bekannt als MACV \u2013 <strong>SOG<\/strong> \u2013 auf verdeckten Missionen ein einzigartiges Geheimmesser in den Dschungel trugen. Einige Jahre sp\u00e4ter, 1986, inspirierte dieses Messer einen jungen Designer namens Spencer Frazer zur Gr\u00fcndung von <strong>SOG<\/strong> Specialty Knives. Seine Mission: das originale <strong>SOG-<\/strong> Bowiemesser zu reproduzieren und der Spezialeinheit, die es geschaffen hat, Tribut zu zollen. Was als einzelnes Gedenkmodell begann, entwickelte sich bald zu einer ganzen Reihe innovativer Werkzeuge \u2013 bew\u00e4hrt von US-Spezialeinheiten und sogar als Messer der Wahl der Navy SEALs ausgezeichnet. Heute werden SOG-Messer auch in den anspruchsvollsten Situationen selbstbewusst getragen. Aus Tradition geschmiedet, im Feld geh\u00e4rtet, f\u00fcr Sie gefeilt.<\/p>\n<p>Egal, ob Sie andere besch\u00fctzen oder eine epische Jagdexpedition leiten, eine der allt\u00e4glichen Herausforderungen des Lebens meistern oder die bisher extremsten Bedingungen meistern, machen Sie sich mit <strong>SOG<\/strong> auf den Weg.<\/p>\n<p><strong>SOG<\/strong> Wurfmesser SET bestehend aus 3 St\u00fcck.<\/p>\n<p>Wurfmesser sind traditionellen Wurfmessern nachempfunden und eignen sich ideal f\u00fcr Gartenwettbewerbe. Jeder Messergriff ist mit 7 Fu\u00df Paracord umwickelt, sodass Sie insgesamt 21 Fu\u00df haben, perfekt f\u00fcr unerwartete Situationen. Zu den drei Messern geh\u00f6rt au\u00dferdem eine ballistische Nylonscheide. Sehen Sie, wer als Erster ins Schwarze trifft!<\/p>\n<p>GESAMTL\u00c4NGE: 24 cm<br \/>\nPRODUKTGEWICHT: 5,40 oz<br \/>\nKLINGENL\u00c4NGE: 7 cm<br \/>\nPRODUKTTYP: Wurfmesser, feststehende Klinge<br \/>\nAUSF\u00dcHRUNGEN: Satin<br \/>\nSTAHLKLINGENTYP: 3Cr13<br \/>\nKLINGENFORM: Speerspitze<br \/>\nGRIFFMATERIAL: Paracord umwickelt<br \/>\nGRIFFFARBE: Gr\u00fcn, Hellbraun<br \/>\nH\u00c4RTE: \u200b\u200bRC 49-51<br \/>\nABDECKUNG INKLUSIVE: Ja<br \/>\nBLATTFARBE: Schwarz<br \/>\nVERSCHLUSSART DER JACKE: Klettverschluss<br \/>\nBLATTMATERIAL: Ballistisches Nylon<\/p>\n<p>Die Fling-Messer sind traditionellen Wurfmessern nachempfunden und eignen sich perfekt f\u00fcr Gartenwettbewerbe. Jeder Messergriff ist mit 7 Fu\u00df Paracord umwickelt, sodass Sie insgesamt 21 Fu\u00df haben, perfekt f\u00fcr unerwartete Situationen. Im Lieferumfang der drei Messer ist au\u00dferdem eine Tragetasche aus ballistischem Nylon enthalten. Sehen Sie, wer als Erster ins Schwarze trifft!<\/p>\n<p>GESAMTL\u00c4NGE<br \/>\n9,5&#8243;<br \/>\nPRODUKTGEWICHT<br \/>\n5,40 Unzen<br \/>\nKLINGENL\u00c4NGE<br \/>\n2,8&#8243;<br \/>\nKLINGENDICKE<br \/>\n0,14&#8243;<br \/>\nUPC<br \/>\n7-29857-99893-2<br \/>\nIST VORBESTELLUNG<br \/>\nAN<br \/>\nVORBESTELLUNGSDATUM<br \/>\nAN<br \/>\nPRODUKTART<br \/>\nWurfmesser, feste Klinge<br \/>\nHERKUNFTSLAND<br \/>\nChina<br \/>\nVERPACKUNG<br \/>\nUnibox \u2013 Anzeigebereit<br \/>\nGRAVIERBAR<br \/>\nJa<br \/>\nBEENDEN<br \/>\nSatin<br \/>\nKANTENTYP<br \/>\nGerade<br \/>\nKLINGENSTAHLTYP<br \/>\n3Cr13<br \/>\nKLINGENFORM<br \/>\nSpeerspitze<br \/>\nGRIFFMATERIAL<br \/>\nMit Paracord umwickelt<br \/>\nGRIFFFARBE<br \/>\nGr\u00fcn, Hellbraun<br \/>\nH\u00c4RTE<br \/>\nRc. 49-51<br \/>\nH\u00dcLLE INKLUSIVE<br \/>\nJa<br \/>\nMantelfarbe<br \/>\nSchwarz<br \/>\nTYP DER H\u00dcLLENBEFESTIGUNG<br \/>\nG\u00fcrtelschlaufe<br \/>\nVERSCHLUSSART DER H\u00dcLLE<br \/>\nKlettverschluss<br \/>\nH\u00dcLLENMATERIAL<br \/>\nBallistisches Nylon<\/p>\n","protected":false},"excerpt":{"rendered":"<p>Egal, ob Sie andere besch\u00fctzen oder eine epische Jagdexpedition leiten, eine der allt\u00e4glichen Herausforderungen des Lebens meistern oder die bisher extremsten Bedingungen meistern, machen Sie sich mit <strong>SOG<\/strong> auf den Weg.<\/p>\n<p><strong>Wir geben auf alle SOG-Messer eine lebenslange Garantie!<\/strong><\/p>\n","protected":false},"featured_media":336698,"comment_status":"open","ping_status":"closed","template":"","meta":[],"pwb-brand":[3605],"product_brand":[],"product_cat":[3285,3542],"product_tag":[3669],"class_list":{"0":"post-336697","1":"product","2":"type-product","3":"status-publish","4":"has-post-thumbnail","6":"pwb-brand-wie-g","7":"product_cat-messer","8":"product_cat-messer-werfen","9":"product_tag-b2b-de","11":"first","12":"outofstock","13":"taxable","14":"shipping-taxable","15":"purchasable","16":"product-type-simple"},"brands":[{"id":3605,"name":"WIE G","slug":"wie-g"}],"_links":{"self":[{"href":"https:\/\/www.moskito.cz\/de\/wp-json\/wp\/v2\/product\/336697","targetHints":{"allow":["GET"]}}],"collection":[{"href":"https:\/\/www.moskito.cz\/de\/wp-json\/wp\/v2\/product"}],"about":[{"href":"https:\/\/www.moskito.cz\/de\/wp-json\/wp\/v2\/types\/product"}],"replies":[{"embeddable":true,"href":"https:\/\/www.moskito.cz\/de\/wp-json\/wp\/v2\/comments?post=336697"}],"wp:featuredmedia":[{"embeddable":true,"href":"https:\/\/www.moskito.cz\/de\/wp-json\/wp\/v2\/media\/336698"}],"wp:attachment":[{"href":"https:\/\/www.moskito.cz\/de\/wp-json\/wp\/v2\/media?parent=336697"}],"wp:term":[{"taxonomy":"pwb-brand","embeddable":true,"href":"https:\/\/www.moskito.cz\/de\/wp-json\/wp\/v2\/pwb-brand?post=336697"},{"taxonomy":"product_brand","embeddable":true,"href":"https:\/\/www.moskito.cz\/de\/wp-json\/wp\/v2\/product_brand?post=336697"},{"taxonomy":"product_cat","embeddable":true,"href":"https:\/\/www.moskito.cz\/de\/wp-json\/wp\/v2\/product_cat?post=336697"},{"taxonomy":"product_tag","embeddable":true,"href":"https:\/\/www.moskito.cz\/de\/wp-json\/wp\/v2\/product_tag?post=336697"}],"curies":[{"name":"wp","href":"https:\/\/api.w.org\/{rel}","templated":true}]}}