{"id":336713,"date":"2022-11-05T21:07:41","date_gmt":"2022-11-05T20:07:41","guid":{"rendered":"https:\/\/www.moskito.cz\/produkt\/massives-messer-cold-steel-razor-tek-klinge-5-mm-dick\/"},"modified":"2024-04-23T12:19:43","modified_gmt":"2024-04-23T11:19:43","slug":"massives-messer-cold-steel-razor-tek-klinge-5-mm-dick","status":"publish","type":"product","link":"https:\/\/www.moskito.cz\/de\/produkt\/massives-messer-cold-steel-razor-tek-klinge-5-mm-dick\/","title":{"rendered":"Massives Messer Cold Steel RAZOR TEK KLINGE 5 MM DICK"},"content":{"rendered":"<p>Massives Messer <strong>Cold Steel<\/strong> RAZOR TEK KLINGE 5 MM DICK.<\/p>\n<p>Es ist das gr\u00f6\u00dfte Modell der Razor Tek-Serie und verf\u00fcgt \u00fcber eine 6,5 Zoll und 5 mm dicke, gebogene Klinge. Dieses Messer eignet sich hervorragend f\u00fcr gr\u00f6\u00dfere Unternehmen. Die gebogene Klinge und der nach vorne gerichtete Bauch sorgen f\u00fcr einen tollen H\u00e4cksler. Mit einem ergonomischen und strukturierten Griff haben Sie eine Klinge, die zu Ihrem n\u00e4chsten Ausflug in die Wildnis passt. Diese Klinge bringt Sie hin und zur\u00fcck. Inklusive Secure-Ex-Koffer<\/p>\n<p>PRODUKTPARAMETER<br \/>\nFarbe: Schwarz\/Silber<br \/>\nGesamtgr\u00f6\u00dfe: 295 mm<br \/>\nGewicht: 331 g<br \/>\nGriffmaterial: GFN<br \/>\nGriffl\u00e4nge: 130 mm<br \/>\nStahl: 4116SS<br \/>\nKlingenst\u00e4rke: 4,6 mm<br \/>\nKlingenl\u00e4nge: 165 mm<\/p>\n","protected":false},"excerpt":{"rendered":"<p><strong>Ein gro\u00dfes Messer mit glatter Schneide und einer Klingenl\u00e4nge von 165 mm. Das Messer wird mit einer Secure-Ex-Scheide geliefert.<\/strong><\/p>\n","protected":false},"featured_media":336714,"comment_status":"open","ping_status":"closed","template":"","meta":[],"pwb-brand":[3602],"product_brand":[],"product_cat":[3287,3285],"product_tag":[3669],"class_list":{"0":"post-336713","1":"product","2":"type-product","3":"status-publish","4":"has-post-thumbnail","6":"pwb-brand-kalter-stahl","7":"product_cat-solide-messer","8":"product_cat-messer","9":"product_tag-b2b-de","11":"first","12":"instock","13":"taxable","14":"shipping-taxable","15":"purchasable","16":"product-type-simple"},"brands":[{"id":3602,"name":"Kalter Stahl","slug":"kalter-stahl"}],"_links":{"self":[{"href":"https:\/\/www.moskito.cz\/de\/wp-json\/wp\/v2\/product\/336713","targetHints":{"allow":["GET"]}}],"collection":[{"href":"https:\/\/www.moskito.cz\/de\/wp-json\/wp\/v2\/product"}],"about":[{"href":"https:\/\/www.moskito.cz\/de\/wp-json\/wp\/v2\/types\/product"}],"replies":[{"embeddable":true,"href":"https:\/\/www.moskito.cz\/de\/wp-json\/wp\/v2\/comments?post=336713"}],"wp:featuredmedia":[{"embeddable":true,"href":"https:\/\/www.moskito.cz\/de\/wp-json\/wp\/v2\/media\/336714"}],"wp:attachment":[{"href":"https:\/\/www.moskito.cz\/de\/wp-json\/wp\/v2\/media?parent=336713"}],"wp:term":[{"taxonomy":"pwb-brand","embeddable":true,"href":"https:\/\/www.moskito.cz\/de\/wp-json\/wp\/v2\/pwb-brand?post=336713"},{"taxonomy":"product_brand","embeddable":true,"href":"https:\/\/www.moskito.cz\/de\/wp-json\/wp\/v2\/product_brand?post=336713"},{"taxonomy":"product_cat","embeddable":true,"href":"https:\/\/www.moskito.cz\/de\/wp-json\/wp\/v2\/product_cat?post=336713"},{"taxonomy":"product_tag","embeddable":true,"href":"https:\/\/www.moskito.cz\/de\/wp-json\/wp\/v2\/product_tag?post=336713"}],"curies":[{"name":"wp","href":"https:\/\/api.w.org\/{rel}","templated":true}]}}