{"id":336731,"date":"2023-03-25T20:30:30","date_gmt":"2024-04-23T11:55:02","guid":{"rendered":"https:\/\/www.moskito.cz\/produkt\/klappmesser-cold-steel-talwar-55-full-serrated-edge-s35vn\/"},"modified":"2025-05-07T11:13:25","modified_gmt":"2025-05-07T10:13:25","slug":"klappmesser-cold-steel-talwar-55-full-serrated-edge-s35vn","status":"publish","type":"product","link":"https:\/\/www.moskito.cz\/de\/produkt\/klappmesser-cold-steel-talwar-55-full-serrated-edge-s35vn\/","title":{"rendered":"Klappmesser Cold Steel TALWAR 5,5&#8243; FULL SERRATED EDGE S35VN"},"content":{"rendered":"<p>Klappmesser <strong>Cold Steel<\/strong> TALWAR 5,5&#8243; FULL SERRATED EDGE S35VN<\/p>\n<p>\u201eWenn Sie mir bei den Schneiddemonstrationen zugesehen haben, haben Sie zweifellos gesehen, dass ich eine gro\u00dfe 5\u00bd\u201c-Maschine verwende. Talwar. Warum? Denn seine Klinge ist besonders breit, hat einen d\u00fcnnen V-f\u00f6rmigen Querschnitt und eine nach oben gerichtete Spitze. All diese Eigenschaften machen es zu einem der besten Hochleistungs-Klappmesser der Welt. Sie werden nicht sehen, dass unsere Mitbewerber die Schnittleistung des 5 1\/2-Zoll-Talwar erreichen, und zwar aus einem Grund: Sie k\u00f6nnen es nicht! Unser gro\u00dfes Talwar wird mit einem superstarken G-10-Griff und einem un\u00fcbertroffenen Tri-AD-Verriegelungsmechanismus verkauft und ist eine Sch\u00f6nheit, wenn Sie von einem Klappmesser gro\u00dfe Leistung erwarten!\u201c \u2013 Lynn Thompson<\/p>\n<p>Beschreibung:<br \/>\nKlingenmaterial: CPM-S35VN<br \/>\nGriffmaterial: G-10<br \/>\nSicherheit: Tri-Ad-Schloss<br \/>\nKlingenl\u00e4nge: 14 cm<br \/>\nGesamtl\u00e4nge: 32,7 cm<br \/>\nL\u00e4nge des gefalteten Messers: 18,7 cm<br \/>\nKlingenst\u00e4rke: 3,8 mm<br \/>\nGewicht: 244 g<br \/>\nKlingentyp: Trailing Point<\/p>\n","protected":false},"excerpt":{"rendered":"<p>Talwar ist ein Klappmesser mit gezahnter oder glatter Klinge. Es hat eine charakteristische gebogene Kante zum Klingenr\u00fccken hin. Seine Form t\u00e4uscht in keiner Weise \u00fcber sein Original, das gleichnamige Indianerschwert, hinweg.<\/p>\n","protected":false},"featured_media":336732,"comment_status":"open","ping_status":"closed","template":"","meta":[],"pwb-brand":[3602],"product_brand":[],"product_cat":[3285,3303],"product_tag":[3669],"class_list":{"0":"post-336731","1":"product","2":"type-product","3":"status-publish","4":"has-post-thumbnail","6":"pwb-brand-kalter-stahl","7":"product_cat-messer","8":"product_cat-schliesmesser","9":"product_tag-b2b-de","11":"first","12":"instock","13":"taxable","14":"shipping-taxable","15":"purchasable","16":"product-type-simple"},"brands":[{"id":3602,"name":"Kalter Stahl","slug":"kalter-stahl"}],"_links":{"self":[{"href":"https:\/\/www.moskito.cz\/de\/wp-json\/wp\/v2\/product\/336731","targetHints":{"allow":["GET"]}}],"collection":[{"href":"https:\/\/www.moskito.cz\/de\/wp-json\/wp\/v2\/product"}],"about":[{"href":"https:\/\/www.moskito.cz\/de\/wp-json\/wp\/v2\/types\/product"}],"replies":[{"embeddable":true,"href":"https:\/\/www.moskito.cz\/de\/wp-json\/wp\/v2\/comments?post=336731"}],"wp:featuredmedia":[{"embeddable":true,"href":"https:\/\/www.moskito.cz\/de\/wp-json\/wp\/v2\/media\/336732"}],"wp:attachment":[{"href":"https:\/\/www.moskito.cz\/de\/wp-json\/wp\/v2\/media?parent=336731"}],"wp:term":[{"taxonomy":"pwb-brand","embeddable":true,"href":"https:\/\/www.moskito.cz\/de\/wp-json\/wp\/v2\/pwb-brand?post=336731"},{"taxonomy":"product_brand","embeddable":true,"href":"https:\/\/www.moskito.cz\/de\/wp-json\/wp\/v2\/product_brand?post=336731"},{"taxonomy":"product_cat","embeddable":true,"href":"https:\/\/www.moskito.cz\/de\/wp-json\/wp\/v2\/product_cat?post=336731"},{"taxonomy":"product_tag","embeddable":true,"href":"https:\/\/www.moskito.cz\/de\/wp-json\/wp\/v2\/product_tag?post=336731"}],"curies":[{"name":"wp","href":"https:\/\/api.w.org\/{rel}","templated":true}]}}