{"id":336792,"date":"2022-11-23T18:49:24","date_gmt":"2024-04-23T12:12:29","guid":{"rendered":"https:\/\/www.moskito.cz\/produkt\/sog-stout-flk-blackout-klappmesser\/"},"modified":"2025-05-07T11:13:27","modified_gmt":"2025-05-07T10:13:27","slug":"sog-stout-flk-blackout-klappmesser","status":"publish","type":"product","link":"https:\/\/www.moskito.cz\/de\/produkt\/sog-stout-flk-blackout-klappmesser\/","title":{"rendered":"SOG STOUT FLK BLACKOUT Klappmesser"},"content":{"rendered":"<p><strong>SOG<\/strong> STOUT FLK BLACKOUT Klappmesser.<\/p>\n<p>DESIGN-ZUSAMMENARBEIT<br \/>\nDer d\u00e4nische Messerdesigner Mikkel Willumsen und SOG-Gr\u00fcnder Spencer Frazer haben sich f\u00fcr diese k\u00fchne Alltagssch\u00f6nheit zusammengetan.<\/p>\n<p>KOMPAKT UND ABER LEISTUNGSF\u00c4HIG<br \/>\nLassen Sie sich nicht von der kleineren Gr\u00f6\u00dfe t\u00e4uschen. Dies ist ein solides Messer, das Sie getrost aus der Tasche ziehen k\u00f6nnen, um alle Herausforderungen des Tages zu meistern.<\/p>\n<p>KURZ UND ENG<br \/>\nDas Stout FLK, eine Rahmenkomponente mit Kurzklingenverriegelung, \u00f6ffnet seine kryogenisch w\u00e4rmebehandelte 2,62-Zoll-D2-Stahlklinge. Der robuste G10- und Edelstahlgriff sorgen f\u00fcr die Langlebigkeit dieses kollaborativen Messers f\u00fcr den t\u00e4glichen Gebrauch.<\/p>\n<p>CRYO D2-STAHL<br \/>\nEin vielseitiger Werkzeugstahl mit hohem Kohlenstoffgehalt, der gem\u00e4\u00df den einzigartigen Leistungsspezifikationen von SOG kryogen w\u00e4rmebehandelt wird. D2 bietet die ideale Kombination aus Schnitthaltigkeit und Haltbarkeit f\u00fcr den Langzeitgebrauch.<\/p>\n<p>G10 &amp; STAHLGRIFF<br \/>\nLanglebig und robust, \u00fcbertrifft es die Anforderungen des t\u00e4glichen Messertragens bei weitem.<\/p>\n<p>SCHNELLES \u00d6FFNEN<br \/>\nEinfach treten und das Messer \u00f6ffnet sich.<\/p>\n<p>KLINGENL\u00c4NGE: 6,55 cm<br \/>\nGESAMTL\u00c4NGE: 16 cm<br \/>\nPRODUKTGEWICHT: 4,09 oz<br \/>\nKLINGENST\u00c4RKE: 0,37 cm<br \/>\nPRODUKTTYP: Klappmesser<br \/>\nVERRIEGELUNGSMECHANISMUS: Rahmenschloss<br \/>\n\u00d6FFNUNGSMECHANISMUS: Kick, Daumenloch<br \/>\nG\u00dcRTELCLIP: Umkehrbarer G\u00fcrtelclip<br \/>\nKANTENTYP: Gerade<br \/>\nKLINGENSTAHL: CRYO D2<br \/>\nH\u00c4RTE: \u200b\u200bRc. 58-60<br \/>\nGRIFFMATERIAL: G10<\/p>\n","protected":false},"excerpt":{"rendered":"<p>Das Stout FLK ist ein kompaktes Klappmesser f\u00fcr den t\u00e4glichen Gebrauch mit einer 2,62-Zoll-Klinge aus zuverl\u00e4ssigem CRYO D2-Stahl und ein Taschenmesser mit Kick-Open-Frame-Lock. Mit einem robusten G10-Griff und Edelstahl ausgestattet, ist das Stout FLK das Ergebnis einer Zusammenarbeit zwischen Messerdesigner Mikkel Willumsen und SOG-Gr\u00fcnder Spencer Frazer.<\/p>\n","protected":false},"featured_media":336793,"comment_status":"open","ping_status":"closed","template":"","meta":[],"pwb-brand":[3605],"product_brand":[],"product_cat":[3285,3303],"product_tag":[3669],"class_list":{"0":"post-336792","1":"product","2":"type-product","3":"status-publish","4":"has-post-thumbnail","6":"pwb-brand-wie-g","7":"product_cat-messer","8":"product_cat-schliesmesser","9":"product_tag-b2b-de","11":"first","12":"instock","13":"taxable","14":"shipping-taxable","15":"purchasable","16":"product-type-simple"},"brands":[{"id":3605,"name":"WIE G","slug":"wie-g"}],"_links":{"self":[{"href":"https:\/\/www.moskito.cz\/de\/wp-json\/wp\/v2\/product\/336792","targetHints":{"allow":["GET"]}}],"collection":[{"href":"https:\/\/www.moskito.cz\/de\/wp-json\/wp\/v2\/product"}],"about":[{"href":"https:\/\/www.moskito.cz\/de\/wp-json\/wp\/v2\/types\/product"}],"replies":[{"embeddable":true,"href":"https:\/\/www.moskito.cz\/de\/wp-json\/wp\/v2\/comments?post=336792"}],"wp:featuredmedia":[{"embeddable":true,"href":"https:\/\/www.moskito.cz\/de\/wp-json\/wp\/v2\/media\/336793"}],"wp:attachment":[{"href":"https:\/\/www.moskito.cz\/de\/wp-json\/wp\/v2\/media?parent=336792"}],"wp:term":[{"taxonomy":"pwb-brand","embeddable":true,"href":"https:\/\/www.moskito.cz\/de\/wp-json\/wp\/v2\/pwb-brand?post=336792"},{"taxonomy":"product_brand","embeddable":true,"href":"https:\/\/www.moskito.cz\/de\/wp-json\/wp\/v2\/product_brand?post=336792"},{"taxonomy":"product_cat","embeddable":true,"href":"https:\/\/www.moskito.cz\/de\/wp-json\/wp\/v2\/product_cat?post=336792"},{"taxonomy":"product_tag","embeddable":true,"href":"https:\/\/www.moskito.cz\/de\/wp-json\/wp\/v2\/product_tag?post=336792"}],"curies":[{"name":"wp","href":"https:\/\/api.w.org\/{rel}","templated":true}]}}