{"id":336850,"date":"2022-01-05T21:50:55","date_gmt":"2024-04-23T12:33:40","guid":{"rendered":"https:\/\/www.moskito.cz\/produkt\/sog-fasthawk-polierte-axt\/"},"modified":"2025-05-07T11:13:28","modified_gmt":"2025-05-07T10:13:28","slug":"sog-fasthawk-polierte-axt","status":"publish","type":"product","link":"https:\/\/www.moskito.cz\/de\/produkt\/sog-fasthawk-polierte-axt\/","title":{"rendered":"SOG FastHawk Polierte Axt"},"content":{"rendered":"<p>Der SOG FastHawk ist schneller, leichter, wendiger und leichter zu transportieren als sein taktischer Tomahawk-Bruder. Das hei\u00dft aber nicht, dass es nicht immer noch leistungsstark, vielseitig und funktional ist. Es ist ein Werkzeug, das viel h\u00e4ufiger verwendet wird, als Sie vielleicht erwarten. Aufschlitzen, Brechen, Schneiden, H\u00e4mmern, Stechen, Treten, Hebeln, H\u00e4mmern, Rasieren, Ausstechen, \u00d6ffnen und Werfen sind alles F\u00e4higkeiten, die der FastHawk zur Verf\u00fcgung hat. Der Kopf aus 420er Edelstahl mit schwarzer Hartschalenbeschichtung ist mit robusten Schrauben und einer Stahlh\u00fclse am Griff aus ballistischem Polymer befestigt, um h\u00f6chste Stabilit\u00e4t zu gew\u00e4hrleisten. Das seitliche Hammer-Schachbrett sorgt f\u00fcr eine pr\u00e4zise Positionierung beim Schwingen. Wird in einem Nylonholster getragen, das an einem G\u00fcrtel, Rucksack oder einer Ausr\u00fcstung befestigt werden kann. Es ist ein universelles Werkzeug f\u00fcr den modernen Mann<\/p>\n<p><strong>SOG<\/strong> FastHawk Polierte Axt.<\/p>\n<p>GESAMTL\u00c4NGE: 31 cm<br \/>\nPRODUKTGEWICHT: 19,00 oz<br \/>\nKLINGENL\u00c4NGE: 5 cm<br \/>\nAUSF\u00dcHRUNGEN: Poliert<br \/>\nH\u00c4RTE: \u200b\u200bRc. 51-53<br \/>\nKLINGENSTAHLTYP: 420 Edelstahl<br \/>\nGRIFFMATERIAL: Mit Glas verst\u00e4rktes Nylon<br \/>\nGRIFFFARBE: Schwarz<br \/>\nEtui im \u200b\u200bLieferumfang enthalten: Ja<br \/>\nBLATTFARBE: Schwarz<br \/>\nBLATTMATERIAL: Ballistisches Nylon<\/p>\n","protected":false},"excerpt":{"rendered":"<p><strong>IDEAL F\u00dcR DIE JAGD UND CAMPING<\/strong><\/p>\n<p>Egal, ob Sie andere besch\u00fctzen oder eine epische Jagdexpedition leiten, eine der allt\u00e4glichen Herausforderungen des Lebens meistern oder die bisher extremsten Bedingungen meistern, machen Sie sich mit <strong>SOG<\/strong> auf den Weg.<\/p>\n<p><strong>Wir geben auf alle SOG-Messer eine lebenslange Garantie!<\/strong><\/p>\n","protected":false},"featured_media":336851,"comment_status":"open","ping_status":"closed","template":"","meta":[],"pwb-brand":[3605],"product_brand":[],"product_cat":[3301],"product_tag":[3669],"class_list":{"0":"post-336850","1":"product","2":"type-product","3":"status-publish","4":"has-post-thumbnail","6":"pwb-brand-wie-g","7":"product_cat-axte","8":"product_tag-b2b-de","10":"first","11":"outofstock","12":"sale","13":"taxable","14":"shipping-taxable","15":"purchasable","16":"product-type-simple"},"brands":[{"id":3605,"name":"WIE G","slug":"wie-g"}],"_links":{"self":[{"href":"https:\/\/www.moskito.cz\/de\/wp-json\/wp\/v2\/product\/336850","targetHints":{"allow":["GET"]}}],"collection":[{"href":"https:\/\/www.moskito.cz\/de\/wp-json\/wp\/v2\/product"}],"about":[{"href":"https:\/\/www.moskito.cz\/de\/wp-json\/wp\/v2\/types\/product"}],"replies":[{"embeddable":true,"href":"https:\/\/www.moskito.cz\/de\/wp-json\/wp\/v2\/comments?post=336850"}],"wp:featuredmedia":[{"embeddable":true,"href":"https:\/\/www.moskito.cz\/de\/wp-json\/wp\/v2\/media\/336851"}],"wp:attachment":[{"href":"https:\/\/www.moskito.cz\/de\/wp-json\/wp\/v2\/media?parent=336850"}],"wp:term":[{"taxonomy":"pwb-brand","embeddable":true,"href":"https:\/\/www.moskito.cz\/de\/wp-json\/wp\/v2\/pwb-brand?post=336850"},{"taxonomy":"product_brand","embeddable":true,"href":"https:\/\/www.moskito.cz\/de\/wp-json\/wp\/v2\/product_brand?post=336850"},{"taxonomy":"product_cat","embeddable":true,"href":"https:\/\/www.moskito.cz\/de\/wp-json\/wp\/v2\/product_cat?post=336850"},{"taxonomy":"product_tag","embeddable":true,"href":"https:\/\/www.moskito.cz\/de\/wp-json\/wp\/v2\/product_tag?post=336850"}],"curies":[{"name":"wp","href":"https:\/\/api.w.org\/{rel}","templated":true}]}}