{"id":336870,"date":"2021-10-19T19:43:43","date_gmt":"2024-04-23T12:35:34","guid":{"rendered":"https:\/\/www.moskito.cz\/produkt\/taktischer-tomahawk-sog\/"},"modified":"2025-05-07T11:13:29","modified_gmt":"2025-05-07T10:13:29","slug":"taktischer-tomahawk-sog","status":"publish","type":"product","link":"https:\/\/www.moskito.cz\/de\/produkt\/taktischer-tomahawk-sog\/","title":{"rendered":"TAKTISCHER TOMAHAWK SOG"},"content":{"rendered":"<p>Unsere Geschichte beginnt in Vietnam, wo Mitglieder der streng geheimen Spezialeinheit Amerikas \u2013 bekannt als MACV \u2013 <strong>SOG<\/strong> \u2013 auf verdeckten Missionen ein einzigartiges Geheimmesser in den Dschungel trugen. Einige Jahre sp\u00e4ter, 1986, inspirierte dieses Messer einen jungen Designer namens Spencer Frazer zur Gr\u00fcndung von <strong>SOG<\/strong> Specialty Knives. Seine Mission: das originale <strong>SOG-<\/strong> Bowiemesser zu reproduzieren und der Spezialeinheit, die es geschaffen hat, Tribut zu zollen. Was als einzelnes Gedenkmodell begann, entwickelte sich bald zu einer ganzen Reihe innovativer Werkzeuge \u2013 bew\u00e4hrt von US-Spezialeinheiten und sogar als Messer der Wahl der Navy SEALs ausgezeichnet. Heute werden SOG-Messer auch in den anspruchsvollsten Situationen selbstbewusst getragen. Aus Tradition geschmiedet, im Feld geh\u00e4rtet, f\u00fcr Sie gefeilt.<\/p>\n<p>Egal, ob Sie andere besch\u00fctzen oder eine epische Jagdexpedition leiten, eine der allt\u00e4glichen Herausforderungen des Lebens meistern oder die bisher extremsten Bedingungen meistern, machen Sie sich mit <strong>SOG<\/strong> auf den Weg.<\/p>\n<p>TAKTISCHER TOMAHAWK <strong>SOG<\/strong> .<\/p>\n<p>Der Tactical Tomahawk basiert auf dem vietnamesischen Tomahawk und ist eine extreme Weiterentwicklung des Originals, das zu seiner Zeit als eine der ungew\u00f6hnlichsten Waffen galt. Heutzutage besteht ein echter Bedarf an einem universellen Werkzeug f\u00fcr Brecharbeiten, Aushubarbeiten, zur Beseitigung von Hindernissen, zur Extraktion und f\u00fcr andere Hilfsanwendungen. Der hart ummantelte Kopf aus 420er-Edelstahl ist f\u00fcr Stabilit\u00e4t mit robusten Schrauben und Stahlmanschetten am Griff aus glasfaserverst\u00e4rktem Nylon befestigt. Der seitliche Hammer sorgt f\u00fcr eine pr\u00e4zise Positionierung beim Schlagen. In einem Nylonetui transportiert, ist es ein vielseitiges Werkzeug f\u00fcr den modernen Mann.<\/p>\n<p><strong>Ein hervorragendes Werkzeug begleitet Sie von der Mission bis zum Lagerfeuer<\/strong><br \/>\n15,75-Zoll-Tomahawk mit hartbeschichtetem 420-Edelstahlkopf, montiert auf einem glasfaserverst\u00e4rkten Nylongriff mit soliden Schrauben und einer Stahlh\u00fclse f\u00fcr Stabilit\u00e4t. Die seitliche Hammersteuerung gew\u00e4hrleistet eine genaue Positionierung beim H\u00e4mmern. Wird in einem Nylonetui geliefert.<\/p>\n<p><strong>420 EDELSTAHLKOPF<\/strong><br \/>\nLanglebig, schnitthaltig, hervorragende Korrosionsbest\u00e4ndigkeit &#8230; was will man mehr?<\/p>\n<p><strong>Hart wie ein Nagel<\/strong><br \/>\nDer Kopf wird mit robusten Schrauben und einer Stahlh\u00fclse am stabilen Griff befestigt.<\/p>\n<p><strong>SEITLICHER HAMMER<\/strong><br \/>\nSorgt f\u00fcr eine pr\u00e4zise Positionierung beim Stampfen.<\/p>\n<p>GESAMTL\u00c4NGE: 40 cm<br \/>\nPRODUKTGEWICHT: 24,00 oz<br \/>\nKLINGENL\u00c4NGE: 7 cm<br \/>\nAUSF\u00dcHRUNGEN: Schwarz<br \/>\nH\u00c4RTE: \u200b\u200bRC 51-53<br \/>\nSTAHLKLINGENTYP: 420er Edelstahl<br \/>\nKANTENTYP: Gerade<br \/>\nGRIFFMATERIAL: Mit Glas verst\u00e4rktes Nylon<br \/>\nGRIFFFARBE: Schwarz<br \/>\nABDECKUNG INKLUSIVE: Ja<br \/>\nBLATTFARBE: Schwarz<br \/>\nBLATTMATERIAL: Ballistisches Nylon<\/p>\n<p>Basierend auf dem Vietnam Tomahawk ist der Tactical Tomahawk eine extreme Weiterentwicklung des Originals, das als eine der ungew\u00f6hnlicheren Waffen seiner Zeit galt. Heutzutage besteht ein echter Bedarf an einem vielseitigen Werkzeug f\u00fcr Durchbrucharbeiten, Aushubarbeiten, die Beseitigung von Hindernissen, den Abbau und andere Versorgungsanwendungen. Der Kopf aus 420er Edelstahl mit Hardcase-Beschichtung ist mit robusten Schrauben und einer Stahlzwinge f\u00fcr Stabilit\u00e4t am Griff aus glasfaserverst\u00e4rktem Nylon befestigt. Die seitliche Hammerpr\u00fcfung sorgt f\u00fcr eine pr\u00e4zise Platzierung beim H\u00e4mmern. In einer Nylonscheide getragen ist dies ein universelles Werkzeug f\u00fcr den modernen Mann.<\/p>\n<p>Ausgezeichnetes Werkzeug, das Sie von der Mission bis zum Lagerfeuer begleitet<br \/>\nEin 15,75-Zoll-Tomahawk mit einem Kopf aus 420er-Edelstahl mit Hartschalenbeschichtung, der mit robusten Schrauben und einer Stahlzwinge f\u00fcr Stabilit\u00e4t am Griff aus glasfaserverst\u00e4rktem Nylon befestigt ist. Die seitliche Hammerpr\u00fcfung sorgt f\u00fcr eine pr\u00e4zise Platzierung beim H\u00e4mmern. Wird in einer Nylonscheide getragen.<\/p>\n<p>GESAMTL\u00c4NGE<br \/>\n15,75&#8243;<br \/>\nPRODUKTGEWICHT<br \/>\n24,00 oz<br \/>\nKLINGENL\u00c4NGE<br \/>\n2,75&#8243;<br \/>\nUPC<br \/>\n7-29857-99485-9<br \/>\nIST VORBESTELLUNG<br \/>\nAN<br \/>\nVORBESTELLUNGSDATUM<br \/>\nAN<br \/>\nPRODUKTART<br \/>\nAxt<br \/>\nBEENDEN<br \/>\nSchwarz<br \/>\nVERPACKUNG<br \/>\nBlisterpackung<br \/>\nHERKUNFTSLAND<br \/>\nChina<br \/>\nGRAVIERBAR<br \/>\nJa<br \/>\nH\u00c4RTE<br \/>\nRc. 51-53<br \/>\nKLINGENSTAHLTYP<br \/>\n420 Edelstahl<br \/>\nKANTENTYP<br \/>\nGerade<br \/>\nGRIFFMATERIAL<br \/>\nGlasfaserverst\u00e4rktes Nylon<br \/>\nGRIFFFARBE<br \/>\nSchwarz<br \/>\nH\u00dcLLE INKLUSIVE<br \/>\nJa<br \/>\nMantelfarbe<br \/>\nSchwarz<br \/>\nH\u00dcLLENMATERIAL<br \/>\nBallistisches Nylon<br \/>\nTYP DER H\u00dcLLENBEFESTIGUNG<br \/>\nG\u00fcrtelschlaufe<br \/>\nVERSCHLUSSART DER H\u00dcLLE<br \/>\nSchnapp<\/p>\n","protected":false},"excerpt":{"rendered":"<p>Egal, ob Sie andere besch\u00fctzen oder eine epische Jagdexpedition leiten, eine der allt\u00e4glichen Herausforderungen des Lebens meistern oder die bisher extremsten Bedingungen meistern, machen Sie sich mit <strong>SOG<\/strong> auf den Weg.<\/p>\n<p><strong>Wir geben auf alle SOG-Messer eine lebenslange Garantie!<\/strong><\/p>\n","protected":false},"featured_media":336871,"comment_status":"open","ping_status":"closed","template":"","meta":[],"pwb-brand":[3605],"product_brand":[],"product_cat":[3301],"product_tag":[3669],"class_list":{"0":"post-336870","1":"product","2":"type-product","3":"status-publish","4":"has-post-thumbnail","6":"pwb-brand-wie-g","7":"product_cat-axte","8":"product_tag-b2b-de","10":"first","11":"instock","12":"taxable","13":"shipping-taxable","14":"purchasable","15":"product-type-simple"},"brands":[{"id":3605,"name":"WIE G","slug":"wie-g"}],"_links":{"self":[{"href":"https:\/\/www.moskito.cz\/de\/wp-json\/wp\/v2\/product\/336870","targetHints":{"allow":["GET"]}}],"collection":[{"href":"https:\/\/www.moskito.cz\/de\/wp-json\/wp\/v2\/product"}],"about":[{"href":"https:\/\/www.moskito.cz\/de\/wp-json\/wp\/v2\/types\/product"}],"replies":[{"embeddable":true,"href":"https:\/\/www.moskito.cz\/de\/wp-json\/wp\/v2\/comments?post=336870"}],"wp:featuredmedia":[{"embeddable":true,"href":"https:\/\/www.moskito.cz\/de\/wp-json\/wp\/v2\/media\/336871"}],"wp:attachment":[{"href":"https:\/\/www.moskito.cz\/de\/wp-json\/wp\/v2\/media?parent=336870"}],"wp:term":[{"taxonomy":"pwb-brand","embeddable":true,"href":"https:\/\/www.moskito.cz\/de\/wp-json\/wp\/v2\/pwb-brand?post=336870"},{"taxonomy":"product_brand","embeddable":true,"href":"https:\/\/www.moskito.cz\/de\/wp-json\/wp\/v2\/product_brand?post=336870"},{"taxonomy":"product_cat","embeddable":true,"href":"https:\/\/www.moskito.cz\/de\/wp-json\/wp\/v2\/product_cat?post=336870"},{"taxonomy":"product_tag","embeddable":true,"href":"https:\/\/www.moskito.cz\/de\/wp-json\/wp\/v2\/product_tag?post=336870"}],"curies":[{"name":"wp","href":"https:\/\/api.w.org\/{rel}","templated":true}]}}