{"id":336938,"date":"2024-04-23T14:05:01","date_gmt":"2024-04-23T13:10:09","guid":{"rendered":"https:\/\/www.moskito.cz\/produkt\/verschlussmesser-microtech-amphibian-stonewashed-137rl-11fl\/"},"modified":"2025-05-07T11:13:30","modified_gmt":"2025-05-07T10:13:30","slug":"verschlussmesser-microtech-amphibian-stonewashed-137rl-11fl","status":"publish","type":"product","link":"https:\/\/www.moskito.cz\/de\/produkt\/verschlussmesser-microtech-amphibian-stonewashed-137rl-11fl\/","title":{"rendered":"Verschlussmesser Microtech Amphibian Stonewashed 137RL-11FL"},"content":{"rendered":"<p>Verschlussmesser <strong>Microtech<\/strong> Amphibian Stonewashed 137RL-11FL.<\/p>\n<p><strong>Amphibian<\/strong> ist ein echter Marfione-Klassiker, der mehr als 20 Jahre alt ist. Es stammt aus den alten Zeiten, als <strong>Microtech<\/strong> <strong>Knives<\/strong> sowohl automatisch als auch manuell sein konnten &#8230; in einem. Was wir hier haben, ist eine manuelle Version, die Tonys eigenes RAM-LOK-Design mit einem beidh\u00e4ndigen Taschenclip und zwei Daumenpins f\u00fcr ein vollst\u00e4ndig beidh\u00e4ndiges Messer enth\u00e4lt, das in keiner Weise Abstriche macht. Es verf\u00fcgt \u00fcber den patentierten Bohler M390MK-Klingenstahl, der nur bei Microtech Knives erh\u00e4ltlich ist. Von der Gr\u00f6\u00dfe her \u00e4hnelt das Messer der MSI Microtech Standard-Ausgabe, vom Stil her gibt es jedoch keinen Vergleich. Das Amphibian ist eines der coolsten taktischen Messerdesigns aller Zeiten und wir freuen uns, dass es zur\u00fcck und f\u00fcr die breite Masse verf\u00fcgbar ist!<br \/>\nSpezifikationen:<\/p>\n<p>Klingenl\u00e4nge: <span id=\"cwos\" class=\"qv3Wpe\">9,67<\/span> cm<br \/>\nGeschlossene L\u00e4nge: 5,375&#8243;<br \/>\nGesamtl\u00e4nge: <span id=\"cwos\" class=\"qv3Wpe\">13,42<\/span> cm<br \/>\nKlingenstahl: B\u00f6hler M390MK Edelstahl<br \/>\nKlingenstil: Clip Point<br \/>\nKlingenschliff: Hohl<br \/>\nOberfl\u00e4chenbehandlung der Klinge: Stonewash<br \/>\nGriffmaterial: Gezahnte Legierung 7075-T6 Ordnance Grade All, schwarze Mil-Spec-Hartbeschichtung<br \/>\nVerriegelungsmechanismus: RAM-LOK<br \/>\nTaschenclip: Titan (klappbar, links\/rechts tragbar)<br \/>\nGewicht: 6,49 Unzen.<br \/>\nDesigner: Tony Marfione<br \/>\nHergestellt in den USA<\/p>\n<p>&nbsp;<\/p>\n","protected":false},"excerpt":{"rendered":"<div class=\"elementor-element elementor-element-bbb542b elementor-widget elementor-widget-woocommerce-product-short-description\" data-id=\"bbb542b\" data-element_type=\"widget\" data-widget_type=\"woocommerce-product-short-description.default\">\n<div class=\"elementor-widget-container\">\n<div class=\"woocommerce-product-details__short-description\">\n<p>Im Laufe der Jahre hat Microtech\u00ae Knives Messer mit Leidenschaft und K\u00f6nnen gef\u00fcllt, um nahezu Kunstwerke zu schaffen, die den Gipfel der Funktionalit\u00e4t darstellen. Alle Teile werden in den USA hergestellt.<br \/>\n<strong>F\u00fcr alle Microtech-Messer gilt eine lebenslange Garantie.<\/strong><\/p>\n<p><strong>Kostenloser Transport.<\/strong><\/p>\n<\/div>\n<\/div>\n<\/div>\n","protected":false},"featured_media":336901,"comment_status":"open","ping_status":"closed","template":"","meta":[],"pwb-brand":[3278],"product_brand":[],"product_cat":[3285,3303],"product_tag":[3669],"class_list":{"0":"post-336938","1":"product","2":"type-product","3":"status-publish","4":"has-post-thumbnail","6":"pwb-brand-microtech-de","7":"product_cat-messer","8":"product_cat-schliesmesser","9":"product_tag-b2b-de","11":"first","12":"instock","13":"taxable","14":"shipping-taxable","15":"purchasable","16":"product-type-simple"},"brands":[{"id":3278,"name":"Microtech","slug":"microtech-de"}],"_links":{"self":[{"href":"https:\/\/www.moskito.cz\/de\/wp-json\/wp\/v2\/product\/336938","targetHints":{"allow":["GET"]}}],"collection":[{"href":"https:\/\/www.moskito.cz\/de\/wp-json\/wp\/v2\/product"}],"about":[{"href":"https:\/\/www.moskito.cz\/de\/wp-json\/wp\/v2\/types\/product"}],"replies":[{"embeddable":true,"href":"https:\/\/www.moskito.cz\/de\/wp-json\/wp\/v2\/comments?post=336938"}],"wp:featuredmedia":[{"embeddable":true,"href":"https:\/\/www.moskito.cz\/de\/wp-json\/wp\/v2\/media\/336901"}],"wp:attachment":[{"href":"https:\/\/www.moskito.cz\/de\/wp-json\/wp\/v2\/media?parent=336938"}],"wp:term":[{"taxonomy":"pwb-brand","embeddable":true,"href":"https:\/\/www.moskito.cz\/de\/wp-json\/wp\/v2\/pwb-brand?post=336938"},{"taxonomy":"product_brand","embeddable":true,"href":"https:\/\/www.moskito.cz\/de\/wp-json\/wp\/v2\/product_brand?post=336938"},{"taxonomy":"product_cat","embeddable":true,"href":"https:\/\/www.moskito.cz\/de\/wp-json\/wp\/v2\/product_cat?post=336938"},{"taxonomy":"product_tag","embeddable":true,"href":"https:\/\/www.moskito.cz\/de\/wp-json\/wp\/v2\/product_tag?post=336938"}],"curies":[{"name":"wp","href":"https:\/\/api.w.org\/{rel}","templated":true}]}}