{"id":337113,"date":"2024-04-23T15:35:32","date_gmt":"2024-04-23T14:37:55","guid":{"rendered":"https:\/\/www.moskito.cz\/produkt\/verschlussmesser-microtech-socom-elite-apocalyptic-160-10apnc\/"},"modified":"2025-05-07T11:13:36","modified_gmt":"2025-05-07T10:13:36","slug":"verschlussmesser-microtech-socom-elite-apocalyptic-160-10apnc","status":"publish","type":"product","link":"https:\/\/www.moskito.cz\/de\/produkt\/verschlussmesser-microtech-socom-elite-apocalyptic-160-10apnc\/","title":{"rendered":"Verschlussmesser Microtech Socom Elite Apocalyptic 160-10APNC"},"content":{"rendered":"<p>Verschlussmesser <strong>Microtech Socom<\/strong> Elite Apocalyptic 160-10APNC<\/p>\n<p><strong>Socom Elite<\/strong> setzt den h\u00f6chsten Standard f\u00fcr taktisches\/Gebrauchsbesteck. Seit der Gr\u00fcndung des urspr\u00fcnglichen Socom im Jahr 1996 ist es der Pionier unserer gesamten Klappmesserlinie. Im Laufe der Jahre wurden Verbesserungen vorgenommen, um Socom besser an verschiedene Umgebungen anzupassen. Der manuelle oder automatische Socom-Griff verf\u00fcgt \u00fcber eine einzigartige Griffform, die sich Ihrer Hand anpasst. Sie wissen, dass Sie das beste Werkzeug auf dem Markt kaufen, egal f\u00fcr welche Klinge Sie sich entscheiden: Clip-Tip oder Tanto. Auch ein integrierter Glasbrecher an der Unterseite des Griffs und ein gro\u00dfer Knopf, der ein einfaches \u00d6ffnen mit einem Handschuh erm\u00f6glicht, tragen zu seiner beeindruckenden Statur bei. Die robuste Zuverl\u00e4ssigkeit von Socom macht es zur ersten Wahl f\u00fcr Spezialeinsatzkr\u00e4fte.<\/p>\n<p>Dieses Natural Clear OTF ist so eloxiert, dass den Materialien ein wundersch\u00f6nes nat\u00fcrliches Aussehen verliehen wird. Der Eloxalprozess sorgt au\u00dferdem f\u00fcr eine starke Schutzschicht, sodass dieses St\u00fcck f\u00fcr den harten Einsatz ger\u00fcstet ist.<br \/>\nSpezifikationen:<\/p>\n<p>Klingenl\u00e4nge: 10,12 cm<br \/>\nL\u00e4nge geschlossen: 12,65 cm<br \/>\nGesamtl\u00e4nge: 23 cm<br \/>\nStahl: M390<br \/>\nKlingenstil: Clip Point<br \/>\nKlingenschliff: Flach<br \/>\nKlingenfinish: Apokalyptisch<br \/>\nGriffmaterial: Nat\u00fcrliches, klares Aluminium mit strukturierten Gummieins\u00e4tzen<br \/>\nEinsatzmaterial: Edelstahl<br \/>\nVerriegelungsmechanismus: Einstecken<br \/>\nTaschenclip: Edelstahl (klappbar, rechtsh\u00e4ndig zu tragen)<br \/>\nGewicht: 5,6 Unzen.<br \/>\nDesigner: Tony Marfione<br \/>\nHergestellt in den USA<\/p>\n","protected":false},"excerpt":{"rendered":"<div class=\"elementor-element elementor-element-bbb542b elementor-widget elementor-widget-woocommerce-product-short-description\" data-id=\"bbb542b\" data-element_type=\"widget\" data-widget_type=\"woocommerce-product-short-description.default\">\n<div class=\"elementor-widget-container\">\n<div class=\"woocommerce-product-details__short-description\">\n<div class=\"elementor-element elementor-element-bbb542b elementor-widget elementor-widget-woocommerce-product-short-description\" data-id=\"bbb542b\" data-element_type=\"widget\" data-widget_type=\"woocommerce-product-short-description.default\">\n<div class=\"elementor-widget-container\">\n<div class=\"woocommerce-product-details__short-description\">\n<p><strong>Im Laufe der Jahre hat Microtech\u00ae Knives Messer mit Leidenschaft und K\u00f6nnen gef\u00fcllt, um nahezu Kunstwerke zu schaffen, die den Gipfel der Funktionalit\u00e4t darstellen. Alle Teile werden in den USA hergestellt.<\/strong><br \/>\n<strong>F\u00fcr alle Microtech-Messer gilt eine lebenslange Garantie.<\/strong><\/p>\n<p><strong>Kostenloser Transport.<\/strong><\/p>\n<\/div>\n<\/div>\n<\/div>\n<\/div>\n<\/div>\n<\/div>\n","protected":false},"featured_media":337073,"comment_status":"open","ping_status":"closed","template":"","meta":[],"pwb-brand":[3278],"product_brand":[],"product_cat":[3285,3303],"product_tag":[3669],"class_list":{"0":"post-337113","1":"product","2":"type-product","3":"status-publish","4":"has-post-thumbnail","6":"pwb-brand-microtech-de","7":"product_cat-messer","8":"product_cat-schliesmesser","9":"product_tag-b2b-de","11":"first","12":"outofstock","13":"taxable","14":"shipping-taxable","15":"purchasable","16":"product-type-simple"},"brands":[{"id":3278,"name":"Microtech","slug":"microtech-de"}],"_links":{"self":[{"href":"https:\/\/www.moskito.cz\/de\/wp-json\/wp\/v2\/product\/337113","targetHints":{"allow":["GET"]}}],"collection":[{"href":"https:\/\/www.moskito.cz\/de\/wp-json\/wp\/v2\/product"}],"about":[{"href":"https:\/\/www.moskito.cz\/de\/wp-json\/wp\/v2\/types\/product"}],"replies":[{"embeddable":true,"href":"https:\/\/www.moskito.cz\/de\/wp-json\/wp\/v2\/comments?post=337113"}],"wp:featuredmedia":[{"embeddable":true,"href":"https:\/\/www.moskito.cz\/de\/wp-json\/wp\/v2\/media\/337073"}],"wp:attachment":[{"href":"https:\/\/www.moskito.cz\/de\/wp-json\/wp\/v2\/media?parent=337113"}],"wp:term":[{"taxonomy":"pwb-brand","embeddable":true,"href":"https:\/\/www.moskito.cz\/de\/wp-json\/wp\/v2\/pwb-brand?post=337113"},{"taxonomy":"product_brand","embeddable":true,"href":"https:\/\/www.moskito.cz\/de\/wp-json\/wp\/v2\/product_brand?post=337113"},{"taxonomy":"product_cat","embeddable":true,"href":"https:\/\/www.moskito.cz\/de\/wp-json\/wp\/v2\/product_cat?post=337113"},{"taxonomy":"product_tag","embeddable":true,"href":"https:\/\/www.moskito.cz\/de\/wp-json\/wp\/v2\/product_tag?post=337113"}],"curies":[{"name":"wp","href":"https:\/\/api.w.org\/{rel}","templated":true}]}}