{"id":337190,"date":"2024-04-23T16:11:45","date_gmt":"2024-04-23T15:13:27","guid":{"rendered":"https:\/\/www.moskito.cz\/produkt\/schiessmesser-microtech-socom-elite-stonewashed-160a-11\/"},"modified":"2025-05-07T11:13:39","modified_gmt":"2025-05-07T10:13:39","slug":"schiessmesser-microtech-socom-elite-stonewashed-160a-11","status":"publish","type":"product","link":"https:\/\/www.moskito.cz\/de\/produkt\/schiessmesser-microtech-socom-elite-stonewashed-160a-11\/","title":{"rendered":"Schie\u00dfmesser Microtech Socom Elite Stonewashed 160A-11"},"content":{"rendered":"<p>Schie\u00dfmesser <strong>Microtech Socom<\/strong> Elite Stonewashed 160A-11.<\/p>\n<p>Socom Elite setzt den h\u00f6chsten Standard f\u00fcr taktisches\/Gebrauchsbesteck. Seit der Gr\u00fcndung des urspr\u00fcnglichen Socom im Jahr 1996 ist das Unternehmen der Pionier der gesamten Microtech-Klappmesserpalette. Im Laufe der Jahre wurden zahlreiche Verbesserungen vorgenommen, um Socom besser an unterschiedliche Umgebungen anzupassen. Sowohl der automatische als auch der manuelle Socom verf\u00fcgen \u00fcber eine einzigartige Griffform, die sich Ihrer Hand anpasst. Sie wissen, dass Sie das beste Werkzeug auf dem Markt kaufen, egal f\u00fcr welche Klinge Sie sich entscheiden: Clip-Tip oder Tanto. Ein integrierter Glasbrecher an der Unterseite des Griffs und ein gro\u00dfer Noppen, der ein einfaches \u00d6ffnen mit einem Handschuh erm\u00f6glicht, verleihen ihm eine beeindruckende Optik. Die robuste Zuverl\u00e4ssigkeit von Socom macht es zur ersten Wahl f\u00fcr Spezialeinsatzkr\u00e4fte.<br \/>\nSpezifikationen<\/p>\n<p>Klingenl\u00e4nge: 10,12 cm<br \/>\nL\u00e4nge geschlossen: 14 cm<br \/>\nGesamtl\u00e4nge: 25 cm<br \/>\nStahl: M390<br \/>\nKlingenstil: Clip Point<br \/>\nKlingenschliff: Flach<br \/>\nOberfl\u00e4chenbehandlung der Klinge: Stonewashed<br \/>\nGriffmaterial: Aluminium mit strukturierten Eins\u00e4tzen<br \/>\nEinsatzmaterial: Edelstahl<br \/>\nVerriegelungsmechanismus: Einstecken<br \/>\nTaschenclip: Edelstahl (klappbar, rechtsh\u00e4ndig zu tragen)<br \/>\nGewicht: 5,6 Unzen.<br \/>\nDesigner: Tony Marfione<br \/>\nHergestellt in den USA<\/p>\n<p>&nbsp;<\/p>\n","protected":false},"excerpt":{"rendered":"<div class=\"elementor-element elementor-element-bbb542b elementor-widget elementor-widget-woocommerce-product-short-description\" data-id=\"bbb542b\" data-element_type=\"widget\" data-widget_type=\"woocommerce-product-short-description.default\">\n<div class=\"elementor-widget-container\">\n<div class=\"woocommerce-product-details__short-description\">\n<div class=\"elementor-element elementor-element-bbb542b elementor-widget elementor-widget-woocommerce-product-short-description\" data-id=\"bbb542b\" data-element_type=\"widget\" data-widget_type=\"woocommerce-product-short-description.default\">\n<div class=\"elementor-widget-container\">\n<div class=\"woocommerce-product-details__short-description\">\n<p>Im Laufe der Jahre hat Microtech\u00ae Knives Messer mit Leidenschaft und K\u00f6nnen gef\u00fcllt, um nahezu Kunstwerke zu schaffen, die den Gipfel der Funktionalit\u00e4t darstellen. Alle Teile werden in den USA hergestellt.<br \/>\n<strong>F\u00fcr alle Microtech-Messer gilt eine lebenslange Garantie.<\/strong><\/p>\n<p><strong>Kostenloser Transport.<\/strong><\/p>\n<\/div>\n<\/div>\n<\/div>\n<\/div>\n<\/div>\n<\/div>\n","protected":false},"featured_media":337154,"comment_status":"open","ping_status":"closed","template":"","meta":[],"pwb-brand":[3278],"product_brand":[],"product_cat":[3285,3343],"product_tag":[3669],"class_list":{"0":"post-337190","1":"product","2":"type-product","3":"status-publish","4":"has-post-thumbnail","6":"pwb-brand-microtech-de","7":"product_cat-messer","8":"product_cat-schiesmesser","9":"product_tag-b2b-de","11":"first","12":"instock","13":"taxable","14":"shipping-taxable","15":"purchasable","16":"product-type-simple"},"brands":[{"id":3278,"name":"Microtech","slug":"microtech-de"}],"_links":{"self":[{"href":"https:\/\/www.moskito.cz\/de\/wp-json\/wp\/v2\/product\/337190","targetHints":{"allow":["GET"]}}],"collection":[{"href":"https:\/\/www.moskito.cz\/de\/wp-json\/wp\/v2\/product"}],"about":[{"href":"https:\/\/www.moskito.cz\/de\/wp-json\/wp\/v2\/types\/product"}],"replies":[{"embeddable":true,"href":"https:\/\/www.moskito.cz\/de\/wp-json\/wp\/v2\/comments?post=337190"}],"wp:featuredmedia":[{"embeddable":true,"href":"https:\/\/www.moskito.cz\/de\/wp-json\/wp\/v2\/media\/337154"}],"wp:attachment":[{"href":"https:\/\/www.moskito.cz\/de\/wp-json\/wp\/v2\/media?parent=337190"}],"wp:term":[{"taxonomy":"pwb-brand","embeddable":true,"href":"https:\/\/www.moskito.cz\/de\/wp-json\/wp\/v2\/pwb-brand?post=337190"},{"taxonomy":"product_brand","embeddable":true,"href":"https:\/\/www.moskito.cz\/de\/wp-json\/wp\/v2\/product_brand?post=337190"},{"taxonomy":"product_cat","embeddable":true,"href":"https:\/\/www.moskito.cz\/de\/wp-json\/wp\/v2\/product_cat?post=337190"},{"taxonomy":"product_tag","embeddable":true,"href":"https:\/\/www.moskito.cz\/de\/wp-json\/wp\/v2\/product_tag?post=337190"}],"curies":[{"name":"wp","href":"https:\/\/api.w.org\/{rel}","templated":true}]}}