{"id":337360,"date":"2024-04-30T15:03:16","date_gmt":"2024-04-30T14:05:33","guid":{"rendered":"https:\/\/www.moskito.cz\/produkt\/schliessmesser-microtech-msi-stonewashed-210t-10pmod\/"},"modified":"2025-05-07T11:13:41","modified_gmt":"2025-05-07T10:13:41","slug":"schliessmesser-microtech-msi-stonewashed-210t-10pmod","status":"publish","type":"product","link":"https:\/\/www.moskito.cz\/de\/produkt\/schliessmesser-microtech-msi-stonewashed-210t-10pmod\/","title":{"rendered":"Schlie\u00dfmesser Microtech MSI Stonewashed 210T-10PMOD"},"content":{"rendered":"<p>Schlie\u00dfmesser <strong>Microtech<\/strong> MSI Stonewashed 210T-10PMOD.<\/p>\n<p>Das im Jahr 2023 erschienene MSI (Microtech Standard Issue) ist das erste Messer von Microtech, das \u00fcber die fantastische RAM-LOK-Technologie verf\u00fcgt. Dieses robuste Crossbar-Schloss verf\u00fcgt \u00fcber das charakteristische Stufenmuster von Microtech, das durch die Ultratech-Serie von Steuerschaltern bekannt wurde. Der gro\u00dfe Klingenausschnitt bietet viel Platz f\u00fcr einen Mittelfinger-R\u00fcckschwung und eine standardm\u00e4\u00dfige langsame Daumen\u00f6ffnung mit oder ohne Handschuhe. Wenn Sie beides nicht m\u00f6chten, ziehen Sie einfach am RAM-LOK und die Klinge \u00f6ffnet sich mit einem einfachen Handgriff. Eingespritzte Griffe sind glatt und leicht klebrig und bieten sowohl bei Standard- als auch bei umgekehrten Griffen ein hervorragendes Griffpotenzial. Robust, langlebig, \u00e4u\u00dferst hochwertig und hergestellt in den USA; Wir wissen, dass MSI schnell zum Liebling der Fans aller Mitglieder der Messer-Community werden wird.<br \/>\nSpezifikationen:<\/p>\n<p>Gesamtl\u00e4nge: 22,7 cm<br \/>\nKlingenl\u00e4nge: 9,9 cm<br \/>\nKlingenst\u00e4rke: 0,4 cm<br \/>\nKlingenstahl: B\u00f6hler M390MK Edelstahl<br \/>\nKlingenst\u00e4rke: 0,158 Zoll<br \/>\nKlingenstil: Modifizierter Sheepfoot<br \/>\nKlingenschliff: Flach<br \/>\nOberfl\u00e4chenbehandlung der Klinge: Stonewash<br \/>\nGriffmaterial: OD Green Spritzgusspolymer<br \/>\nEinsatzmaterial: Edelstahl<br \/>\nGriffst\u00e4rke: 0,545 Zoll<br \/>\nVerriegelungsmechanismus: RAM-LOK<br \/>\nTaschenclip: Edelstahl (klappbar, links\/rechts tragbar)<br \/>\nGewicht: 4,52 Unzen.<br \/>\nDesigner: Tony Marfione<br \/>\nHergestellt in den USA<\/p>\n<p><iframe title=\"Microtech Combat Troodon Torture Test\" width=\"800\" height=\"450\" src=\"https:\/\/www.youtube.com\/embed\/xE9TeOFYEjg?feature=oembed\" frameborder=\"0\" allow=\"accelerometer; autoplay; clipboard-write; encrypted-media; gyroscope; picture-in-picture; web-share\" referrerpolicy=\"strict-origin-when-cross-origin\" allowfullscreen><\/iframe><\/p>\n<p>&nbsp;<\/p>\n","protected":false},"excerpt":{"rendered":"<div class=\"elementor-element elementor-element-bbb542b elementor-widget elementor-widget-woocommerce-product-short-description\" data-id=\"bbb542b\" data-element_type=\"widget\" data-widget_type=\"woocommerce-product-short-description.default\">\n<div class=\"elementor-widget-container\">\n<div class=\"woocommerce-product-details__short-description\">\n<p><strong>Im Laufe der Jahre hat Microtech\u00ae Knives Messer mit Leidenschaft und K\u00f6nnen gef\u00fcllt, um nahezu Kunstwerke zu schaffen, die den Gipfel der Funktionalit\u00e4t darstellen. Alle Teile werden in den USA hergestellt.<\/strong><br \/>\n<strong>F\u00fcr alle Microtech-Messer gilt eine lebenslange Garantie.<\/strong><\/p>\n<p><strong>Kostenloser Transport.<\/strong><\/p>\n<\/div>\n<\/div>\n<\/div>\n","protected":false},"featured_media":337309,"comment_status":"open","ping_status":"closed","template":"","meta":[],"pwb-brand":[3278],"product_brand":[],"product_cat":[3285,3303],"product_tag":[3669],"class_list":{"0":"post-337360","1":"product","2":"type-product","3":"status-publish","4":"has-post-thumbnail","6":"pwb-brand-microtech-de","7":"product_cat-messer","8":"product_cat-schliesmesser","9":"product_tag-b2b-de","11":"first","12":"instock","13":"taxable","14":"shipping-taxable","15":"purchasable","16":"product-type-simple"},"brands":[{"id":3278,"name":"Microtech","slug":"microtech-de"}],"_links":{"self":[{"href":"https:\/\/www.moskito.cz\/de\/wp-json\/wp\/v2\/product\/337360","targetHints":{"allow":["GET"]}}],"collection":[{"href":"https:\/\/www.moskito.cz\/de\/wp-json\/wp\/v2\/product"}],"about":[{"href":"https:\/\/www.moskito.cz\/de\/wp-json\/wp\/v2\/types\/product"}],"replies":[{"embeddable":true,"href":"https:\/\/www.moskito.cz\/de\/wp-json\/wp\/v2\/comments?post=337360"}],"wp:featuredmedia":[{"embeddable":true,"href":"https:\/\/www.moskito.cz\/de\/wp-json\/wp\/v2\/media\/337309"}],"wp:attachment":[{"href":"https:\/\/www.moskito.cz\/de\/wp-json\/wp\/v2\/media?parent=337360"}],"wp:term":[{"taxonomy":"pwb-brand","embeddable":true,"href":"https:\/\/www.moskito.cz\/de\/wp-json\/wp\/v2\/pwb-brand?post=337360"},{"taxonomy":"product_brand","embeddable":true,"href":"https:\/\/www.moskito.cz\/de\/wp-json\/wp\/v2\/product_brand?post=337360"},{"taxonomy":"product_cat","embeddable":true,"href":"https:\/\/www.moskito.cz\/de\/wp-json\/wp\/v2\/product_cat?post=337360"},{"taxonomy":"product_tag","embeddable":true,"href":"https:\/\/www.moskito.cz\/de\/wp-json\/wp\/v2\/product_tag?post=337360"}],"curies":[{"name":"wp","href":"https:\/\/api.w.org\/{rel}","templated":true}]}}