{"id":337436,"date":"2024-04-30T15:38:06","date_gmt":"2024-04-30T14:42:01","guid":{"rendered":"https:\/\/www.moskito.cz\/produkt\/schiessmesser-microtech-combat-troodon-1142-1t\/"},"modified":"2025-05-07T11:13:47","modified_gmt":"2025-05-07T10:13:47","slug":"schiessmesser-microtech-combat-troodon-1142-1t","status":"publish","type":"product","link":"https:\/\/www.moskito.cz\/de\/produkt\/schiessmesser-microtech-combat-troodon-1142-1t\/","title":{"rendered":"Schie\u00dfmesser Microtech Combat Troodon 1142-1T"},"content":{"rendered":"<p>Schie\u00dfmesser <strong>Microtech<\/strong> Combat Troodon 1142-1T.<\/p>\n<p><strong>Das Combat Troodon<\/strong> D\/E Gen 3 Tactical Black Aluminium, Schwarz ist das gr\u00f6\u00dfte OTF-Automatikmesser (Out The Front) der Troodon-Serie und wurde f\u00fcr eine Vielzahl von Nutzanwendungen entwickelt. Es ist pr\u00e4zise gefertigt und verf\u00fcgt \u00fcber einen ausgekl\u00fcgelten und h\u00f6llisch schnellen Mechanismus, der die messerscharfe Klinge ausf\u00e4hrt. 100 % hergestellt und montiert in den USA. Entworfen von Anthony Marfione, Messermacher und Inhaber von Microtech Knives.<\/p>\n<p><strong>Combat Troodon<\/strong> OTF Line \u2013 Troodon bedeutet auf Griechisch \u201everwundender Zahn\u201c. Obwohl der Name zuerst dem Raptor-\u00e4hnlichen Dinosaurier gegeben wurde, ist der Name auch f\u00fcr das gro\u00dfe OTF-Messer von Microtech passend, das f\u00fcr vielf\u00e4ltige Einsatzzwecke und den Nahkampf entwickelt wurde. Das Over-the-Top-Automatikmesser mit doppelter Wirkung (D\/A) ist ein beliebtes OTF bei Strafverfolgungsbeh\u00f6rden, US-Milit\u00e4rs und Notfallpersonal. Aufgrund seiner robusten Konstruktion ist das Combat Troodon\u00ae f\u00fcr den harten Einsatz geeignet, und die Vorteile der Out The Front-Automatik machen es auch zu einem hervorragenden Messer f\u00fcr den t\u00e4glichen Gebrauch.<\/p>\n<p>M390MK \u2013 eine Zusammenarbeit zwischen Microtech und B\u00f6hler-Ingenieuren hat zu einer exklusiven Version des M390-Stahls gef\u00fchrt, die speziell f\u00fcr Microtech hergestellt wurde. Der Kohlenstoffgehalt wurde erh\u00f6ht und einer detaillierteren Untersuchung unterzogen, wodurch die Eigenschaften von M390-Stahl verbessert wurden, um eine bessere Schnitthaltigkeit, Korrosionsbest\u00e4ndigkeit und Polierbarkeit zu gew\u00e4hrleisten. Martensitischer Hochleistungs-Chromstahl, hergestellt durch Pulvermetallurgie. Dank seines Legierungskonzepts weist es eine extrem hohe Verschlei\u00dffestigkeit und eine hohe Korrosionsbest\u00e4ndigkeit auf. Aufgrund seiner hohen Verschlei\u00dffestigkeit beh\u00e4lt es die Form der Klinge ausreichend bei, sodass die Klinge sehr lange scharf bleibt (erfordert nur minimale Wartung). Ein weiterer Vorteil ist die Best\u00e4ndigkeit gegen die Bildung von \u201eDraht\u201c beim Sch\u00e4rfen. Der Stahl hat einen hohen Gehalt an 19,0 % Chrom (Cr), dotiert mit 1,95 % Kohlenstoff (C), 4,0 % Vanadium (V) und ist auf 59\u201361 HRC geh\u00e4rtet. Dieser Superstahl ist vergleichbar mit den St\u00e4hlen CPM 20CV oder CTS-204P von Carpenter. Hersteller B\u00f6hler Edelstahl in Kapfenberg, \u00d6sterreich.<\/p>\n<p>Klinge \u2013 maschinengeschliffen, zweischneidig Typ D\/E (Double Edge Dagger), schwarz beschichtet. Die Klinge wurde mit einem hohen Flachschliff (Flat Grind) gefertigt, der f\u00fcr hervorragende Schneideigenschaften sorgt. Dadurch verf\u00fcgt das Messer \u00fcber hervorragende Durchschlagseigenschaften bei gleichzeitiger Beibehaltung der Festigkeit. Die mittig angeordnete Maserung verst\u00e4rkt die Klinge zus\u00e4tzlich. Ein starker Klingenausfahr-\/-einzugsmechanismus mit geformtem Daumenschieber, einem abgestuften Daumenschieber, erfordert aus Sicherheitsgr\u00fcnden eine bestimmte Kraft, um den Federwiderstand zu \u00fcberwinden. Die \u00d6ffnungsmethode gew\u00e4hrleistet ein problemloses \u00d6ffnen sowohl f\u00fcr Rechtsh\u00e4nder als auch f\u00fcr Linksh\u00e4nder.<\/p>\n<p>Griff \u2013 hergestellt mit hervorragender Pr\u00e4zision in 3D-Technologie auf CNC-Fr\u00e4smaschinen, aus Mil-Spec-beschichtetem, schwarz eloxiertem 6061-T6-Aluminium. Die Oberfl\u00e4chenstruktur des Griffs und die tiefen Einkerbungen (Jimping) sorgen daf\u00fcr, dass das Messer beim Gebrauch nicht in der Hand verrutscht. Das d\u00fcnne Profil und der gefr\u00e4ste, in zwei Positionen (rechts\/links) fixierte Deep-Carry-Clip erm\u00f6glichen das diskrete Tragen des Messers in einer Tasche mit der Spitze nach unten (Klingenspitze nach unten). Der Clip tr\u00e4gt das Microtech-Logo, die Seriennummer und das Herstellungsdatum. Der Griff ist mit einem Glasbrecher versehen, einem massiven Stahldreieck, in das eine Wolframcarbid-Kugel eingepresst ist. Es verf\u00fcgt au\u00dferdem \u00fcber eine \u00d6ffnung zum Einf\u00e4deln einer Zierkordel.<\/p>\n<p>Technische Daten:<br \/>\nProduktnummer: 1142-1T<br \/>\nProduktname: Combat Troodon D\/E Gen 3 Tactical Black Aluminium, Schwarz<\/p>\n<p>Gesamtl\u00e4nge: 24,13 cm<br \/>\nKlingenl\u00e4nge: 9,65 cm<br \/>\nKlingenst\u00e4rke: 0,33 cm<br \/>\nGriffl\u00e4nge: 14,6 cm<br \/>\nGriffst\u00e4rke: 1,50 cm<br \/>\nGewicht: 150,0 g<\/p>\n<p>Klingenmaterial: B\u00f6hler M390MK<br \/>\nKlingenh\u00e4rte: n.d<br \/>\nKlingenschliff: Flach<br \/>\nKlingenoberfl\u00e4che: Schwarze Beschichtung<\/p>\n<p>Griffmaterial: 6061-T6 Aluminium<br \/>\nGrifffarbe: Schwarz<br \/>\nMaterial des Backspacers: 6061-T6-Aluminium<br \/>\nFarbe des Backspacers: Schwarz<\/p>\n<p>Clip: Rechts\/Links, nach unten kippbar<br \/>\nClipmaterial: Edelstahl<\/p>\n<p>Drehmechanismus: n.d<br \/>\nVerriegelungsmechanismus: Schiebeverriegelung<br \/>\n\u00d6ffnungsmethode: Automatisch, Schiebe-Daumen zum Dr\u00fccken\/Ziehen<br \/>\nSonstiges Zubeh\u00f6r: keines<\/p>\n<p>Designer: Tony Marfione<br \/>\nMarke: Microtech Knives<br \/>\nHersteller: Microtech Knives<br \/>\nHerkunftsland: USA<\/p>\n<p><iframe title=\"Microtech Combat Troodon Torture Test\" width=\"800\" height=\"450\" src=\"https:\/\/www.youtube.com\/embed\/xE9TeOFYEjg?feature=oembed\" frameborder=\"0\" allow=\"accelerometer; autoplay; clipboard-write; encrypted-media; gyroscope; picture-in-picture; web-share\" referrerpolicy=\"strict-origin-when-cross-origin\" allowfullscreen><\/iframe><\/p>\n<p>&nbsp;<\/p>\n<p>&nbsp;<\/p>\n","protected":false},"excerpt":{"rendered":"<div class=\"elementor-element elementor-element-bbb542b elementor-widget elementor-widget-woocommerce-product-short-description\" data-id=\"bbb542b\" data-element_type=\"widget\" data-widget_type=\"woocommerce-product-short-description.default\">\n<div class=\"elementor-widget-container\">\n<div class=\"woocommerce-product-details__short-description\">\n<p>Im Laufe der Jahre hat <strong>Microtech\u00ae Knives<\/strong> Messer mit Leidenschaft und K\u00f6nnen gef\u00fcllt, um nahezu Kunstwerke zu schaffen, die den Gipfel der Funktionalit\u00e4t darstellen. Alle Teile werden in den USA hergestellt.<br \/>\n<strong>F\u00fcr alle Microtech-Messer gilt eine lebenslange Garantie.<\/strong><\/p>\n<p><strong>Kostenloser Transport.<\/strong><\/p>\n<\/div>\n<\/div>\n<\/div>\n","protected":false},"featured_media":337384,"comment_status":"open","ping_status":"closed","template":"","meta":[],"pwb-brand":[3278],"product_brand":[],"product_cat":[3285,3343],"product_tag":[3669],"class_list":{"0":"post-337436","1":"product","2":"type-product","3":"status-publish","4":"has-post-thumbnail","6":"pwb-brand-microtech-de","7":"product_cat-messer","8":"product_cat-schiesmesser","9":"product_tag-b2b-de","11":"first","12":"outofstock","13":"taxable","14":"shipping-taxable","15":"purchasable","16":"product-type-simple"},"brands":[{"id":3278,"name":"Microtech","slug":"microtech-de"}],"_links":{"self":[{"href":"https:\/\/www.moskito.cz\/de\/wp-json\/wp\/v2\/product\/337436","targetHints":{"allow":["GET"]}}],"collection":[{"href":"https:\/\/www.moskito.cz\/de\/wp-json\/wp\/v2\/product"}],"about":[{"href":"https:\/\/www.moskito.cz\/de\/wp-json\/wp\/v2\/types\/product"}],"replies":[{"embeddable":true,"href":"https:\/\/www.moskito.cz\/de\/wp-json\/wp\/v2\/comments?post=337436"}],"wp:featuredmedia":[{"embeddable":true,"href":"https:\/\/www.moskito.cz\/de\/wp-json\/wp\/v2\/media\/337384"}],"wp:attachment":[{"href":"https:\/\/www.moskito.cz\/de\/wp-json\/wp\/v2\/media?parent=337436"}],"wp:term":[{"taxonomy":"pwb-brand","embeddable":true,"href":"https:\/\/www.moskito.cz\/de\/wp-json\/wp\/v2\/pwb-brand?post=337436"},{"taxonomy":"product_brand","embeddable":true,"href":"https:\/\/www.moskito.cz\/de\/wp-json\/wp\/v2\/product_brand?post=337436"},{"taxonomy":"product_cat","embeddable":true,"href":"https:\/\/www.moskito.cz\/de\/wp-json\/wp\/v2\/product_cat?post=337436"},{"taxonomy":"product_tag","embeddable":true,"href":"https:\/\/www.moskito.cz\/de\/wp-json\/wp\/v2\/product_tag?post=337436"}],"curies":[{"name":"wp","href":"https:\/\/api.w.org\/{rel}","templated":true}]}}