{"id":337603,"date":"2024-04-30T19:23:30","date_gmt":"2024-04-30T18:26:22","guid":{"rendered":"https:\/\/www.moskito.cz\/produkt\/verschlussmesser-crkt-walker-monument-4000\/"},"modified":"2025-05-07T11:13:50","modified_gmt":"2025-05-07T10:13:50","slug":"verschlussmesser-crkt-walker-monument-4000","status":"publish","type":"product","link":"https:\/\/www.moskito.cz\/de\/produkt\/verschlussmesser-crkt-walker-monument-4000\/","title":{"rendered":"Verschlussmesser CRKT Walker Monument 4000"},"content":{"rendered":"<p>Verschlussmesser <strong>CRKT<\/strong> Walker Monument 4000.<\/p>\n<p>Nach einem der Lieblingsdesigns von Michael Walker.<\/p>\n<p>Nur wenige Namen in der Messerbranche genie\u00dfen so viel Respekt wie Michael Walker. Der zum Schneider gewordene Juwelier ist ein wahrer Meister seines Fachs, bekannt f\u00fcr seine k\u00fcnstlerischen und kunstvollen Designs, die \u00fcber die \u00fcbliche Definition eines Messers hinausgehen. Deshalb sind wir sehr stolz, Ihnen Monument\u2122 vorstellen zu k\u00f6nnen, eines von zwei Michael Walker-Designs, die in begrenzter St\u00fcckzahl erh\u00e4ltlich sind.<br \/>\nGut gebaut: Hergestellt in Italien<br \/>\nHochwertige Materialien: B\u00f6hler M390-Klingenstahl f\u00fcr hervorragende Schneidleistung<br \/>\nSanftes \u00d6ffnen: Der IKBS\u2122-Kugellagerstift entfaltet die Klinge sanft<br \/>\nStark und leicht: Der Titangriff vereint St\u00e4rke mit minimalem Gewicht<br \/>\nEinfach zu schlie\u00dfen: Der Einsteckverschluss l\u00e4sst sich einfach mit einer Hand schlie\u00dfen<br \/>\nNiedriges Profil: Der tiefe Trageclip passt tief in Ihre Tasche<\/p>\n<p>Klinge aus M390-Stahl<br \/>\nKlingenkante glatt<br \/>\nSatiniertes Klingenfinish<br \/>\nKlingenl\u00e4nge: 7,80 cm<br \/>\nKlingenst\u00e4rke: 0,36 cm<br \/>\nGesamtl\u00e4nge: 18,25 cm<br \/>\nL\u00e4nge geschlossen: 10,58 cm<br \/>\nGewicht: 3,90 Unzen. (110,56 g)<br \/>\nGriffmaterial Titan<br \/>\nStylisches Klappmesser mit Liner Lock<\/p>\n<p><iframe title=\"CRKT Monument\u2122 | Michael Walker Design\" width=\"800\" height=\"450\" src=\"https:\/\/www.youtube.com\/embed\/tmeUFfRyXQM?feature=oembed\" frameborder=\"0\" allow=\"accelerometer; autoplay; clipboard-write; encrypted-media; gyroscope; picture-in-picture; web-share\" referrerpolicy=\"strict-origin-when-cross-origin\" allowfullscreen><\/iframe><\/p>\n<p>&nbsp;<\/p>\n","protected":false},"excerpt":{"rendered":"<p>DESIGNER:<br \/>\nMichael Walker<br \/>\nTaos, New Mexico<br \/>\nMichael Walker wurde 2004 in die Hall of Fame des Blade Magazine aufgenommen und gilt als Erfinder von mehr als 20 Messermechanismen, darunter dem modernen Liner-Lock. Er ist eine treibende Kraft in der Welt der Ultra-High-End-Custom-Messer. Er begann als Juwelier und entdeckte sp\u00e4ter eine tiefe Leidenschaft f\u00fcr Klappmesser, da ihn die Kombination aus Technik, Industriedesign und k\u00fcnstlerischem Ausdruck anzog. Seine markanten Formen und aufw\u00e4ndigen Designs sind sofort erkennbar und auch nach Jahrzehnten in der Branche bleibt es einer der bekanntesten Namen im Besteckbereich.<\/p>\n<p>Kostenloser Transport.<\/p>\n","protected":false},"featured_media":337555,"comment_status":"open","ping_status":"closed","template":"","meta":[],"pwb-brand":[3457],"product_brand":[],"product_cat":[3285,3303],"product_tag":[3669],"class_list":{"0":"post-337603","1":"product","2":"type-product","3":"status-publish","4":"has-post-thumbnail","6":"pwb-brand-crkt-de","7":"product_cat-messer","8":"product_cat-schliesmesser","9":"product_tag-b2b-de","11":"first","12":"outofstock","13":"taxable","14":"shipping-taxable","15":"purchasable","16":"product-type-simple"},"brands":[{"id":3457,"name":"CRKT","slug":"crkt-de"}],"_links":{"self":[{"href":"https:\/\/www.moskito.cz\/de\/wp-json\/wp\/v2\/product\/337603","targetHints":{"allow":["GET"]}}],"collection":[{"href":"https:\/\/www.moskito.cz\/de\/wp-json\/wp\/v2\/product"}],"about":[{"href":"https:\/\/www.moskito.cz\/de\/wp-json\/wp\/v2\/types\/product"}],"replies":[{"embeddable":true,"href":"https:\/\/www.moskito.cz\/de\/wp-json\/wp\/v2\/comments?post=337603"}],"wp:featuredmedia":[{"embeddable":true,"href":"https:\/\/www.moskito.cz\/de\/wp-json\/wp\/v2\/media\/337555"}],"wp:attachment":[{"href":"https:\/\/www.moskito.cz\/de\/wp-json\/wp\/v2\/media?parent=337603"}],"wp:term":[{"taxonomy":"pwb-brand","embeddable":true,"href":"https:\/\/www.moskito.cz\/de\/wp-json\/wp\/v2\/pwb-brand?post=337603"},{"taxonomy":"product_brand","embeddable":true,"href":"https:\/\/www.moskito.cz\/de\/wp-json\/wp\/v2\/product_brand?post=337603"},{"taxonomy":"product_cat","embeddable":true,"href":"https:\/\/www.moskito.cz\/de\/wp-json\/wp\/v2\/product_cat?post=337603"},{"taxonomy":"product_tag","embeddable":true,"href":"https:\/\/www.moskito.cz\/de\/wp-json\/wp\/v2\/product_tag?post=337603"}],"curies":[{"name":"wp","href":"https:\/\/api.w.org\/{rel}","templated":true}]}}