{"id":337663,"date":"2024-04-30T19:43:08","date_gmt":"2024-04-30T18:46:32","guid":{"rendered":"https:\/\/www.moskito.cz\/produkt\/verschlussmesser-crkt-folts-obverse-7482\/"},"modified":"2025-05-07T11:13:51","modified_gmt":"2025-05-07T10:13:51","slug":"verschlussmesser-crkt-folts-obverse-7482","status":"publish","type":"product","link":"https:\/\/www.moskito.cz\/de\/produkt\/verschlussmesser-crkt-folts-obverse-7482\/","title":{"rendered":"Verschlussmesser CRKT Folts Obverse 7482"},"content":{"rendered":"<p>Verschlussmesser <strong>CRKT<\/strong> Folts Obverse 7482.<\/p>\n<p>Inspiriert von seinem Namensgeber ist <strong>das Obverse<\/strong> ein unverwechselbares Klappmesser, das sein Gesicht zeigen soll. Die satinierte Klinge aus hochwertigem M390-Stahl ist elegant und langlebig, w\u00e4hrend der Kohlefasergriff mit blau eloxiertem Titan St\u00e4rke mit Stil verbindet. Auch die Funktion kommt nicht zu kurz, mit sicherer Einsteckverriegelung f\u00fcr einfaches Schlie\u00dfen mit einer Hand. Wie auch immer man es betrachtet, diese Alltagskleidung ist eine zarte Balance aus Sch\u00f6nheit und St\u00e4rke.<br \/>\nHochwertige Materialien: B\u00f6hler M390-Klingenstahl f\u00fcr hervorragende Schneidleistung<br \/>\nSanftes \u00d6ffnen: Die Klinge mit IKBS\u2122-Kugellagerstift l\u00e4sst sich sanft \u00f6ffnen<br \/>\nStark und optisch: Der mit Titan verst\u00e4rkte Kohlefasergriff vereint St\u00e4rke mit optischer Attraktivit\u00e4t<br \/>\nEinfach zu schlie\u00dfen: Das Titanschloss l\u00e4sst sich einfach mit einer Hand schlie\u00dfen<br \/>\nOptischer Reiz: Blau eloxierter Titan-R\u00fcckenabstandshalter und Clip-Akzente.<\/p>\n<p>Klinge aus M390-Stahl<br \/>\nKlingenkante glatt<br \/>\nSatiniertes Klingenfinish<br \/>\nKlingenl\u00e4nge: 8,52 cm<br \/>\nKlingenst\u00e4rke: 0,32 cm<br \/>\nGesamtl\u00e4nge: 18,97 cm<br \/>\nGewicht 3,40 Unzen. (96,39 g)<br \/>\nGriffmaterial: Kohlefaser mit Titanpolster<br \/>\nStylisches Klappmesser mit Liner Lock<\/p>\n<p><iframe title=\"CRKT Obverse | Alan Folts Design\" width=\"800\" height=\"450\" src=\"https:\/\/www.youtube.com\/embed\/pvzdk01nYWo?feature=oembed\" frameborder=\"0\" allow=\"accelerometer; autoplay; clipboard-write; encrypted-media; gyroscope; picture-in-picture; web-share\" referrerpolicy=\"strict-origin-when-cross-origin\" allowfullscreen><\/iframe><\/p>\n<p>&nbsp;<\/p>\n<p>&nbsp;<\/p>\n","protected":false},"excerpt":{"rendered":"<p>DESIGNER<br \/>\nAlan Foltz<br \/>\nMelbourne, Florida<br \/>\nWenn es um Messer geht, wei\u00df Alan genau, wie man den Menschen etwas zur\u00fcckgibt. Er arbeitete sich an den Hochschulen hoch, indem er Messer in Kunstausstellungen pr\u00e4sentierte. Seitdem ist er beharrlich dabei, die Fertigkeiten der ma\u00dfgeschneiderten Messerherstellung zu lehren und an andere weiterzugeben. Das Unternehmen ist auf einzigartige, solide Klingen spezialisiert, die \u00fcber eine hervorragende Ergonomie und ein elegantes, futuristisches Design verf\u00fcgen, wie zum Beispiel die meistverkaufte Folts Minimalist \u00ae-Reihe.<\/p>\n<p>Kostenloser Transport.<\/p>\n","protected":false},"featured_media":337613,"comment_status":"open","ping_status":"closed","template":"","meta":[],"pwb-brand":[3457],"product_brand":[],"product_cat":[3303,3285],"product_tag":[3669],"class_list":{"0":"post-337663","1":"product","2":"type-product","3":"status-publish","4":"has-post-thumbnail","6":"pwb-brand-crkt-de","7":"product_cat-schliesmesser","8":"product_cat-messer","9":"product_tag-b2b-de","11":"first","12":"instock","13":"taxable","14":"shipping-taxable","15":"purchasable","16":"product-type-simple"},"brands":[{"id":3457,"name":"CRKT","slug":"crkt-de"}],"_links":{"self":[{"href":"https:\/\/www.moskito.cz\/de\/wp-json\/wp\/v2\/product\/337663","targetHints":{"allow":["GET"]}}],"collection":[{"href":"https:\/\/www.moskito.cz\/de\/wp-json\/wp\/v2\/product"}],"about":[{"href":"https:\/\/www.moskito.cz\/de\/wp-json\/wp\/v2\/types\/product"}],"replies":[{"embeddable":true,"href":"https:\/\/www.moskito.cz\/de\/wp-json\/wp\/v2\/comments?post=337663"}],"wp:featuredmedia":[{"embeddable":true,"href":"https:\/\/www.moskito.cz\/de\/wp-json\/wp\/v2\/media\/337613"}],"wp:attachment":[{"href":"https:\/\/www.moskito.cz\/de\/wp-json\/wp\/v2\/media?parent=337663"}],"wp:term":[{"taxonomy":"pwb-brand","embeddable":true,"href":"https:\/\/www.moskito.cz\/de\/wp-json\/wp\/v2\/pwb-brand?post=337663"},{"taxonomy":"product_brand","embeddable":true,"href":"https:\/\/www.moskito.cz\/de\/wp-json\/wp\/v2\/product_brand?post=337663"},{"taxonomy":"product_cat","embeddable":true,"href":"https:\/\/www.moskito.cz\/de\/wp-json\/wp\/v2\/product_cat?post=337663"},{"taxonomy":"product_tag","embeddable":true,"href":"https:\/\/www.moskito.cz\/de\/wp-json\/wp\/v2\/product_tag?post=337663"}],"curies":[{"name":"wp","href":"https:\/\/api.w.org\/{rel}","templated":true}]}}