{"id":337776,"date":"2024-04-30T20:21:29","date_gmt":"2024-04-30T19:24:17","guid":{"rendered":"https:\/\/www.moskito.cz\/produkt\/feststehendes-messer-crkt-bear-claw-2516k\/"},"modified":"2025-05-07T11:13:54","modified_gmt":"2025-05-07T10:13:54","slug":"feststehendes-messer-crkt-bear-claw-2516k","status":"publish","type":"product","link":"https:\/\/www.moskito.cz\/de\/produkt\/feststehendes-messer-crkt-bear-claw-2516k\/","title":{"rendered":"Feststehendes Messer CRKT Bear Claw 2516K"},"content":{"rendered":"<p>Feststehendes Messer <strong>CRKT<\/strong> Bear Claw 2516K.<\/p>\n<p>Diese Version des Bear Claw\u2122-Messers verf\u00fcgt \u00fcber das gleiche Profil wie das Original mit einer neuen nadelscharfen Spitze, die speziell f\u00fcr K\u00f6rperpiercings entwickelt wurde, wodurch es f\u00fcr allt\u00e4gliche Ausfl\u00fcge im Freien und als pers\u00f6nliches Sicherheitswerkzeug n\u00fctzlich ist. Die Hawkbill-Klinge besteht aus rostfreiem Stahl und hat eine gerade Kante zum einfachen Sch\u00e4rfen. Der strukturierte Griff hat ein Fingerloch, sodass er gut in Ihre Handfl\u00e4che passt, und das Geh\u00e4use verf\u00fcgt \u00fcber mehrere Befestigungsm\u00f6glichkeiten f\u00fcr einfachen Zugriff im Notfall \u2013 so k\u00f6nnen Sie sich auf die anstehende Aufgabe konzentrieren.<br \/>\nMaximale Lebensdauer: AUS 8 ist korrosionsbest\u00e4ndig<br \/>\nPr\u00e4zisionsspitze: Die Spitze der Klinge mit einer scharfen Nadel zum Durchstechen<br \/>\nStark und leicht: Der glasfaserverst\u00e4rkte Nylongriff ist langlebig und leicht<br \/>\nAu\u00dfergew\u00f6hnlicher Grip: Strukturierter Grip sorgt f\u00fcr Halt bei N\u00e4sse<br \/>\nGer\u00e4tekompatibel: Robustes, glasfaserverst\u00e4rktes Nylongeh\u00e4use mit Befestigungsm\u00f6glichkeiten.<\/p>\n<p>Klingenstahl AUS 8<br \/>\nKlingenkante glatt<br \/>\nOberfl\u00e4chenbehandlung der Klingenpulverbeschichtung<br \/>\nKlingenl\u00e4nge: 6,07 cm<br \/>\nKlingenst\u00e4rke: 0,35 cm<br \/>\nGesamtl\u00e4nge: 14,44 cm<br \/>\nGewicht 3,10 Unzen. (87,88 g)<br \/>\nGriffmaterial Nylon verst\u00e4rkt mit Glas<br \/>\nStilvolles Messer mit feststehender Klinge und Scheide<br \/>\nSchalenmaterial Thermoplast<\/p>\n<p><iframe title=\"CRKT Bear Claw\u2122 Fixed | Russ Kommer Design\" width=\"800\" height=\"450\" src=\"https:\/\/www.youtube.com\/embed\/fZmikWYr6KI?feature=oembed\" frameborder=\"0\" allow=\"accelerometer; autoplay; clipboard-write; encrypted-media; gyroscope; picture-in-picture; web-share\" referrerpolicy=\"strict-origin-when-cross-origin\" allowfullscreen><\/iframe><\/p>\n<p>&nbsp;<\/p>\n<p>&nbsp;<\/p>\n","protected":false},"excerpt":{"rendered":"<p>DESIGNER<br \/>\nRuss Kommer<br \/>\nFargo, North Dakota<br \/>\nZu sagen, dass Russ ein Naturliebhaber ist, ist etwas untertrieben. Der professionelle Angel- und Jagdf\u00fchrer begann mit der Herstellung von Messern, als ihm einer seiner Kunden sein eigenes Messer mitbrachte und einen ganzen Elch zurechtmachte \u2013 ohne ihn zu sch\u00e4rfen. Seitdem hat er es sich zur Aufgabe gemacht, Werkzeuge herzustellen, die nur er selbst benutzen w\u00fcrde. Seine Bear Claw&#8217;s\u2122 und Hoist&#8217;N Lok\u00ae sind Typen, die auch andere J\u00e4ger verwenden.<\/p>\n","protected":false},"featured_media":337735,"comment_status":"open","ping_status":"closed","template":"","meta":[],"pwb-brand":[3457],"product_brand":[],"product_cat":[3287,3285],"product_tag":[3669],"class_list":{"0":"post-337776","1":"product","2":"type-product","3":"status-publish","4":"has-post-thumbnail","6":"pwb-brand-crkt-de","7":"product_cat-solide-messer","8":"product_cat-messer","9":"product_tag-b2b-de","11":"first","12":"outofstock","13":"sale","14":"taxable","15":"shipping-taxable","16":"purchasable","17":"product-type-simple"},"brands":[{"id":3457,"name":"CRKT","slug":"crkt-de"}],"_links":{"self":[{"href":"https:\/\/www.moskito.cz\/de\/wp-json\/wp\/v2\/product\/337776","targetHints":{"allow":["GET"]}}],"collection":[{"href":"https:\/\/www.moskito.cz\/de\/wp-json\/wp\/v2\/product"}],"about":[{"href":"https:\/\/www.moskito.cz\/de\/wp-json\/wp\/v2\/types\/product"}],"replies":[{"embeddable":true,"href":"https:\/\/www.moskito.cz\/de\/wp-json\/wp\/v2\/comments?post=337776"}],"wp:featuredmedia":[{"embeddable":true,"href":"https:\/\/www.moskito.cz\/de\/wp-json\/wp\/v2\/media\/337735"}],"wp:attachment":[{"href":"https:\/\/www.moskito.cz\/de\/wp-json\/wp\/v2\/media?parent=337776"}],"wp:term":[{"taxonomy":"pwb-brand","embeddable":true,"href":"https:\/\/www.moskito.cz\/de\/wp-json\/wp\/v2\/pwb-brand?post=337776"},{"taxonomy":"product_brand","embeddable":true,"href":"https:\/\/www.moskito.cz\/de\/wp-json\/wp\/v2\/product_brand?post=337776"},{"taxonomy":"product_cat","embeddable":true,"href":"https:\/\/www.moskito.cz\/de\/wp-json\/wp\/v2\/product_cat?post=337776"},{"taxonomy":"product_tag","embeddable":true,"href":"https:\/\/www.moskito.cz\/de\/wp-json\/wp\/v2\/product_tag?post=337776"}],"curies":[{"name":"wp","href":"https:\/\/api.w.org\/{rel}","templated":true}]}}