{"id":337819,"date":"2024-04-30T20:46:05","date_gmt":"2024-04-30T19:48:44","guid":{"rendered":"https:\/\/www.moskito.cz\/produkt\/feststehendes-messer-crkt-razel-4037\/"},"modified":"2025-05-07T11:13:55","modified_gmt":"2025-05-07T10:13:55","slug":"feststehendes-messer-crkt-razel-4037","status":"publish","type":"product","link":"https:\/\/www.moskito.cz\/de\/produkt\/feststehendes-messer-crkt-razel-4037\/","title":{"rendered":"Feststehendes Messer CRKT Razel 4037"},"content":{"rendered":"<p>Feststehendes Messer <strong>CRKT<\/strong> Razel 4037.<\/p>\n<p>Das Razel\u2122 ist ein leistungsstarkes Taschenmesser mit feststehender Klinge, das auf dem Originaldesign von Jon Graham basiert, einem mechanischen Schneider, der den Strapazen des Alltags in der Werkstatt gewachsen ist.<\/p>\n<p>Seine eckige Mei\u00dfelklinge verleiht ihm Multitool-Eigenschaften und erm\u00f6glicht ihm eine hervorragende Leistung bei einer Vielzahl von Bedingungen, einschlie\u00dflich Druckschneiden, Schaben und Hobeln.<br \/>\nHervorragende Leistung: D2-Klingenstahl f\u00fcr hervorragenden Klingenhalt<br \/>\nMehrzweckwerkzeug: Mei\u00dfelklinge zum Schneiden oder Schaben geeignet<br \/>\nStark und optisch: Der Micarta-Griff vereint St\u00e4rke mit optischer Attraktivit\u00e4t<br \/>\nBequemer Transport: Taschenetui f\u00fcr schnellen Einsatz<br \/>\nZubeh\u00f6roptionen: Loch f\u00fcr Lanyard f\u00fcr Anh\u00e4nger<\/p>\n<p>Klinge aus D2-Stahl<br \/>\nKlingenkante glatt<br \/>\nSatiniertes Klingenfinish<br \/>\nKlingenl\u00e4nge: 7,55 cm<br \/>\nKlingenst\u00e4rke: 0,43 cm<br \/>\nGesamtl\u00e4nge: 17,14 cm<br \/>\nGewicht 4,20 Unzen. (119,07 g)<br \/>\nMicarta-Griffmaterial<br \/>\nStilvolles Messer mit feststehender Klinge und Scheide<br \/>\nSchalenmaterial Thermoplast<\/p>\n","protected":false},"excerpt":{"rendered":"<p>DESIGNER<br \/>\nJon Graham<br \/>\nCleveland, Tennessee<br \/>\nJon Graham aus Cleveland, Tennessee, wurde als Sohn eines Vaters geboren, der Messer sch\u00e4tzte. Schon in jungen Jahren lernte er, wie wichtig ein gutes Messer ist. \u201eIch habe mein erstes Messer mit sieben Jahren bekommen und bin seitdem nicht mehr ohne gewesen.\u201c Ende der 80er Jahre Als Jon vor Jahren bei Aviaono AB in Italien stationiert war, entdeckte er in einer Zeitschrift handgefertigte Messer und wusste, dass dies etwas war, was er tun wollte. Nach seinem Ausscheiden aus der Air Force und der Eingew\u00f6hnung in einen Job begann Jon 1994 mit der Herstellung von Tischmessern mit einfachen Werkzeugen. Jon war es leid, die Entw\u00fcrfe anderer Leute zu entwerfen, und bat 1999 seinen Bruder Josh, sich etwas Ausr\u00fcstung zu besorgen und zu lernen, wie man Messer durch Verschrotten herstellt. Seitdem ist er begeistert und strebt st\u00e4ndig danach, seine Konstruktionen und F\u00e4higkeiten zu verbessern, aufbauend auf seiner Erfahrung als Dieselmotorentechniker. Graham Knives ist auf praktische taktische Designs mit Schwerpunkt auf EDC-Taschenmessern mit feststehender Klinge spezialisiert. Seine Lieblingsmesserlinie ist jedoch das ma\u00dfgefertigte zweischneidige Razel, das das Unternehmen in vielen Gr\u00f6\u00dfen und Ausf\u00fchrungen herstellt. Er ist der Designer des CRKT Razel und des Folding Razel.<\/p>\n","protected":false},"featured_media":337784,"comment_status":"open","ping_status":"closed","template":"","meta":[],"pwb-brand":[3457],"product_brand":[],"product_cat":[3287,3285],"product_tag":[3669],"class_list":{"0":"post-337819","1":"product","2":"type-product","3":"status-publish","4":"has-post-thumbnail","6":"pwb-brand-crkt-de","7":"product_cat-solide-messer","8":"product_cat-messer","9":"product_tag-b2b-de","11":"first","12":"outofstock","13":"sale","14":"taxable","15":"shipping-taxable","16":"purchasable","17":"product-type-simple"},"brands":[{"id":3457,"name":"CRKT","slug":"crkt-de"}],"_links":{"self":[{"href":"https:\/\/www.moskito.cz\/de\/wp-json\/wp\/v2\/product\/337819","targetHints":{"allow":["GET"]}}],"collection":[{"href":"https:\/\/www.moskito.cz\/de\/wp-json\/wp\/v2\/product"}],"about":[{"href":"https:\/\/www.moskito.cz\/de\/wp-json\/wp\/v2\/types\/product"}],"replies":[{"embeddable":true,"href":"https:\/\/www.moskito.cz\/de\/wp-json\/wp\/v2\/comments?post=337819"}],"wp:featuredmedia":[{"embeddable":true,"href":"https:\/\/www.moskito.cz\/de\/wp-json\/wp\/v2\/media\/337784"}],"wp:attachment":[{"href":"https:\/\/www.moskito.cz\/de\/wp-json\/wp\/v2\/media?parent=337819"}],"wp:term":[{"taxonomy":"pwb-brand","embeddable":true,"href":"https:\/\/www.moskito.cz\/de\/wp-json\/wp\/v2\/pwb-brand?post=337819"},{"taxonomy":"product_brand","embeddable":true,"href":"https:\/\/www.moskito.cz\/de\/wp-json\/wp\/v2\/product_brand?post=337819"},{"taxonomy":"product_cat","embeddable":true,"href":"https:\/\/www.moskito.cz\/de\/wp-json\/wp\/v2\/product_cat?post=337819"},{"taxonomy":"product_tag","embeddable":true,"href":"https:\/\/www.moskito.cz\/de\/wp-json\/wp\/v2\/product_tag?post=337819"}],"curies":[{"name":"wp","href":"https:\/\/api.w.org\/{rel}","templated":true}]}}