{"id":337900,"date":"2024-04-30T22:00:09","date_gmt":"2024-04-30T21:03:44","guid":{"rendered":"https:\/\/www.moskito.cz\/produkt\/feststehendes-messer-crkt-folts-2399\/"},"modified":"2025-05-07T11:13:57","modified_gmt":"2025-05-07T10:13:57","slug":"feststehendes-messer-crkt-folts-2399","status":"publish","type":"product","link":"https:\/\/www.moskito.cz\/de\/produkt\/feststehendes-messer-crkt-folts-2399\/","title":{"rendered":"Feststehendes Messer CRKT Folts 2399"},"content":{"rendered":"<p>Feststehendes Messer <strong>CRKT<\/strong> Folts 2399.<\/p>\n<p>Ein gutes Messer muss nicht kompliziert sein.<\/p>\n<p>Der SPIT\u2122 (Small. Pocket. Inverted. Tanto.) ist eine Variation des beliebten SPEW\u2122 (Small. Pocket. Everyday. Wharncliffe.), entworfen von Alan Folts aus Melbourne, Florida. Mit einer k\u00fcrzeren feststehenden Klinge als sein Cousin bietet der SPIT\u2122 eine verbesserte Tragbarkeit, beh\u00e4lt aber einen gro\u00dfen Griff f\u00fcr zus\u00e4tzliche Hebelwirkung beim Schneiden.<br \/>\nEinfaches Sch\u00e4rfen: Die Klinge aus rostfreiem Kohlenstoffstahl h\u00e4lt die Schneide gut<br \/>\nPr\u00e4zisionsspitze: Die Spitze der Klinge mit einer scharfen Nadel zum Ritzen<br \/>\nCurb Appeal: Stonewash- und Satin-Klingenoberfl\u00e4chen sorgen f\u00fcr einen gewagten Look<br \/>\nAu\u00dfergew\u00f6hnlicher Halt: Der G10-Griff bietet au\u00dfergew\u00f6hnlichen Halt unter allen Bedingungen<br \/>\nKompatibel mit dem Getriebe: Robuste Thermoplastschale mit Befestigungsm\u00f6glichkeit<br \/>\nKompaktes Werkzeug: Leicht und einfach zu transportieren<\/p>\n<p>Klinge aus 8Cr13MoV-Stahl<br \/>\nKlingenkante glatt<br \/>\nStonewash-Klingenfinish<br \/>\nKlingenl\u00e4nge: 5,81 cm<br \/>\nKlingenst\u00e4rke: 0,27 cm<br \/>\nGesamtl\u00e4nge: 13,91 cm<br \/>\nGewicht 1,90 Unzen. (53,86 g)<br \/>\nGriffmaterial G10<br \/>\nStilvolles Messer mit feststehender Klinge und Scheide<br \/>\nSchalenmaterial Thermoplast<\/p>\n<p><iframe title=\"CRKT S.P.I.T.\u2122 (Small. Pocket. Inverted. Tanto.) | Alan Folts Design\" width=\"800\" height=\"450\" src=\"https:\/\/www.youtube.com\/embed\/4lppOJHTgZk?feature=oembed\" frameborder=\"0\" allow=\"accelerometer; autoplay; clipboard-write; encrypted-media; gyroscope; picture-in-picture; web-share\" referrerpolicy=\"strict-origin-when-cross-origin\" allowfullscreen><\/iframe><\/p>\n<p>&nbsp;<\/p>\n","protected":false},"excerpt":{"rendered":"<p>DESIGNER<br \/>\nAlan Foltz<br \/>\nMelbourne, Florida<br \/>\nWenn es um Messer geht, wei\u00df Alan genau, wie man den Menschen etwas zur\u00fcckgibt. Er arbeitete sich an den Hochschulen hoch, indem er Messer in Kunstausstellungen pr\u00e4sentierte. Seitdem ist er beharrlich dabei, die Fertigkeiten der ma\u00dfgeschneiderten Messerherstellung zu lehren und an andere weiterzugeben. Das Unternehmen ist auf einzigartige, solide Klingen spezialisiert, die \u00fcber eine hervorragende Ergonomie und ein elegantes, futuristisches Design verf\u00fcgen, wie zum Beispiel die meistverkaufte Folts Minimalist \u00ae-Reihe.<\/p>\n","protected":false},"featured_media":337856,"comment_status":"open","ping_status":"closed","template":"","meta":[],"pwb-brand":[3457],"product_brand":[],"product_cat":[3285,3287],"product_tag":[3669],"class_list":{"0":"post-337900","1":"product","2":"type-product","3":"status-publish","4":"has-post-thumbnail","6":"pwb-brand-crkt-de","7":"product_cat-messer","8":"product_cat-solide-messer","9":"product_tag-b2b-de","11":"first","12":"outofstock","13":"taxable","14":"shipping-taxable","15":"purchasable","16":"product-type-simple"},"brands":[{"id":3457,"name":"CRKT","slug":"crkt-de"}],"_links":{"self":[{"href":"https:\/\/www.moskito.cz\/de\/wp-json\/wp\/v2\/product\/337900","targetHints":{"allow":["GET"]}}],"collection":[{"href":"https:\/\/www.moskito.cz\/de\/wp-json\/wp\/v2\/product"}],"about":[{"href":"https:\/\/www.moskito.cz\/de\/wp-json\/wp\/v2\/types\/product"}],"replies":[{"embeddable":true,"href":"https:\/\/www.moskito.cz\/de\/wp-json\/wp\/v2\/comments?post=337900"}],"wp:featuredmedia":[{"embeddable":true,"href":"https:\/\/www.moskito.cz\/de\/wp-json\/wp\/v2\/media\/337856"}],"wp:attachment":[{"href":"https:\/\/www.moskito.cz\/de\/wp-json\/wp\/v2\/media?parent=337900"}],"wp:term":[{"taxonomy":"pwb-brand","embeddable":true,"href":"https:\/\/www.moskito.cz\/de\/wp-json\/wp\/v2\/pwb-brand?post=337900"},{"taxonomy":"product_brand","embeddable":true,"href":"https:\/\/www.moskito.cz\/de\/wp-json\/wp\/v2\/product_brand?post=337900"},{"taxonomy":"product_cat","embeddable":true,"href":"https:\/\/www.moskito.cz\/de\/wp-json\/wp\/v2\/product_cat?post=337900"},{"taxonomy":"product_tag","embeddable":true,"href":"https:\/\/www.moskito.cz\/de\/wp-json\/wp\/v2\/product_tag?post=337900"}],"curies":[{"name":"wp","href":"https:\/\/api.w.org\/{rel}","templated":true}]}}