{"id":337952,"date":"2024-04-30T22:23:47","date_gmt":"2024-04-30T21:27:12","guid":{"rendered":"https:\/\/www.moskito.cz\/produkt\/feststehendes-messer-crkt-bear-claw-2511er\/"},"modified":"2025-05-07T11:13:59","modified_gmt":"2025-05-07T10:13:59","slug":"feststehendes-messer-crkt-bear-claw-2511er","status":"publish","type":"product","link":"https:\/\/www.moskito.cz\/de\/produkt\/feststehendes-messer-crkt-bear-claw-2511er\/","title":{"rendered":"Feststehendes Messer CRKT Bear Claw 2511ER"},"content":{"rendered":"<p>Feststehendes Messer CRKT Bear Claw 2511ER.<\/p>\n<p>Flussmesser. Rettungsmesser. Wie auch immer Sie es nennen, es erledigt den Job.<\/p>\n<p>Das Bear Claw\u2122 ist ein kompaktes Messer mit feststehender Klinge und einer stumpfen Spitze, die ein Eindringen der Spitze verhindert und das Tragen auf Fl\u00f6\u00dfen und Schlauchbooten sicherer macht. Die Hawkbill-Klinge ist aus rostfreiem Stahl gefertigt und mit Veff Serrations\u2122 beschichtet, die m\u00fchelose Schnitte erm\u00f6glichen und eine schnelle Bearbeitung von Seilen und Gurten erm\u00f6glichen. Im Laufe der Jahre hat sich die Bear Claw\u2122 zu einem Favoriten unter Wildwasser-Raftern, Flussf\u00fchrern, Wassersportlern und Notfallhelfern entwickelt. Der leuchtend orangefarbene Griff verf\u00fcgt \u00fcber ein Fingerloch f\u00fcr sicheren Halt bei N\u00e4sse, w\u00e4hrend das Geh\u00e4use \u00fcber mehrere Befestigungsm\u00f6glichkeiten f\u00fcr schnellen Zugriff in Notsituationen verf\u00fcgt \u2013 so k\u00f6nnen Sie sich auf die anstehende Aufgabe konzentrieren.<br \/>\nMaximale Lebensdauer: AUS 8 ist korrosionsbest\u00e4ndig<\/p>\n<p>Extrem scharf: Veff Serrations\u2122 bieten hervorragende Schneidkraft f\u00fcr Seile und Gurtb\u00e4nder<br \/>\nStark und leicht: Der glasfaserverst\u00e4rkte Nylongriff ist langlebig und leicht<br \/>\nAu\u00dfergew\u00f6hnlicher Grip: Strukturierter Grip sorgt f\u00fcr Halt bei N\u00e4sse<br \/>\nGer\u00e4tekompatibel: Robustes, glasfaserverst\u00e4rktes Nylongeh\u00e4use mit Befestigungsm\u00f6glichkeiten<\/p>\n<p>Klingenstahl AUS 8<br \/>\nKlingenkante Veff Serrations\u2122<br \/>\nStonewash-Klingenfinish<br \/>\nKlingenl\u00e4nge: 6,05 cm<br \/>\nKlingenst\u00e4rke: 0,34 cm<br \/>\nGesamtl\u00e4nge: 14,44 cm<br \/>\nGewicht 3,20 Unzen. (90,72 g)<br \/>\nGriffmaterial Nylon verst\u00e4rkt mit Glas<br \/>\nStilvolles Messer mit feststehender Klinge und Scheide<br \/>\nSchalenmaterial Thermoplast<\/p>\n<p><iframe title=\"CRKT Bear Claw\u2122 Fixed | Russ Kommer Design\" width=\"800\" height=\"450\" src=\"https:\/\/www.youtube.com\/embed\/-jnZUTVflp8?feature=oembed\" frameborder=\"0\" allow=\"accelerometer; autoplay; clipboard-write; encrypted-media; gyroscope; picture-in-picture; web-share\" referrerpolicy=\"strict-origin-when-cross-origin\" allowfullscreen><\/iframe><\/p>\n<p>&nbsp;<\/p>\n<p>&nbsp;<\/p>\n","protected":false},"excerpt":{"rendered":"<p>DESIGNER<br \/>\nRuss Kommer<br \/>\nFargo, North Dakota<br \/>\nZu sagen, dass Russ ein Naturliebhaber ist, ist etwas untertrieben. Der professionelle Angel- und Jagdf\u00fchrer begann mit der Herstellung von Messern, als ihm einer seiner Kunden sein eigenes Messer mitbrachte und einen ganzen Elch zurechtmachte \u2013 ohne ihn zu sch\u00e4rfen. Seitdem hat er es sich zur Aufgabe gemacht, Werkzeuge herzustellen, die nur er selbst benutzen w\u00fcrde. Seine Bear Claw&#8217;s\u2122 und Hoist&#8217;N Lok\u00ae sind Typen, die auch andere J\u00e4ger verwenden.<\/p>\n","protected":false},"featured_media":337906,"comment_status":"open","ping_status":"closed","template":"","meta":[],"pwb-brand":[3457],"product_brand":[],"product_cat":[3285,3287],"product_tag":[3669],"class_list":{"0":"post-337952","1":"product","2":"type-product","3":"status-publish","4":"has-post-thumbnail","6":"pwb-brand-crkt-de","7":"product_cat-messer","8":"product_cat-solide-messer","9":"product_tag-b2b-de","11":"first","12":"outofstock","13":"taxable","14":"shipping-taxable","15":"purchasable","16":"product-type-simple"},"brands":[{"id":3457,"name":"CRKT","slug":"crkt-de"}],"_links":{"self":[{"href":"https:\/\/www.moskito.cz\/de\/wp-json\/wp\/v2\/product\/337952","targetHints":{"allow":["GET"]}}],"collection":[{"href":"https:\/\/www.moskito.cz\/de\/wp-json\/wp\/v2\/product"}],"about":[{"href":"https:\/\/www.moskito.cz\/de\/wp-json\/wp\/v2\/types\/product"}],"replies":[{"embeddable":true,"href":"https:\/\/www.moskito.cz\/de\/wp-json\/wp\/v2\/comments?post=337952"}],"wp:featuredmedia":[{"embeddable":true,"href":"https:\/\/www.moskito.cz\/de\/wp-json\/wp\/v2\/media\/337906"}],"wp:attachment":[{"href":"https:\/\/www.moskito.cz\/de\/wp-json\/wp\/v2\/media?parent=337952"}],"wp:term":[{"taxonomy":"pwb-brand","embeddable":true,"href":"https:\/\/www.moskito.cz\/de\/wp-json\/wp\/v2\/pwb-brand?post=337952"},{"taxonomy":"product_brand","embeddable":true,"href":"https:\/\/www.moskito.cz\/de\/wp-json\/wp\/v2\/product_brand?post=337952"},{"taxonomy":"product_cat","embeddable":true,"href":"https:\/\/www.moskito.cz\/de\/wp-json\/wp\/v2\/product_cat?post=337952"},{"taxonomy":"product_tag","embeddable":true,"href":"https:\/\/www.moskito.cz\/de\/wp-json\/wp\/v2\/product_tag?post=337952"}],"curies":[{"name":"wp","href":"https:\/\/api.w.org\/{rel}","templated":true}]}}