{"id":338001,"date":"2024-04-30T22:39:40","date_gmt":"2024-04-30T21:44:20","guid":{"rendered":"https:\/\/www.moskito.cz\/produkt\/feststehendes-messer-crkt-razel-chisel-2130\/"},"modified":"2025-05-07T11:14:00","modified_gmt":"2025-05-07T10:14:00","slug":"feststehendes-messer-crkt-razel-chisel-2130","status":"publish","type":"product","link":"https:\/\/www.moskito.cz\/de\/produkt\/feststehendes-messer-crkt-razel-chisel-2130\/","title":{"rendered":"Feststehendes Messer CRKT Razel Chisel 2130"},"content":{"rendered":"<p>Feststehendes Messer <strong>CRKT<\/strong> Razel Chisel 2130.<\/p>\n<p>Manchmal ist das beste Werkzeug f\u00fcr die Aufgabe das einfachste. Der Razel\u2122 Chisel ist eine solide Klinge f\u00fcr die Tasche, die sich eng an Jon Grahams ikonisches Originaldesign orientiert. Die Klinge besteht aus Kohlenstoffstahl und l\u00e4sst sich mit einem einseitigen Mei\u00dfel unglaublich einfach nachsch\u00e4rfen. Der blanke Metallgriff reduziert das Gewicht auf ein Minimum, w\u00e4hrend das mitgelieferte Trageband den Griff f\u00fcr eine bessere Kontrolle verl\u00e4ngert.<br \/>\nEinfaches Sch\u00e4rfen: Die Klinge aus rostfreiem Kohlenstoffstahl h\u00e4lt die Schneide gut<br \/>\nEinfaches Sch\u00e4rfen: Die Mei\u00dfelkante ist leicht zu pflegen<br \/>\nMaximale Haltbarkeit: Der Edelstahlgriff h\u00e4lt starker Beanspruchung stand<br \/>\nBequemer Transport: Taschenetui f\u00fcr schnellen Einsatz<br \/>\nUnter Kontrolle: Der Anh\u00e4nger verf\u00fcgt \u00fcber einen verl\u00e4ngerten Griff f\u00fcr bessere Kontrolle<\/p>\n<p>Klinge aus 8Cr13MoV-Stahl<br \/>\nKlingenkante glatt<br \/>\nStonewash-Klingenfinish<br \/>\nKlingenl\u00e4nge: 5,08 cm<br \/>\nKlingenst\u00e4rke: 0,31 cm<br \/>\nGesamtl\u00e4nge: 13,49 cm<br \/>\nGewicht 2,00 Unzen. (56,70 g)<br \/>\nGriffmaterial Edelstahl<br \/>\nStilvolles Messer mit feststehender Klinge und Scheide<\/p>\n<p><iframe title=\"CRKT Razel\u2122 Chisel | Jon Graham Design\" width=\"800\" height=\"450\" src=\"https:\/\/www.youtube.com\/embed\/w1E1t5aMm7o?feature=oembed\" frameborder=\"0\" allow=\"accelerometer; autoplay; clipboard-write; encrypted-media; gyroscope; picture-in-picture; web-share\" referrerpolicy=\"strict-origin-when-cross-origin\" allowfullscreen><\/iframe><\/p>\n<p>&nbsp;<\/p>\n","protected":false},"excerpt":{"rendered":"<p>DESIGNER<br \/>\nJon Graham<br \/>\nCleveland, Tennessee<br \/>\nJon Graham aus Cleveland, Tennessee, wurde als Sohn eines Vaters geboren, der Messer sch\u00e4tzte. Schon in jungen Jahren lernte er, wie wichtig ein gutes Messer ist. \u201eIch habe mein erstes Messer mit sieben Jahren bekommen und bin seitdem nicht mehr ohne gewesen.\u201c Ende der 80er Jahre Als Jon vor Jahren bei Aviaono AB in Italien stationiert war, entdeckte er in einer Zeitschrift handgefertigte Messer und wusste, dass dies etwas war, was er tun wollte. Nach seinem Ausscheiden aus der Air Force und der Eingew\u00f6hnung in einen Job begann Jon 1994 mit der Herstellung von Tischmessern mit einfachen Werkzeugen. Jon war es leid, die Entw\u00fcrfe anderer Leute zu entwerfen, und bat 1999 seinen Bruder Josh, sich etwas Ausr\u00fcstung zu besorgen und zu lernen, wie man Messer durch Verschrotten herstellt. Seitdem ist er begeistert und strebt st\u00e4ndig danach, seine Konstruktionen und F\u00e4higkeiten zu verbessern, aufbauend auf seiner Erfahrung als Dieselmotorentechniker. Graham Knives ist auf praktische taktische Designs mit Schwerpunkt auf EDC-Taschenmessern mit feststehender Klinge spezialisiert. Seine Lieblingsmesserlinie ist jedoch das ma\u00dfgefertigte zweischneidige Razel, das das Unternehmen in vielen Gr\u00f6\u00dfen und Ausf\u00fchrungen herstellt. Er ist der Designer des CRKT Razel und des Folding Razel.<\/p>\n","protected":false},"featured_media":337956,"comment_status":"open","ping_status":"closed","template":"","meta":[],"pwb-brand":[3457],"product_brand":[],"product_cat":[3285,3287],"product_tag":[3669],"class_list":{"0":"post-338001","1":"product","2":"type-product","3":"status-publish","4":"has-post-thumbnail","6":"pwb-brand-crkt-de","7":"product_cat-messer","8":"product_cat-solide-messer","9":"product_tag-b2b-de","11":"first","12":"instock","13":"taxable","14":"shipping-taxable","15":"purchasable","16":"product-type-simple"},"brands":[{"id":3457,"name":"CRKT","slug":"crkt-de"}],"_links":{"self":[{"href":"https:\/\/www.moskito.cz\/de\/wp-json\/wp\/v2\/product\/338001","targetHints":{"allow":["GET"]}}],"collection":[{"href":"https:\/\/www.moskito.cz\/de\/wp-json\/wp\/v2\/product"}],"about":[{"href":"https:\/\/www.moskito.cz\/de\/wp-json\/wp\/v2\/types\/product"}],"replies":[{"embeddable":true,"href":"https:\/\/www.moskito.cz\/de\/wp-json\/wp\/v2\/comments?post=338001"}],"wp:featuredmedia":[{"embeddable":true,"href":"https:\/\/www.moskito.cz\/de\/wp-json\/wp\/v2\/media\/337956"}],"wp:attachment":[{"href":"https:\/\/www.moskito.cz\/de\/wp-json\/wp\/v2\/media?parent=338001"}],"wp:term":[{"taxonomy":"pwb-brand","embeddable":true,"href":"https:\/\/www.moskito.cz\/de\/wp-json\/wp\/v2\/pwb-brand?post=338001"},{"taxonomy":"product_brand","embeddable":true,"href":"https:\/\/www.moskito.cz\/de\/wp-json\/wp\/v2\/product_brand?post=338001"},{"taxonomy":"product_cat","embeddable":true,"href":"https:\/\/www.moskito.cz\/de\/wp-json\/wp\/v2\/product_cat?post=338001"},{"taxonomy":"product_tag","embeddable":true,"href":"https:\/\/www.moskito.cz\/de\/wp-json\/wp\/v2\/product_tag?post=338001"}],"curies":[{"name":"wp","href":"https:\/\/api.w.org\/{rel}","templated":true}]}}