{"id":338037,"date":"2024-05-01T07:48:47","date_gmt":"2024-05-01T06:48:47","guid":{"rendered":"https:\/\/www.moskito.cz\/produkt\/schiessmesser-microtech-ludt-gen-iii-apocalyptic-1135-10ap\/"},"modified":"2025-05-07T11:14:01","modified_gmt":"2025-05-07T10:14:01","slug":"schiessmesser-microtech-ludt-gen-iii-apocalyptic-1135-10ap","status":"publish","type":"product","link":"https:\/\/www.moskito.cz\/de\/produkt\/schiessmesser-microtech-ludt-gen-iii-apocalyptic-1135-10ap\/","title":{"rendered":"Schie\u00dfmesser Microtech LUDT Gen III Apocalyptic 1135-10AP"},"content":{"rendered":"<p>Schie\u00dfmesser <strong>Microtech<\/strong> LUDT Gen III Apocalyptic 1135-10AP.<\/p>\n<p><strong>Das 2023 LUDT Gen III<\/strong> ist der H\u00f6hepunkt der <strong>Microtech-<\/strong> Erbe und eine verfeinerte Weiterentwicklung des ber\u00fchmten Underwater Demolition Team-Messers. <strong>LUDT<\/strong> , das Mitte der 1990er Jahre gegr\u00fcndet wurde. Jahre 20 Jahrhundert entwickelte sich schnell zu einem der am schnellsten verkauften <strong>Microtech-<\/strong> Messer der Geschichte. Nach einer vor\u00fcbergehenden Pause von der Microtech-Linie freuen wir uns, die Wiederbelebung dieser legend\u00e4ren Klinge bekannt zu geben.<\/p>\n<p><strong>Das LUDT<\/strong> verf\u00fcgt \u00fcber eine pr\u00e4zisionsgefertigte Klinge mit gew\u00f6lbtem R\u00fccken, Daumenlauf, verst\u00e4rkter Spitze und jetzt einer blutigen Rille\/Kehle, die eine un\u00fcbertroffene Durchdringungseffizienz ohne Beeintr\u00e4chtigung der strukturellen Integrit\u00e4t gew\u00e4hrleistet. Die Oberfl\u00e4chenbehandlung der Klinge steigert nicht nur deren \u00c4sthetik, sondern tr\u00e4gt auch zu ihrer au\u00dfergew\u00f6hnlichen Haltbarkeit bei. Ein Griff mit nahtlos in das Design integriertem 3M-Traktionsband verleiht diesem Messer den Status einer idealen Alltagstragekomponente (EDC).<\/p>\n<p>Jedes Detail, vom Ausl\u00f6seknopf bis zum Taschenclip, wurde verfeinert und verbessert und sorgt so f\u00fcr ein harmonisches und edles Gesamtbild. Der pr\u00e4zise aus Flugzeugaluminium gefertigte Griff verleiht dem Messer nicht nur Robustheit, sondern reduziert auch das Gewicht auf ein Minimum. Mit seinem ergonomischen Design und dem blitzschnellen Einsatz verk\u00f6rpert <strong>das LUDT<\/strong> die Perfektion einer allumfassenden Klinge.<\/p>\n<p>Mit einer bew\u00e4hrten Erfolgsbilanz, die den Test der Zeit bestanden hat, kehrt <strong>der LUDT Gen III<\/strong> 2023 triumphal in die Produktpalette zur\u00fcck. Dieses au\u00dfergew\u00f6hnliche Werkzeug ist jetzt mit Torx-Schrauben und einer speziellen Fangriemen\u00f6se ausgestattet, was seiner sorgf\u00e4ltigen Verarbeitung zus\u00e4tzliche Funktionalit\u00e4t und zus\u00e4tzliche Sicherheit verleiht.<br \/>\nSpezifikationen<\/p>\n<p>Klingenl\u00e4nge: 8,62 cm<br \/>\nL\u00e4nge geschlossen: <span id=\"cwos\" class=\"qv3Wpe\">11,37<\/span> cm<br \/>\nGesamtl\u00e4nge: 20 cm<br \/>\nKlingenstahl: B\u00f6hler M390MK Edelstahl<br \/>\nKlingenst\u00e4rke: 0,33 cm<br \/>\nKlingenstil: Drop Point<br \/>\nKlingenschliff: Flach<br \/>\nKlingenfinish: Apokalyptisch<br \/>\nGriffmaterial: schwarzes Aluminium mit 3M-Traktionsbandeins\u00e4tzen<br \/>\nGriffst\u00e4rke: <span id=\"cwos\" class=\"qv3Wpe\">1,28<\/span> cm<br \/>\nVerriegelungsmechanismus: Knopf<br \/>\nStiftanordnung: 24 Siliziumkarbidlager<br \/>\nTaschenclip: Edelstahl (herausklappbar, rechtsh\u00e4ndig zu tragen)<br \/>\nGewicht: 3,46 Unzen.<br \/>\nDesigner: Tony Marfione<br \/>\nTorx-Schraubenkonstruktion<br \/>\nBlood Groove\/Fuller<br \/>\nHergestellt in den USA<\/p>\n<p><iframe title=\"Microtech Combat Troodon Torture Test\" width=\"800\" height=\"450\" src=\"https:\/\/www.youtube.com\/embed\/xE9TeOFYEjg?feature=oembed\" frameborder=\"0\" allow=\"accelerometer; autoplay; clipboard-write; encrypted-media; gyroscope; picture-in-picture; web-share\" referrerpolicy=\"strict-origin-when-cross-origin\" allowfullscreen><\/iframe><\/p>\n<p>&nbsp;<\/p>\n","protected":false},"excerpt":{"rendered":"<p><strong>Im Laufe der Jahre hat Microtech\u00ae Knives Messer mit Leidenschaft und K\u00f6nnen gef\u00fcllt, um nahezu Kunstwerke zu schaffen, die den Gipfel der Funktionalit\u00e4t darstellen. Alle Teile werden in den USA hergestellt.<\/strong><br \/>\n<strong>F\u00fcr alle Microtech-Messer gilt eine lebenslange Garantie.<\/strong><\/p>\n<p><strong>Kostenloser Transport.<\/strong><\/p>\n","protected":false},"featured_media":437788,"comment_status":"open","ping_status":"closed","template":"","meta":[],"pwb-brand":[3278],"product_brand":[],"product_cat":[3343,3285],"product_tag":[3669],"class_list":{"0":"post-338037","1":"product","2":"type-product","3":"status-publish","4":"has-post-thumbnail","6":"pwb-brand-microtech-de","7":"product_cat-schiesmesser","8":"product_cat-messer","9":"product_tag-b2b-de","11":"first","12":"outofstock","13":"taxable","14":"shipping-taxable","15":"purchasable","16":"product-type-simple"},"brands":[{"id":3278,"name":"Microtech","slug":"microtech-de"}],"_links":{"self":[{"href":"https:\/\/www.moskito.cz\/de\/wp-json\/wp\/v2\/product\/338037","targetHints":{"allow":["GET"]}}],"collection":[{"href":"https:\/\/www.moskito.cz\/de\/wp-json\/wp\/v2\/product"}],"about":[{"href":"https:\/\/www.moskito.cz\/de\/wp-json\/wp\/v2\/types\/product"}],"replies":[{"embeddable":true,"href":"https:\/\/www.moskito.cz\/de\/wp-json\/wp\/v2\/comments?post=338037"}],"wp:featuredmedia":[{"embeddable":true,"href":"https:\/\/www.moskito.cz\/de\/wp-json\/wp\/v2\/media\/437788"}],"wp:attachment":[{"href":"https:\/\/www.moskito.cz\/de\/wp-json\/wp\/v2\/media?parent=338037"}],"wp:term":[{"taxonomy":"pwb-brand","embeddable":true,"href":"https:\/\/www.moskito.cz\/de\/wp-json\/wp\/v2\/pwb-brand?post=338037"},{"taxonomy":"product_brand","embeddable":true,"href":"https:\/\/www.moskito.cz\/de\/wp-json\/wp\/v2\/product_brand?post=338037"},{"taxonomy":"product_cat","embeddable":true,"href":"https:\/\/www.moskito.cz\/de\/wp-json\/wp\/v2\/product_cat?post=338037"},{"taxonomy":"product_tag","embeddable":true,"href":"https:\/\/www.moskito.cz\/de\/wp-json\/wp\/v2\/product_tag?post=338037"}],"curies":[{"name":"wp","href":"https:\/\/api.w.org\/{rel}","templated":true}]}}