{"id":338136,"date":"2024-05-01T08:03:16","date_gmt":"2024-05-01T07:06:29","guid":{"rendered":"https:\/\/www.moskito.cz\/produkt\/schiessmesser-microtech-bastinelli-brachial-stonewashed-268a-12\/"},"modified":"2025-05-07T11:14:07","modified_gmt":"2025-05-07T10:14:07","slug":"schiessmesser-microtech-bastinelli-brachial-stonewashed-268a-12","status":"publish","type":"product","link":"https:\/\/www.moskito.cz\/de\/produkt\/schiessmesser-microtech-bastinelli-brachial-stonewashed-268a-12\/","title":{"rendered":"Schie\u00dfmesser Microtech\/Bastinelli Brachial Stonewashed 268A-12"},"content":{"rendered":"<p>Schie\u00dfmesser <strong>Microtech\/Bastinelli<\/strong> Brachial Stonewashed 268A-12.<\/p>\n<p>Das Brachial ist eine Designkooperation im persischen Stil mit Bastinelli Knives, die der Microtech-Reihe ein einzigartiges Stilst\u00fcck hinzuf\u00fcgt. Wir lieben alles an diesem Messer. Von seinem Aussehen bis hin zu seiner Ergonomie, seiner \u00fcberlegenen Wirkungsweise und seinen Materialien; es wird Ihnen viele Jahre lang gute Dienste leisten. Es eignet sich auch f\u00fcr eine Vielzahl von Anwendungen, von EDC bis hin zu taktischen Anwendungen und buchst\u00e4blich allem dazwischen. Es verf\u00fcgt \u00fcber eine bearbeitete Oberfl\u00e4che mit Fragmentmuster f\u00fcr besseren Halt, einen wundersch\u00f6n gestalteten Taschenclip und eine versteckte Fangriemen\u00f6se, die 550 Paracord aufnehmen kann. Das ist ein verdammt gutes Messer, holen Sie es sich, solange Sie k\u00f6nnen!<br \/>\nSpezifikationen:<\/p>\n<p>Klingenl\u00e4nge: 9 cm<br \/>\nGesamtl\u00e4nge: 20,31 cm<br \/>\nKlingenmaterial: M390<br \/>\nKlingenstil: Trailing Point<br \/>\nKlingenschliff: Flach<br \/>\nOberfl\u00e4chenbehandlung der Klinge: Stonewash<br \/>\nGriffmaterial: Gefr\u00e4stes schwarzes Aluminium 6061-T6<br \/>\nVerriegelungsmechanismus: Knopf<br \/>\nTaschenclip: Edelstahl (herausklappbar, rechtsh\u00e4ndig zu tragen)<br \/>\nGewicht: 4,37 Unzen.<br \/>\nDesigner: Bastien Coves und Tony Marfione<br \/>\nHergestellt in den USA<\/p>\n<p><iframe title=\"Microtech Combat Troodon Torture Test\" width=\"800\" height=\"450\" src=\"https:\/\/www.youtube.com\/embed\/xE9TeOFYEjg?feature=oembed\" frameborder=\"0\" allow=\"accelerometer; autoplay; clipboard-write; encrypted-media; gyroscope; picture-in-picture; web-share\" referrerpolicy=\"strict-origin-when-cross-origin\" allowfullscreen><\/iframe><\/p>\n<p>&nbsp;<\/p>\n","protected":false},"excerpt":{"rendered":"<div class=\"elementor-element elementor-element-bbb542b elementor-widget elementor-widget-woocommerce-product-short-description\" data-id=\"bbb542b\" data-element_type=\"widget\" data-widget_type=\"woocommerce-product-short-description.default\">\n<div class=\"elementor-widget-container\">\n<div class=\"woocommerce-product-details__short-description\">\n<div class=\"elementor-element elementor-element-bbb542b elementor-widget elementor-widget-woocommerce-product-short-description\" data-id=\"bbb542b\" data-element_type=\"widget\" data-widget_type=\"woocommerce-product-short-description.default\">\n<div class=\"elementor-widget-container\">\n<div class=\"woocommerce-product-details__short-description\">\n<p><strong>Im Laufe der Jahre hat Microtech\u00ae Knives Messer mit Leidenschaft und K\u00f6nnen gef\u00fcllt, um nahezu Kunstwerke zu schaffen, die den Gipfel der Funktionalit\u00e4t darstellen. Alle Teile werden in den USA hergestellt.<\/strong><br \/>\n<strong>F\u00fcr alle Microtech-Messer gilt eine lebenslange Garantie.<\/strong><\/p>\n<p><strong>Kostenloser Transport.<\/strong><\/p>\n<\/div>\n<\/div>\n<\/div>\n<\/div>\n<\/div>\n<\/div>\n","protected":false},"featured_media":338094,"comment_status":"open","ping_status":"closed","template":"","meta":[],"pwb-brand":[3278],"product_brand":[],"product_cat":[3285,3343],"product_tag":[3669],"class_list":{"0":"post-338136","1":"product","2":"type-product","3":"status-publish","4":"has-post-thumbnail","6":"pwb-brand-microtech-de","7":"product_cat-messer","8":"product_cat-schiesmesser","9":"product_tag-b2b-de","11":"first","12":"instock","13":"taxable","14":"shipping-taxable","15":"purchasable","16":"product-type-simple"},"brands":[{"id":3278,"name":"Microtech","slug":"microtech-de"}],"_links":{"self":[{"href":"https:\/\/www.moskito.cz\/de\/wp-json\/wp\/v2\/product\/338136","targetHints":{"allow":["GET"]}}],"collection":[{"href":"https:\/\/www.moskito.cz\/de\/wp-json\/wp\/v2\/product"}],"about":[{"href":"https:\/\/www.moskito.cz\/de\/wp-json\/wp\/v2\/types\/product"}],"replies":[{"embeddable":true,"href":"https:\/\/www.moskito.cz\/de\/wp-json\/wp\/v2\/comments?post=338136"}],"wp:featuredmedia":[{"embeddable":true,"href":"https:\/\/www.moskito.cz\/de\/wp-json\/wp\/v2\/media\/338094"}],"wp:attachment":[{"href":"https:\/\/www.moskito.cz\/de\/wp-json\/wp\/v2\/media?parent=338136"}],"wp:term":[{"taxonomy":"pwb-brand","embeddable":true,"href":"https:\/\/www.moskito.cz\/de\/wp-json\/wp\/v2\/pwb-brand?post=338136"},{"taxonomy":"product_brand","embeddable":true,"href":"https:\/\/www.moskito.cz\/de\/wp-json\/wp\/v2\/product_brand?post=338136"},{"taxonomy":"product_cat","embeddable":true,"href":"https:\/\/www.moskito.cz\/de\/wp-json\/wp\/v2\/product_cat?post=338136"},{"taxonomy":"product_tag","embeddable":true,"href":"https:\/\/www.moskito.cz\/de\/wp-json\/wp\/v2\/product_tag?post=338136"}],"curies":[{"name":"wp","href":"https:\/\/api.w.org\/{rel}","templated":true}]}}