{"id":338262,"date":"2021-06-11T22:35:07","date_gmt":"2021-06-11T21:35:07","guid":{"rendered":"https:\/\/www.moskito.cz\/produkt\/schliessmesser-microtech-socom-elite-160-1-t\/"},"modified":"2025-05-07T11:14:09","modified_gmt":"2025-05-07T10:14:09","slug":"schliessmesser-microtech-socom-elite-160-1-t","status":"publish","type":"product","link":"https:\/\/www.moskito.cz\/de\/produkt\/schliessmesser-microtech-socom-elite-160-1-t\/","title":{"rendered":"Schlie\u00dfmesser Microtech Socom Elite 160-1 T"},"content":{"rendered":"<p>Schlie\u00dfmesser <strong>Microtech<\/strong> Socom Elite 160-1 T.<\/p>\n<p>Im Laufe der Jahre hat <strong>Microtech\u00ae Knives<\/strong> Messer mit Leidenschaft und K\u00f6nnen gef\u00fcllt, um nahezu Kunstwerke zu schaffen, die den Gipfel der Funktionalit\u00e4t darstellen. Er verschiebt weiterhin die Grenzen und verbessert das, von dem er bereits wei\u00df, dass es funktioniert. Im Jahr 2020 hat sich Microtech\u00ae Knives zu einer f\u00fchrenden Messermarke entwickelt, die sich st\u00e4ndig weiterentwickelt und mit der neuesten Technologie voranschreitet.<br \/>\nAlte Klingenherstellungsprinzipien und maximale Feldtests, um keine Kompromisse bei der Qualit\u00e4t einzugehen.<\/p>\n<p>Seit der Einf\u00fchrung des Originals Microtech\u00ae hat Socom den Standard f\u00fcr taktische Messer gesetzt. Sokom Elite baut auf diesem Design auf, um sich an verschiedene Umgebungen anzupassen. Sein Griff hat einen sportlichen Griff und eine einzigartige Form, sodass er jederzeit bequem und sicher in der Hand liegt.<\/p>\n<p>Gesamtl\u00e4nge: 22,5 cm<br \/>\nKlingenl\u00e4nge: 10 cm<br \/>\nSchnittkante: 9,37 cm<br \/>\nKlingenbreite: 2,8 cm<br \/>\nKlingenst\u00e4rke: 0,47 cm<br \/>\nKlingenmaterial: B\u00f6hler M390<br \/>\nEins\u00e4tze: Flach<br \/>\nGriffl\u00e4nge: 12,5 cm<br \/>\nGriffbreite: 3,42<br \/>\nGriffst\u00e4rke: 1,37<br \/>\nGriffmaterial: Aluminium<br \/>\nGewicht: 4,58 Unzen.<br \/>\nBenutzer: Rechte Hand<br \/>\nTaschenclip: Tip-Down<br \/>\nMessertyp: Manuell<br \/>\nMarke: Microtech<br \/>\nModell: Socom Elite<br \/>\nHerkunftsland: USA<br \/>\nBeste Verwendung: Taktisch<\/p>\n<p><iframe title=\"Microtech Combat Troodon Torture Test\" width=\"800\" height=\"450\" src=\"https:\/\/www.youtube.com\/embed\/xE9TeOFYEjg?feature=oembed\" frameborder=\"0\" allow=\"accelerometer; autoplay; clipboard-write; encrypted-media; gyroscope; picture-in-picture; web-share\" referrerpolicy=\"strict-origin-when-cross-origin\" allowfullscreen><\/iframe><\/p>\n<p>&nbsp;<\/p>\n","protected":false},"excerpt":{"rendered":"<p><strong>Im Laufe der Jahre hat Microtech\u00ae Knives Messer mit Leidenschaft und K\u00f6nnen gef\u00fcllt, um nahezu Kunstwerke zu schaffen, die den Gipfel der Funktionalit\u00e4t darstellen. Alle Teile werden in den USA hergestellt.<\/strong><br \/>\n<strong>F\u00fcr alle Microtech-Messer gilt eine lebenslange Garantie.<\/strong><\/p>\n<p><strong>Kostenloser Transport.<\/strong><\/p>\n","protected":false},"featured_media":338263,"comment_status":"open","ping_status":"closed","template":"","meta":[],"pwb-brand":[3278],"product_brand":[],"product_cat":[3343,3285],"product_tag":[3669],"class_list":{"0":"post-338262","1":"product","2":"type-product","3":"status-publish","4":"has-post-thumbnail","6":"pwb-brand-microtech-de","7":"product_cat-schiesmesser","8":"product_cat-messer","9":"product_tag-b2b-de","11":"first","12":"instock","13":"taxable","14":"shipping-taxable","15":"purchasable","16":"product-type-simple"},"brands":[{"id":3278,"name":"Microtech","slug":"microtech-de"}],"_links":{"self":[{"href":"https:\/\/www.moskito.cz\/de\/wp-json\/wp\/v2\/product\/338262","targetHints":{"allow":["GET"]}}],"collection":[{"href":"https:\/\/www.moskito.cz\/de\/wp-json\/wp\/v2\/product"}],"about":[{"href":"https:\/\/www.moskito.cz\/de\/wp-json\/wp\/v2\/types\/product"}],"replies":[{"embeddable":true,"href":"https:\/\/www.moskito.cz\/de\/wp-json\/wp\/v2\/comments?post=338262"}],"wp:featuredmedia":[{"embeddable":true,"href":"https:\/\/www.moskito.cz\/de\/wp-json\/wp\/v2\/media\/338263"}],"wp:attachment":[{"href":"https:\/\/www.moskito.cz\/de\/wp-json\/wp\/v2\/media?parent=338262"}],"wp:term":[{"taxonomy":"pwb-brand","embeddable":true,"href":"https:\/\/www.moskito.cz\/de\/wp-json\/wp\/v2\/pwb-brand?post=338262"},{"taxonomy":"product_brand","embeddable":true,"href":"https:\/\/www.moskito.cz\/de\/wp-json\/wp\/v2\/product_brand?post=338262"},{"taxonomy":"product_cat","embeddable":true,"href":"https:\/\/www.moskito.cz\/de\/wp-json\/wp\/v2\/product_cat?post=338262"},{"taxonomy":"product_tag","embeddable":true,"href":"https:\/\/www.moskito.cz\/de\/wp-json\/wp\/v2\/product_tag?post=338262"}],"curies":[{"name":"wp","href":"https:\/\/api.w.org\/{rel}","templated":true}]}}