{"id":338367,"date":"2024-05-01T09:31:38","date_gmt":"2024-05-01T08:33:16","guid":{"rendered":"https:\/\/www.moskito.cz\/produkt\/microtech-stitch-169rl-2flgtta-schliessmesser\/"},"modified":"2025-05-07T11:14:11","modified_gmt":"2025-05-07T10:14:11","slug":"microtech-stitch-169rl-2flgtta-schliessmesser","status":"publish","type":"product","link":"https:\/\/www.moskito.cz\/de\/produkt\/microtech-stitch-169rl-2flgtta-schliessmesser\/","title":{"rendered":"Microtech Stitch 169RL-2FLGTTA Schlie\u00dfmesser"},"content":{"rendered":"<p><strong>Microtech<\/strong> Stitch 169RL-2FLGTTA Schlie\u00dfmesser.<\/p>\n<p><strong>Stitch<\/strong> RAM-LOK\u2122 ist eine handgefertigte Version unserer klassischen Zusammenarbeit mit Borka Blades. Der RAM-LOK\u2122 Stitch ist sowohl stilvoll als auch funktional gestaltet und verf\u00fcgt \u00fcber das RAM-LOK\u2122 Bar Lock, unseren legend\u00e4ren X-Button, Standard-Torx-Hardware, einen Titan-Backspacer und einen G10-Griff. Komplettiert mit einer Klinge im Stitch-Stil ist dieser Handordner eine tolle Erg\u00e4nzung f\u00fcr Ihren t\u00e4glichen Gebrauch oder Ihre Sammlung.<\/p>\n<p>Dieses Modell verf\u00fcgt \u00fcber einen ger\u00e4ndelten, braunen G-10-Griff. Teilweise gezahnte Klinge aus rostfreiem M390MK-Stahl in schwarzem Design mit zweifarbigem Finish, sch\u00f6nem Schnitt f\u00fcr gro\u00dfe Finger und Finger- und Daumenrille f\u00fcr hervorragenden Halt. Satinierte Hardware, doppelseitiger Taschenclip und Loch f\u00fcr ein Trageband. Der Taschenclip enth\u00e4lt Modellinformationen, das Microtech-Logo und das Herstellungsdatum. Die Klinge ist mit einer Microtech-Klaue und dem Borka-Logo ausgestattet.<\/p>\n<p>Herkunftsland: USA<br \/>\nEntstehungsdatum: 2024<br \/>\nGriffmaterial: G10<br \/>\nKlingenmaterial: M390MK<br \/>\nKlingenstil: Wharncliffe<br \/>\nKlingenoberfl\u00e4che: Zweifarbiges Satinschwarz<br \/>\nKantentyp: Gezahnt<br \/>\nSchlosstyp: RAM-LOK<br \/>\nGesamtl\u00e4nge: 21,7 cm<br \/>\nKlingenl\u00e4nge: 9,4 cm<br \/>\nKlingenst\u00e4rke: 0,4 cm<\/p>\n<p><iframe title=\"Microtech Combat Troodon Torture Test\" width=\"800\" height=\"450\" src=\"https:\/\/www.youtube.com\/embed\/xE9TeOFYEjg?feature=oembed\" frameborder=\"0\" allow=\"accelerometer; autoplay; clipboard-write; encrypted-media; gyroscope; picture-in-picture; web-share\" referrerpolicy=\"strict-origin-when-cross-origin\" allowfullscreen><\/iframe><\/p>\n<p>&nbsp;<\/p>\n<p>&nbsp;<\/p>\n<p>&nbsp;<\/p>\n","protected":false},"excerpt":{"rendered":"<div class=\"elementor-element elementor-element-bbb542b elementor-widget elementor-widget-woocommerce-product-short-description\" data-id=\"bbb542b\" data-element_type=\"widget\" data-widget_type=\"woocommerce-product-short-description.default\">\n<div class=\"elementor-widget-container\">\n<div class=\"woocommerce-product-details__short-description\">\n<p><strong>Im Laufe der Jahre hat Microtech\u00ae Knives Messer mit Leidenschaft und K\u00f6nnen gef\u00fcllt, um nahezu Kunstwerke zu schaffen, die den Gipfel der Funktionalit\u00e4t darstellen. Alle Teile werden in den USA hergestellt.<\/strong><br \/>\n<strong>F\u00fcr alle Microtech-Messer gilt eine lebenslange Garantie.<\/strong><\/p>\n<p><strong>Kostenloser Transport.<\/strong><\/p>\n<\/div>\n<\/div>\n<\/div>\n","protected":false},"featured_media":338337,"comment_status":"open","ping_status":"closed","template":"","meta":[],"pwb-brand":[3278],"product_brand":[],"product_cat":[3285,3303],"product_tag":[3669],"class_list":{"0":"post-338367","1":"product","2":"type-product","3":"status-publish","4":"has-post-thumbnail","6":"pwb-brand-microtech-de","7":"product_cat-messer","8":"product_cat-schliesmesser","9":"product_tag-b2b-de","11":"first","12":"instock","13":"taxable","14":"shipping-taxable","15":"purchasable","16":"product-type-simple"},"brands":[{"id":3278,"name":"Microtech","slug":"microtech-de"}],"_links":{"self":[{"href":"https:\/\/www.moskito.cz\/de\/wp-json\/wp\/v2\/product\/338367","targetHints":{"allow":["GET"]}}],"collection":[{"href":"https:\/\/www.moskito.cz\/de\/wp-json\/wp\/v2\/product"}],"about":[{"href":"https:\/\/www.moskito.cz\/de\/wp-json\/wp\/v2\/types\/product"}],"replies":[{"embeddable":true,"href":"https:\/\/www.moskito.cz\/de\/wp-json\/wp\/v2\/comments?post=338367"}],"wp:featuredmedia":[{"embeddable":true,"href":"https:\/\/www.moskito.cz\/de\/wp-json\/wp\/v2\/media\/338337"}],"wp:attachment":[{"href":"https:\/\/www.moskito.cz\/de\/wp-json\/wp\/v2\/media?parent=338367"}],"wp:term":[{"taxonomy":"pwb-brand","embeddable":true,"href":"https:\/\/www.moskito.cz\/de\/wp-json\/wp\/v2\/pwb-brand?post=338367"},{"taxonomy":"product_brand","embeddable":true,"href":"https:\/\/www.moskito.cz\/de\/wp-json\/wp\/v2\/product_brand?post=338367"},{"taxonomy":"product_cat","embeddable":true,"href":"https:\/\/www.moskito.cz\/de\/wp-json\/wp\/v2\/product_cat?post=338367"},{"taxonomy":"product_tag","embeddable":true,"href":"https:\/\/www.moskito.cz\/de\/wp-json\/wp\/v2\/product_tag?post=338367"}],"curies":[{"name":"wp","href":"https:\/\/api.w.org\/{rel}","templated":true}]}}