{"id":338686,"date":"2024-05-02T14:28:14","date_gmt":"2024-05-02T13:31:41","guid":{"rendered":"https:\/\/www.moskito.cz\/produkt\/schliessmesser-microtech-socom-bravo-mini-261m-8cfti\/"},"modified":"2025-05-07T11:14:19","modified_gmt":"2025-05-07T10:14:19","slug":"schliessmesser-microtech-socom-bravo-mini-261m-8cfti","status":"publish","type":"product","link":"https:\/\/www.moskito.cz\/de\/produkt\/schliessmesser-microtech-socom-bravo-mini-261m-8cfti\/","title":{"rendered":"Schlie\u00dfmesser Microtech Socom Bravo Mini 261M-8CFTI"},"content":{"rendered":"<p>Schlie\u00dfmesser <strong>Microtech<\/strong> Socom Bravo Mini 261M-8CFTI.<\/p>\n<p>Das von Microtech entworfene und von Rike Knife hergestellte <strong>Socom Bravo Mini<\/strong> ist ein Kollaborationsmesser, das dem klassischen Socom nachempfunden ist. Dieses kompakte Handklappmesser ist ein ausgezeichnetes, robustes taktisches Messer. Es verf\u00fcgt \u00fcber einen verst\u00e4rkten 6Al4V-Titangriff mit Kohlefaserschalen und ist sowohl mit einer einschneidigen als auch mit einer Tanto-Klinge erh\u00e4ltlich. Die Fangriemen\u00f6se und der Taschenclip erm\u00f6glichen funktionelles Tragen, und die Ergonomie geh\u00f6rt immer noch zu den besten der Branche.<br \/>\nSpezifikationen:<\/p>\n<p>Klingenl\u00e4nge: <span id=\"cwos\" class=\"qv3Wpe\">8,75<\/span> cm<br \/>\nL\u00e4nge geschlossen: <span id=\"cwos\" class=\"qv3Wpe\">10,62<\/span> cm<br \/>\nGesamtl\u00e4nge: <span id=\"cwos\" class=\"qv3Wpe\">19,37<\/span> cm<br \/>\nKlingenmaterial: B\u00f6hler M390 Edelstahl<br \/>\nKlingenstil: Tanto<br \/>\nKlingenschliff: Flach<br \/>\nKlingenoberfl\u00e4che: Perlengestrahlt<br \/>\nGriffmaterial: verst\u00e4rktes 6Al4V-Titan mit Kohlefaserschale<br \/>\nVerriegelungsmechanismus: Rahmenschloss<br \/>\nStiftbaugruppe: Lager<br \/>\nTaschenclip: Titan (klappbar, rechter Verschlei\u00df)<br \/>\nGewicht: 3,32 Unzen.<br \/>\nDesigner: Tony Marfione<\/p>\n<p><iframe title=\"Microtech Combat Troodon Torture Test\" width=\"800\" height=\"450\" src=\"https:\/\/www.youtube.com\/embed\/xE9TeOFYEjg?feature=oembed\" frameborder=\"0\" allow=\"accelerometer; autoplay; clipboard-write; encrypted-media; gyroscope; picture-in-picture; web-share\" referrerpolicy=\"strict-origin-when-cross-origin\" allowfullscreen><\/iframe><\/p>\n<p>&nbsp;<\/p>\n","protected":false},"excerpt":{"rendered":"<div class=\"elementor-element elementor-element-bbb542b elementor-widget elementor-widget-woocommerce-product-short-description\" data-id=\"bbb542b\" data-element_type=\"widget\" data-widget_type=\"woocommerce-product-short-description.default\">\n<div class=\"elementor-widget-container\">\n<div class=\"woocommerce-product-details__short-description\">\n<p><strong>Im Laufe der Jahre hat Microtech\u00ae Knives Messer mit Leidenschaft und K\u00f6nnen gef\u00fcllt, um nahezu Kunstwerke zu schaffen, die den Gipfel der Funktionalit\u00e4t darstellen. Alle Teile werden in den USA hergestellt.<\/strong><br \/>\n<strong>F\u00fcr alle Microtech-Messer gilt eine lebenslange Garantie.<\/strong><\/p>\n<p><strong>Kostenloser Transport.<\/strong><\/p>\n<\/div>\n<\/div>\n<\/div>\n","protected":false},"featured_media":338636,"comment_status":"open","ping_status":"closed","template":"","meta":[],"pwb-brand":[3278],"product_brand":[],"product_cat":[3285,3303],"product_tag":[3669],"class_list":{"0":"post-338686","1":"product","2":"type-product","3":"status-publish","4":"has-post-thumbnail","6":"pwb-brand-microtech-de","7":"product_cat-messer","8":"product_cat-schliesmesser","9":"product_tag-b2b-de","11":"first","12":"outofstock","13":"taxable","14":"shipping-taxable","15":"purchasable","16":"product-type-simple"},"brands":[{"id":3278,"name":"Microtech","slug":"microtech-de"}],"_links":{"self":[{"href":"https:\/\/www.moskito.cz\/de\/wp-json\/wp\/v2\/product\/338686","targetHints":{"allow":["GET"]}}],"collection":[{"href":"https:\/\/www.moskito.cz\/de\/wp-json\/wp\/v2\/product"}],"about":[{"href":"https:\/\/www.moskito.cz\/de\/wp-json\/wp\/v2\/types\/product"}],"replies":[{"embeddable":true,"href":"https:\/\/www.moskito.cz\/de\/wp-json\/wp\/v2\/comments?post=338686"}],"wp:featuredmedia":[{"embeddable":true,"href":"https:\/\/www.moskito.cz\/de\/wp-json\/wp\/v2\/media\/338636"}],"wp:attachment":[{"href":"https:\/\/www.moskito.cz\/de\/wp-json\/wp\/v2\/media?parent=338686"}],"wp:term":[{"taxonomy":"pwb-brand","embeddable":true,"href":"https:\/\/www.moskito.cz\/de\/wp-json\/wp\/v2\/pwb-brand?post=338686"},{"taxonomy":"product_brand","embeddable":true,"href":"https:\/\/www.moskito.cz\/de\/wp-json\/wp\/v2\/product_brand?post=338686"},{"taxonomy":"product_cat","embeddable":true,"href":"https:\/\/www.moskito.cz\/de\/wp-json\/wp\/v2\/product_cat?post=338686"},{"taxonomy":"product_tag","embeddable":true,"href":"https:\/\/www.moskito.cz\/de\/wp-json\/wp\/v2\/product_tag?post=338686"}],"curies":[{"name":"wp","href":"https:\/\/api.w.org\/{rel}","templated":true}]}}