{"id":338870,"date":"2024-05-02T15:56:15","date_gmt":"2024-05-02T14:59:49","guid":{"rendered":"https:\/\/www.moskito.cz\/produkt\/schiessmesser-microtech-hera-ii-apocalyptic-1702-10ap\/"},"modified":"2025-05-07T11:14:24","modified_gmt":"2025-05-07T10:14:24","slug":"schiessmesser-microtech-hera-ii-apocalyptic-1702-10ap","status":"publish","type":"product","link":"https:\/\/www.moskito.cz\/de\/produkt\/schiessmesser-microtech-hera-ii-apocalyptic-1702-10ap\/","title":{"rendered":"Schie\u00dfmesser Microtech Hera II Apocalyptic 1702-10AP"},"content":{"rendered":"<p>Schie\u00dfmesser <strong>Microtech<\/strong> Hera II Apocalyptic 1702-10AP.<\/p>\n<p>Das Hera II ist ein auff\u00e4lliges automatisches Messer mit Doppelfunktion und einem Rahmendesign, das lose vom legend\u00e4ren Troodon-Modell inspiriert ist. Der Hera verf\u00fcgt \u00fcber eine verbesserte Ergonomie und maschinell bearbeitete Endfl\u00e4chen f\u00fcr besseren Halt und eine raffinierte \u00c4sthetik, die zu seiner Gesamtattraktivit\u00e4t beitr\u00e4gt. Bemerkenswert ist, dass der Griff sorgf\u00e4ltig tief graviert ist und keine Hardware enth\u00e4lt, was dem funktionalen Design einen Hauch von Kunst und eine unglaubliche Haptik verleiht. Die einzige sichtbare Schraube, die es zusammenh\u00e4lt, befindet sich am hinteren Ende in der N\u00e4he des Taschenclips, der f\u00fcr Linksh\u00e4nder beidh\u00e4ndig zug\u00e4nglich ist.<\/p>\n<p>Dieses exquisite Design verk\u00f6rpert m\u00fchelos sowohl Raffinesse als auch Funktionalit\u00e4t und macht das Hera zu einem der besten Allround-Automatik-OTF-Messer in einem hart umk\u00e4mpften Markt. Obwohl es ehrlich mit den meisten anderen OTFs von Microtech konkurriert. Seine Gr\u00f6\u00dfe ist ideal f\u00fcr den Kampf, aber schlank genug f\u00fcr den t\u00e4glichen Gebrauch, seine Form wurde sorgf\u00e4ltig ausgearbeitet, um die ideale Balance zwischen Funktionalit\u00e4t und Stil zu finden. Die Hera ist ein Beweis f\u00fcr Pr\u00e4zisionstechnik und k\u00fcnstlerische Details und ist damit eine ausgezeichnete Wahl f\u00fcr alle, die Wert auf die Verbindung von Form und Funktion bei ihren Alltagswerkzeugen legen.<br \/>\nSpezifikationen<\/p>\n<p>Klingenl\u00e4nge: 10 cm<br \/>\nGesamtl\u00e4nge: 24 cm<br \/>\nKlingenstahl: B\u00f6hler M390MK Edelstahl<br \/>\nKlingenstil: Doppelschneidiger Dolch<br \/>\nKlingenschliff: Flach<br \/>\nKlingenfinish: Apokalyptisch<br \/>\nGriffmaterial: Schwarzes Flugzeugaluminium mit tiefer Gravur<br \/>\nGriffst\u00e4rke: 0,505 Zoll<br \/>\nVerriegelungsmechanismus: Daumenschieber<br \/>\nTaschenclip: Titan (nach unten klappbar, rechts\/links tragbar)<br \/>\nGewicht: 4,94 Unzen.<br \/>\nDesigner: Tony und Sean Marfione<br \/>\nHergestellt in den USA<\/p>\n<p><iframe title=\"Microtech Combat Troodon Torture Test\" width=\"800\" height=\"450\" src=\"https:\/\/www.youtube.com\/embed\/xE9TeOFYEjg?feature=oembed\" frameborder=\"0\" allow=\"accelerometer; autoplay; clipboard-write; encrypted-media; gyroscope; picture-in-picture; web-share\" referrerpolicy=\"strict-origin-when-cross-origin\" allowfullscreen><\/iframe><\/p>\n<p>&nbsp;<\/p>\n","protected":false},"excerpt":{"rendered":"<div class=\"elementor-element elementor-element-bbb542b elementor-widget elementor-widget-woocommerce-product-short-description\" data-id=\"bbb542b\" data-element_type=\"widget\" data-widget_type=\"woocommerce-product-short-description.default\">\n<div class=\"elementor-widget-container\">\n<div class=\"woocommerce-product-details__short-description\">\n<p><strong>Im Laufe der Jahre hat Microtech\u00ae Knives Messer mit Leidenschaft und K\u00f6nnen gef\u00fcllt, um nahezu Kunstwerke zu schaffen, die den Gipfel der Funktionalit\u00e4t darstellen. Alle Teile werden in den USA hergestellt.<\/strong><br \/>\n<strong>F\u00fcr alle Microtech-Messer gilt eine lebenslange Garantie.<\/strong><\/p>\n<p><strong>Kostenloser Transport.<\/strong><\/p>\n<\/div>\n<\/div>\n<\/div>\n","protected":false},"featured_media":338824,"comment_status":"open","ping_status":"closed","template":"","meta":[],"pwb-brand":[3278],"product_brand":[],"product_cat":[3285,3343],"product_tag":[3669],"class_list":{"0":"post-338870","1":"product","2":"type-product","3":"status-publish","4":"has-post-thumbnail","6":"pwb-brand-microtech-de","7":"product_cat-messer","8":"product_cat-schiesmesser","9":"product_tag-b2b-de","11":"first","12":"instock","13":"taxable","14":"shipping-taxable","15":"purchasable","16":"product-type-simple"},"brands":[{"id":3278,"name":"Microtech","slug":"microtech-de"}],"_links":{"self":[{"href":"https:\/\/www.moskito.cz\/de\/wp-json\/wp\/v2\/product\/338870","targetHints":{"allow":["GET"]}}],"collection":[{"href":"https:\/\/www.moskito.cz\/de\/wp-json\/wp\/v2\/product"}],"about":[{"href":"https:\/\/www.moskito.cz\/de\/wp-json\/wp\/v2\/types\/product"}],"replies":[{"embeddable":true,"href":"https:\/\/www.moskito.cz\/de\/wp-json\/wp\/v2\/comments?post=338870"}],"wp:featuredmedia":[{"embeddable":true,"href":"https:\/\/www.moskito.cz\/de\/wp-json\/wp\/v2\/media\/338824"}],"wp:attachment":[{"href":"https:\/\/www.moskito.cz\/de\/wp-json\/wp\/v2\/media?parent=338870"}],"wp:term":[{"taxonomy":"pwb-brand","embeddable":true,"href":"https:\/\/www.moskito.cz\/de\/wp-json\/wp\/v2\/pwb-brand?post=338870"},{"taxonomy":"product_brand","embeddable":true,"href":"https:\/\/www.moskito.cz\/de\/wp-json\/wp\/v2\/product_brand?post=338870"},{"taxonomy":"product_cat","embeddable":true,"href":"https:\/\/www.moskito.cz\/de\/wp-json\/wp\/v2\/product_cat?post=338870"},{"taxonomy":"product_tag","embeddable":true,"href":"https:\/\/www.moskito.cz\/de\/wp-json\/wp\/v2\/product_tag?post=338870"}],"curies":[{"name":"wp","href":"https:\/\/api.w.org\/{rel}","templated":true}]}}