{"id":339095,"date":"2024-05-02T19:08:20","date_gmt":"2024-05-02T18:10:54","guid":{"rendered":"https:\/\/www.moskito.cz\/produkt\/verschlussmesser-sog-stout-sj-stonewashed-16-03-01-57\/"},"modified":"2025-05-07T11:14:28","modified_gmt":"2025-05-07T10:14:28","slug":"verschlussmesser-sog-stout-sj-stonewashed-16-03-01-57","status":"publish","type":"product","link":"https:\/\/www.moskito.cz\/de\/produkt\/verschlussmesser-sog-stout-sj-stonewashed-16-03-01-57\/","title":{"rendered":"Verschlussmesser SOG Stout SJ Stonewashed 16-03-01-57"},"content":{"rendered":"<p>Verschlussmesser <strong>SOG<\/strong> Stout SJ Stonewashed 16-03-01-57.<\/p>\n<p><strong>Das Stout SJ<\/strong> ist das Ergebnis einer Zusammenarbeit zwischen dem d\u00e4nischen Messerdesigner Mikkel Willumsen und SOG-Gr\u00fcnder Spencer Frazer. Es verf\u00fcgt \u00fcber eine geschliffene CRYO D2-Stahlklinge, einen Edelstahlrahmen und einen stabilen G10-Griff. Dieser auf Sicherheit ausgelegte All-Star f\u00fcr den Alltag bietet einfaches und sanftes \u00d6ffnen und Schlie\u00dfen mit einer starken und sicheren \u00d6ffnungsposition.<\/p>\n<p>Mit einer Klinge von weniger als 3 Zoll und einem Schiebegelenk zum \u00d6ffnen mit zwei H\u00e4nden verf\u00fcgt das Stout SJ \u00fcber ein universelles, reisetaugliches Messerdesign, das den Gesetzen in den meisten St\u00e4dten, Bundesstaaten und L\u00e4ndern entspricht, in denen das \u00d6ffnen oder Feststellen von Messern mit einer Hand verboten ist. Scharfe Klinge aus geschliffenem CRYO D2-Stahl, griffige G10-Griffe und Gleitgelenkmechanismus f\u00fcr sicheren und einfachen Transport.<\/p>\n<p>Spezifikationen:<br \/>\nKlingenl\u00e4nge: 6,55 cm<br \/>\nL\u00e4nge geschlossen: 9,42 cm<br \/>\nGesamtl\u00e4nge: 15,97 cm<br \/>\nKlingenmaterial: Werkzeugstahl D2<br \/>\nKlingenh\u00e4rte: 60-63 HRC<br \/>\nKlingenstil: Clip Point<br \/>\nOberfl\u00e4chenbehandlung der Klinge: Stonewash<br \/>\nGriffmaterial: OD Green G10 und Edelstahl<br \/>\nVerriegelungsmechanismus: Schiebegelenk<br \/>\nGewicht: 3,4 Unzen.<\/p>\n","protected":false},"excerpt":{"rendered":"<p>Das Stout SJ ist das Ergebnis einer Zusammenarbeit zwischen dem d\u00e4nischen Messerdesigner Mikkel Willumsen und SOG-Gr\u00fcnder Spencer Frazer. Er ist ein Weltreisender aus der Familie Stout.<\/p>\n","protected":false},"featured_media":339055,"comment_status":"open","ping_status":"closed","template":"","meta":[],"pwb-brand":[3605],"product_brand":[],"product_cat":[3285,3303],"product_tag":[3669],"class_list":{"0":"post-339095","1":"product","2":"type-product","3":"status-publish","4":"has-post-thumbnail","6":"pwb-brand-wie-g","7":"product_cat-messer","8":"product_cat-schliesmesser","9":"product_tag-b2b-de","11":"first","12":"instock","13":"taxable","14":"shipping-taxable","15":"purchasable","16":"product-type-simple"},"brands":[{"id":3605,"name":"WIE G","slug":"wie-g"}],"_links":{"self":[{"href":"https:\/\/www.moskito.cz\/de\/wp-json\/wp\/v2\/product\/339095","targetHints":{"allow":["GET"]}}],"collection":[{"href":"https:\/\/www.moskito.cz\/de\/wp-json\/wp\/v2\/product"}],"about":[{"href":"https:\/\/www.moskito.cz\/de\/wp-json\/wp\/v2\/types\/product"}],"replies":[{"embeddable":true,"href":"https:\/\/www.moskito.cz\/de\/wp-json\/wp\/v2\/comments?post=339095"}],"wp:featuredmedia":[{"embeddable":true,"href":"https:\/\/www.moskito.cz\/de\/wp-json\/wp\/v2\/media\/339055"}],"wp:attachment":[{"href":"https:\/\/www.moskito.cz\/de\/wp-json\/wp\/v2\/media?parent=339095"}],"wp:term":[{"taxonomy":"pwb-brand","embeddable":true,"href":"https:\/\/www.moskito.cz\/de\/wp-json\/wp\/v2\/pwb-brand?post=339095"},{"taxonomy":"product_brand","embeddable":true,"href":"https:\/\/www.moskito.cz\/de\/wp-json\/wp\/v2\/product_brand?post=339095"},{"taxonomy":"product_cat","embeddable":true,"href":"https:\/\/www.moskito.cz\/de\/wp-json\/wp\/v2\/product_cat?post=339095"},{"taxonomy":"product_tag","embeddable":true,"href":"https:\/\/www.moskito.cz\/de\/wp-json\/wp\/v2\/product_tag?post=339095"}],"curies":[{"name":"wp","href":"https:\/\/api.w.org\/{rel}","templated":true}]}}