{"id":339193,"date":"2024-05-02T20:28:24","date_gmt":"2024-05-02T19:31:49","guid":{"rendered":"https:\/\/www.moskito.cz\/produkt\/verschlussmesser-sog-stout-sj-blackout-16-03-07-57\/"},"modified":"2025-05-07T11:14:31","modified_gmt":"2025-05-07T10:14:31","slug":"verschlussmesser-sog-stout-sj-blackout-16-03-07-57","status":"publish","type":"product","link":"https:\/\/www.moskito.cz\/de\/produkt\/verschlussmesser-sog-stout-sj-blackout-16-03-07-57\/","title":{"rendered":"Verschlussmesser SOG Stout SJ Blackout 16-03-07-57"},"content":{"rendered":"<p>Verschlussmesser <strong>SOG<\/strong> Stout SJ Blackout 16-03-07-57.<\/p>\n<p>Das Stout SJ ist das Ergebnis einer Zusammenarbeit zwischen dem d\u00e4nischen Messerdesigner Mikkel Willumsen und SOG-Gr\u00fcnder Spencer Frazer. Ausgestattet mit einer CRYO D2-Stahlklinge im Cleaver-Stil mit schwarzer TiNi-Beschichtung, einem Edelstahlrahmen und einem stabilen G10-Griff. Dieser alltagstaugliche All-Star-Schiebegelenkmechanismus ist auf Sicherheit ausgelegt und erm\u00f6glicht ein einfaches und sanftes \u00d6ffnen und Schlie\u00dfen mit einer starken und sicheren \u00d6ffnungsposition. Er ist ein Weltreisender aus der Familie Stout.<\/p>\n<p>Spezifikationen:<br \/>\nKlingenl\u00e4nge: 6 cm<br \/>\nL\u00e4nge geschlossen: 9,2 cm<br \/>\nGesamtl\u00e4nge: 15 cm<br \/>\nKlingenmaterial: Werkzeugstahl D2<br \/>\nKlingenh\u00e4rte: 60-63 HRC<br \/>\nKlingenstil: Hackmesser<br \/>\nKlingenfinish: Schwarz<br \/>\nGriffmaterial: schwarzes G10 und Edelstahl<br \/>\nVerriegelungsmechanismus: Schiebegelenk<br \/>\nGewicht: 3,9 Unzen.<\/p>\n","protected":false},"excerpt":{"rendered":"<p>Lassen Sie sich nicht von der kleineren Gr\u00f6\u00dfe t\u00e4uschen. Dies ist ein solides Messer, das Sie getrost aus der Tasche ziehen k\u00f6nnen, um alle Herausforderungen des Tages zu meistern.<\/p>\n","protected":false},"featured_media":339153,"comment_status":"open","ping_status":"closed","template":"","meta":[],"pwb-brand":[3605],"product_brand":[],"product_cat":[3285,3303],"product_tag":[3669],"class_list":{"0":"post-339193","1":"product","2":"type-product","3":"status-publish","4":"has-post-thumbnail","6":"pwb-brand-wie-g","7":"product_cat-messer","8":"product_cat-schliesmesser","9":"product_tag-b2b-de","11":"first","12":"instock","13":"taxable","14":"shipping-taxable","15":"purchasable","16":"product-type-simple"},"brands":[{"id":3605,"name":"WIE G","slug":"wie-g"}],"_links":{"self":[{"href":"https:\/\/www.moskito.cz\/de\/wp-json\/wp\/v2\/product\/339193","targetHints":{"allow":["GET"]}}],"collection":[{"href":"https:\/\/www.moskito.cz\/de\/wp-json\/wp\/v2\/product"}],"about":[{"href":"https:\/\/www.moskito.cz\/de\/wp-json\/wp\/v2\/types\/product"}],"replies":[{"embeddable":true,"href":"https:\/\/www.moskito.cz\/de\/wp-json\/wp\/v2\/comments?post=339193"}],"wp:featuredmedia":[{"embeddable":true,"href":"https:\/\/www.moskito.cz\/de\/wp-json\/wp\/v2\/media\/339153"}],"wp:attachment":[{"href":"https:\/\/www.moskito.cz\/de\/wp-json\/wp\/v2\/media?parent=339193"}],"wp:term":[{"taxonomy":"pwb-brand","embeddable":true,"href":"https:\/\/www.moskito.cz\/de\/wp-json\/wp\/v2\/pwb-brand?post=339193"},{"taxonomy":"product_brand","embeddable":true,"href":"https:\/\/www.moskito.cz\/de\/wp-json\/wp\/v2\/product_brand?post=339193"},{"taxonomy":"product_cat","embeddable":true,"href":"https:\/\/www.moskito.cz\/de\/wp-json\/wp\/v2\/product_cat?post=339193"},{"taxonomy":"product_tag","embeddable":true,"href":"https:\/\/www.moskito.cz\/de\/wp-json\/wp\/v2\/product_tag?post=339193"}],"curies":[{"name":"wp","href":"https:\/\/api.w.org\/{rel}","templated":true}]}}