{"id":339241,"date":"2024-05-02T20:53:03","date_gmt":"2024-05-02T19:57:28","guid":{"rendered":"https:\/\/www.moskito.cz\/produkt\/sog-stout-flk-klappmesser-stonewashed-14-03-11-57\/"},"modified":"2025-05-07T11:14:32","modified_gmt":"2025-05-07T10:14:32","slug":"sog-stout-flk-klappmesser-stonewashed-14-03-11-57","status":"publish","type":"product","link":"https:\/\/www.moskito.cz\/de\/produkt\/sog-stout-flk-klappmesser-stonewashed-14-03-11-57\/","title":{"rendered":"SOG Stout FLK Klappmesser Stonewashed 14-03-11-57"},"content":{"rendered":"<p><strong>SOG<\/strong> Stout FLK Stonewashed 14-03-11-57 Klappmesser.<\/p>\n<p>Das Stout FLK ist ein kompaktes Klappmesser f\u00fcr den t\u00e4glichen Gebrauch mit einem 2,39-Zoll-Hackmesser aus zuverl\u00e4ssigem CRYO D2-Stahl und ein Taschenmesser mit Kick-Open-Frame-Lock. Mit einem robusten G10-Griff und Edelstahl ausgestattet, ist das Stout FLK das Ergebnis einer Zusammenarbeit zwischen Messerdesigner Mikkel Willumsen und SOG-Gr\u00fcnder Spencer Frazer. Lassen Sie sich nicht von der kleineren Gr\u00f6\u00dfe t\u00e4uschen. Dies ist ein solides Messer, das Sie getrost aus der Tasche ziehen k\u00f6nnen, um alle Herausforderungen des Tages zu meistern.<\/p>\n<p>Spezifikationen:<br \/>\nKlingenl\u00e4nge: 6 cm<br \/>\nL\u00e4nge geschlossen: 9,2 cm<br \/>\nGesamtl\u00e4nge: 15 cm<br \/>\nKlingenmaterial: Werkzeugstahl D2<br \/>\nKlingenst\u00e4rke: 0,15 Zoll<br \/>\nKlingenh\u00e4rte: 58-60 HRC<br \/>\nKlingenstil: Hackmesser<br \/>\nOberfl\u00e4chenbehandlung der Klinge: Stonewash<br \/>\nGriffmaterial: OD Green G10 und Edelstahl<br \/>\nVerriegelungsmechanismus: Rahmen<br \/>\nGewicht: 3,9 Unzen.<\/p>\n","protected":false},"excerpt":{"rendered":"<p>Lassen Sie sich nicht von der kleineren Gr\u00f6\u00dfe t\u00e4uschen. Dies ist ein solides Messer, das Sie getrost aus der Tasche ziehen k\u00f6nnen, um alle Herausforderungen des Tages zu meistern.<\/p>\n","protected":false},"featured_media":339202,"comment_status":"open","ping_status":"closed","template":"","meta":[],"pwb-brand":[3605],"product_brand":[],"product_cat":[3285,3303],"product_tag":[3669],"class_list":{"0":"post-339241","1":"product","2":"type-product","3":"status-publish","4":"has-post-thumbnail","6":"pwb-brand-wie-g","7":"product_cat-messer","8":"product_cat-schliesmesser","9":"product_tag-b2b-de","11":"first","12":"instock","13":"taxable","14":"shipping-taxable","15":"purchasable","16":"product-type-simple"},"brands":[{"id":3605,"name":"WIE G","slug":"wie-g"}],"_links":{"self":[{"href":"https:\/\/www.moskito.cz\/de\/wp-json\/wp\/v2\/product\/339241","targetHints":{"allow":["GET"]}}],"collection":[{"href":"https:\/\/www.moskito.cz\/de\/wp-json\/wp\/v2\/product"}],"about":[{"href":"https:\/\/www.moskito.cz\/de\/wp-json\/wp\/v2\/types\/product"}],"replies":[{"embeddable":true,"href":"https:\/\/www.moskito.cz\/de\/wp-json\/wp\/v2\/comments?post=339241"}],"wp:featuredmedia":[{"embeddable":true,"href":"https:\/\/www.moskito.cz\/de\/wp-json\/wp\/v2\/media\/339202"}],"wp:attachment":[{"href":"https:\/\/www.moskito.cz\/de\/wp-json\/wp\/v2\/media?parent=339241"}],"wp:term":[{"taxonomy":"pwb-brand","embeddable":true,"href":"https:\/\/www.moskito.cz\/de\/wp-json\/wp\/v2\/pwb-brand?post=339241"},{"taxonomy":"product_brand","embeddable":true,"href":"https:\/\/www.moskito.cz\/de\/wp-json\/wp\/v2\/product_brand?post=339241"},{"taxonomy":"product_cat","embeddable":true,"href":"https:\/\/www.moskito.cz\/de\/wp-json\/wp\/v2\/product_cat?post=339241"},{"taxonomy":"product_tag","embeddable":true,"href":"https:\/\/www.moskito.cz\/de\/wp-json\/wp\/v2\/product_tag?post=339241"}],"curies":[{"name":"wp","href":"https:\/\/api.w.org\/{rel}","templated":true}]}}