{"id":339566,"date":"2024-05-04T08:38:58","date_gmt":"2024-05-04T07:40:24","guid":{"rendered":"https:\/\/www.moskito.cz\/produkt\/schliessmesser-spartan-blades-astor-stonewashed-sfbl8gr\/"},"modified":"2025-05-07T11:14:42","modified_gmt":"2025-05-07T10:14:42","slug":"schliessmesser-spartan-blades-astor-stonewashed-sfbl8gr","status":"publish","type":"product","link":"https:\/\/www.moskito.cz\/de\/produkt\/schliessmesser-spartan-blades-astor-stonewashed-sfbl8gr\/","title":{"rendered":"Schlie\u00dfmesser Spartan Blades ASTOR Stonewashed SFBL8GR"},"content":{"rendered":"<p>Schlie\u00dfmesser <strong>Spartan Blades<\/strong> ASTOR Stonewashed SFBL8GR.<\/p>\n<p>Wir stellen <strong>ASTOR<\/strong> vor, eine bahnbrechende Zusammenarbeit zwischen Spartan Blades und dem produktiven Messerhersteller Les George. Dieses Klappmesser ist als robustes \u201eArbeitstier\u201c konzipiert und sorgf\u00e4ltig gefertigt, um schwierige Arbeiten problemlos zu bew\u00e4ltigen. <strong>Das ASTOR<\/strong> verf\u00fcgt \u00fcber eine G-10-Schale, einen starken Liner-Lock und hochgeschliffenen Premium-CTS-XHP-Klingenstahl und ist damit der perfekte Begleiter f\u00fcr Aufgaben, die besondere Robustheit erfordern.<\/p>\n<p>Haupteigenschaften:<\/p>\n<p>G-10-Griff: Der G-10-Griff <strong>von ASTOR<\/strong> bietet einen robusten und zuverl\u00e4ssigen Griff und sorgt f\u00fcr optimale Kontrolle unter verschiedenen Bedingungen.<br \/>\nDicker Liner-Lock: Das Messer verf\u00fcgt \u00fcber einen starken Liner-Lock-Mechanismus, der seine Robustheit und allgemeine Haltbarkeit erh\u00f6ht.<br \/>\nCTS-XHP-Klingenstahl: Der hochwertige CTS-XHP-Klingenstahl garantiert eine hervorragende Schnitthaltigkeit und Korrosionsbest\u00e4ndigkeit und steigert die Leistung des Messers, um hohen Anspr\u00fcchen gerecht zu werden.<br \/>\nDeep Carry Pocket Clip: Der Deep Carry Pocket Clip ist vielseitig und kann durch Umstellen auf die linke Seite f\u00fcr das Tragen mit der linken Hand konfiguriert werden. Doppelte Daumenpins erleichtern das \u00d6ffnen von beiden Seiten.<br \/>\nOil Infused Bronze Bushing System (OIBBS): (Feld-)Bronzeplatten enthalten das innovative OIBBS, das den Klingen\u00f6ffnungsmechanismus f\u00fcr einen festen und dennoch reibungslosen Betrieb verbessert. Dieses System ist besonders beim Schlie\u00dfen von Messern vorteilhaft und gew\u00e4hrleistet Zuverl\u00e4ssigkeit bei niedrigen Geschwindigkeiten, intermittierendem Einsatz und ungleichm\u00e4\u00dfiger Belastung.<br \/>\nAuszeichnungen und Anerkennung:<\/p>\n<p>Gewinner der Blade Show 2021: <strong>ASTOR<\/strong> gewann auf der Blade Show 2021 den prestigetr\u00e4chtigen Titel \u201eImportiertes Messer des Jahres\u201c, ein Beweis f\u00fcr sein au\u00dfergew\u00f6hnliches Design und seine Leistung.<br \/>\nSpezifikationen:<\/p>\n<p>Designer: Les George<br \/>\nL\u00e4nge des geschlossenen Messers: 12 cm<br \/>\nKlingenl\u00e4nge: 9,5 cm<br \/>\nKlingenst\u00e4rke: 3 mm<br \/>\nKlingenstahl: Premium CTS-XHP<br \/>\nKlingenh\u00e4rte: 58-60 HRC (Rockwell-H\u00e4rteskala)<br \/>\nKlingenstil: Faltbar \u2013 Drop Point \u2013 Flache Oberfl\u00e4che<br \/>\nKlingenfinish: Gedreht<br \/>\nRahmen: Liner Lock, G-10<br \/>\nGewicht: 0,320 Pfund (ungef\u00e4hr 5,12 Unzen)<br \/>\n<strong>ASTOR<\/strong> ist nicht nur ein Messer; es ist ein Symbol f\u00fcr Handwerkskunst und Zuverl\u00e4ssigkeit. Mit seiner \u00fcberzeugenden Kombination aus hochwertigen Materialien, innovativen Funktionen und Erschwinglichkeit ist dieses Klappmesser bereit, jede Herausforderung anzunehmen, die sich ihm stellt. Werten Sie Ihren Alltag mit <strong>dem ASTOR<\/strong> auf, einem echten Marktf\u00fchrer in der Welt der Feldmesser.<\/p>\n<p>&nbsp;<\/p>\n","protected":false},"excerpt":{"rendered":"<p><strong>Gewinner der Blade Show 2021: ASTOR gewann auf der Blade Show 2021 den prestigetr\u00e4chtigen Titel \u201eImportiertes Messer des Jahres\u201c, ein Beweis f\u00fcr sein au\u00dfergew\u00f6hnliches Design und seine Leistung.<\/strong><\/p>\n","protected":false},"featured_media":339531,"comment_status":"open","ping_status":"closed","template":"","meta":[],"pwb-brand":[3839],"product_brand":[],"product_cat":[3285,3303],"product_tag":[3669],"class_list":{"0":"post-339566","1":"product","2":"type-product","3":"status-publish","4":"has-post-thumbnail","6":"pwb-brand-spartanische-klingen","7":"product_cat-messer","8":"product_cat-schliesmesser","9":"product_tag-b2b-de","11":"first","12":"instock","13":"taxable","14":"shipping-taxable","15":"purchasable","16":"product-type-simple"},"brands":[{"id":3839,"name":"Spartanische Klingen","slug":"spartanische-klingen"}],"_links":{"self":[{"href":"https:\/\/www.moskito.cz\/de\/wp-json\/wp\/v2\/product\/339566","targetHints":{"allow":["GET"]}}],"collection":[{"href":"https:\/\/www.moskito.cz\/de\/wp-json\/wp\/v2\/product"}],"about":[{"href":"https:\/\/www.moskito.cz\/de\/wp-json\/wp\/v2\/types\/product"}],"replies":[{"embeddable":true,"href":"https:\/\/www.moskito.cz\/de\/wp-json\/wp\/v2\/comments?post=339566"}],"wp:featuredmedia":[{"embeddable":true,"href":"https:\/\/www.moskito.cz\/de\/wp-json\/wp\/v2\/media\/339531"}],"wp:attachment":[{"href":"https:\/\/www.moskito.cz\/de\/wp-json\/wp\/v2\/media?parent=339566"}],"wp:term":[{"taxonomy":"pwb-brand","embeddable":true,"href":"https:\/\/www.moskito.cz\/de\/wp-json\/wp\/v2\/pwb-brand?post=339566"},{"taxonomy":"product_brand","embeddable":true,"href":"https:\/\/www.moskito.cz\/de\/wp-json\/wp\/v2\/product_brand?post=339566"},{"taxonomy":"product_cat","embeddable":true,"href":"https:\/\/www.moskito.cz\/de\/wp-json\/wp\/v2\/product_cat?post=339566"},{"taxonomy":"product_tag","embeddable":true,"href":"https:\/\/www.moskito.cz\/de\/wp-json\/wp\/v2\/product_tag?post=339566"}],"curies":[{"name":"wp","href":"https:\/\/api.w.org\/{rel}","templated":true}]}}