{"id":339584,"date":"2021-09-29T20:13:41","date_gmt":"2024-05-06T07:12:32","guid":{"rendered":"https:\/\/www.moskito.cz\/produkt\/verschlussmesser-sog-escape-clip-point-satin-serrated\/"},"modified":"2025-05-07T11:14:42","modified_gmt":"2025-05-07T10:14:42","slug":"verschlussmesser-sog-escape-clip-point-satin-serrated","status":"publish","type":"product","link":"https:\/\/www.moskito.cz\/de\/produkt\/verschlussmesser-sog-escape-clip-point-satin-serrated\/","title":{"rendered":"Verschlussmesser SOG ESCAPE CLIP POINT SATIN SERRATED"},"content":{"rendered":"<p>Unsere Geschichte beginnt in Vietnam, wo Mitglieder der streng geheimen Spezialeinheit Amerikas \u2013 bekannt als MACV \u2013 <strong>SOG<\/strong> \u2013 auf verdeckten Missionen ein einzigartiges Geheimmesser in den Dschungel trugen. Einige Jahre sp\u00e4ter, 1986, inspirierte dieses Messer einen jungen Designer namens Spencer Frazer zur Gr\u00fcndung von <strong>SOG<\/strong> Specialty Knives. Seine Mission: das originale <strong>SOG-<\/strong> Bowiemesser zu reproduzieren und der Spezialeinheit, die es geschaffen hat, Tribut zu zollen. Was als einzelnes Gedenkmodell begann, entwickelte sich bald zu einer ganzen Reihe innovativer Werkzeuge \u2013 bew\u00e4hrt von US-Spezialeinheiten und sogar als Messer der Wahl der Navy SEALs ausgezeichnet. Heute werden SOG-Messer auch in den anspruchsvollsten Situationen selbstbewusst getragen. Aus Tradition geschmiedet, im Feld geh\u00e4rtet, f\u00fcr Sie gefeilt.<\/p>\n<p>Egal, ob Sie andere besch\u00fctzen oder eine epische Jagdexpedition leiten, eine der allt\u00e4glichen Herausforderungen des Lebens meistern oder die bisher extremsten Bedingungen meistern, machen Sie sich mit <strong>SOG<\/strong> auf den Weg.<\/p>\n<p>Verschlussmesser <strong>SOG<\/strong> ESCAPE CLIP POINT SATIN SERRATED.<\/p>\n<p>Das Escape hat die perfekte Gr\u00f6\u00dfe f\u00fcr den t\u00e4glichen Gebrauch, bietet aber dank der nur von Hand zu \u00f6ffnenden Klinge dennoch eine enorme Leistungsf\u00e4higkeit. Im Griff integriert sind ein Fadenschneider (ideal zum Durchtrennen von Schn\u00fcren, Schn\u00fcren, Sicherheitsgurten etc.), ein Glasbrecher f\u00fcr den extremen Notfall, unser patentierter Abisolierer und zus\u00e4tzliche Fadenschneidermesser (die unter der Griffplatte verstaut sind). All dies, kombiniert mit der starken, halbgezahnten Klinge des Speers und dem hart eloxierten Aluminiumgriff, bedeutet, dass ich f\u00fcr alles bereit bin, was mir in den Weg kommt.<\/p>\n<p>GESAMTL\u00c4NGE: 20,5 cm<br \/>\nPRODUKTGEWICHT: 4,80 Unzen<br \/>\nKLINGENL\u00c4NGE: 8,5 cm<br \/>\nKLINGENDICKE<br \/>\nPRODUKTTYP: Klappmesser<br \/>\nG\u00dcRTELSCHNALLENTYP: Fest<br \/>\nKANTENTYP: Teilweise gezahnt<br \/>\nSTAHLKLINGENTYP: 9Cr18MoV<br \/>\nH\u00c4RTE: \u200b\u200bRC 58-60<br \/>\nGRIFFMATERIAL: Eloxiertes Aluminium 6061-T6<br \/>\nGRIFFFARBE: Schwarz<\/p>\n<p>Das Escape hat die perfekte Gr\u00f6\u00dfe f\u00fcr den t\u00e4glichen Gebrauch, verf\u00fcgt aber mit seiner einh\u00e4ndig zu \u00f6ffnenden Klinge dennoch \u00fcber enorme Einsatzm\u00f6glichkeiten. Im Griff integriert sind ein Schnurschneider (ideal zum Schneiden von Kordeln, Schn\u00fcren, Sicherheitsgurten usw.), ein Glasbrecher f\u00fcr extreme Notf\u00e4lle, unser zum Patent angemeldeter Abisolierer und zus\u00e4tzliche Schnurschneiderklingen (die unter der Griffplatte aufbewahrt werden). ). All dies, kombiniert mit einer robusten, teilweise gezahnten Spear-Point-Klinge und einem hart eloxierten Aluminiumgriff, zeigt, dass ich f\u00fcr alles bereit bin, was auf mich zukommt.<\/p>\n<p>GESAMTL\u00c4NGE<br \/>\n8,20&#8243;<br \/>\nGESCHLOSSENE L\u00c4NGE<br \/>\n4,8&#8243;<br \/>\nPRODUKTGEWICHT<br \/>\n4,80 Unzen<br \/>\nKLINGENL\u00c4NGE<br \/>\n3,4&#8243;<br \/>\nKLINGENDICKE<br \/>\n0,13&#8243;<br \/>\nUPC<br \/>\n7-29857-99694-5<br \/>\nVORBESTELLUNGSDATUM<br \/>\nAN<br \/>\nIST VORBESTELLUNG<br \/>\nAN<br \/>\nPRODUKTFAMILIE<br \/>\nFlucht<br \/>\nPRODUKTART<br \/>\nKlappmesser<br \/>\nHERKUNFTSLAND<br \/>\nChina<br \/>\nVERSCHLUSSMECHANISMUS<br \/>\nLockback<br \/>\nG\u00dcRTELCLIP-TYP<br \/>\nFest<br \/>\nVERPACKUNG<br \/>\nUnibox \u2013 Anzeigebereit<br \/>\nGRAVIERBAR<br \/>\nJa<br \/>\nBEENDEN<br \/>\nPerlengestrahlt<br \/>\nKANTENTYP<br \/>\nTeilweise gezahnt<br \/>\nKLINGENSTAHLTYP<br \/>\n9Cr18MoV<br \/>\nKLINGENFORM<br \/>\nClip-Punkt<br \/>\nH\u00c4RTE<br \/>\nRc. 58-60<br \/>\nGRIFFMATERIAL<br \/>\nEloxiertes Aluminium 6061-T6<br \/>\nGRIFFFARBE<br \/>\nSchwarz<\/p>\n<p>&nbsp;<\/p>\n","protected":false},"excerpt":{"rendered":"<p>Egal, ob Sie andere besch\u00fctzen oder eine epische Jagdexpedition leiten, eine der allt\u00e4glichen Herausforderungen des Lebens meistern oder die bisher extremsten Bedingungen meistern, machen Sie sich mit <strong>SOG<\/strong> auf den Weg.<\/p>\n<p><strong>Wir geben auf alle SOG-Messer eine lebenslange Garantie!<\/strong><\/p>\n","protected":false},"featured_media":339589,"comment_status":"open","ping_status":"closed","template":"","meta":[],"pwb-brand":[3605],"product_brand":[],"product_cat":[3285,3303],"product_tag":[3669],"class_list":{"0":"post-339584","1":"product","2":"type-product","3":"status-publish","4":"has-post-thumbnail","6":"pwb-brand-wie-g","7":"product_cat-messer","8":"product_cat-schliesmesser","9":"product_tag-b2b-de","11":"first","12":"outofstock","13":"taxable","14":"shipping-taxable","15":"purchasable","16":"product-type-simple"},"brands":[{"id":3605,"name":"WIE G","slug":"wie-g"}],"_links":{"self":[{"href":"https:\/\/www.moskito.cz\/de\/wp-json\/wp\/v2\/product\/339584","targetHints":{"allow":["GET"]}}],"collection":[{"href":"https:\/\/www.moskito.cz\/de\/wp-json\/wp\/v2\/product"}],"about":[{"href":"https:\/\/www.moskito.cz\/de\/wp-json\/wp\/v2\/types\/product"}],"replies":[{"embeddable":true,"href":"https:\/\/www.moskito.cz\/de\/wp-json\/wp\/v2\/comments?post=339584"}],"wp:featuredmedia":[{"embeddable":true,"href":"https:\/\/www.moskito.cz\/de\/wp-json\/wp\/v2\/media\/339589"}],"wp:attachment":[{"href":"https:\/\/www.moskito.cz\/de\/wp-json\/wp\/v2\/media?parent=339584"}],"wp:term":[{"taxonomy":"pwb-brand","embeddable":true,"href":"https:\/\/www.moskito.cz\/de\/wp-json\/wp\/v2\/pwb-brand?post=339584"},{"taxonomy":"product_brand","embeddable":true,"href":"https:\/\/www.moskito.cz\/de\/wp-json\/wp\/v2\/product_brand?post=339584"},{"taxonomy":"product_cat","embeddable":true,"href":"https:\/\/www.moskito.cz\/de\/wp-json\/wp\/v2\/product_cat?post=339584"},{"taxonomy":"product_tag","embeddable":true,"href":"https:\/\/www.moskito.cz\/de\/wp-json\/wp\/v2\/product_tag?post=339584"}],"curies":[{"name":"wp","href":"https:\/\/api.w.org\/{rel}","templated":true}]}}