{"id":339633,"date":"2022-02-23T22:35:18","date_gmt":"2024-05-07T11:42:18","guid":{"rendered":"https:\/\/www.moskito.cz\/produkt\/giantmouse-ace-riv-verschlussmesser-messing\/"},"modified":"2025-05-07T11:14:44","modified_gmt":"2025-05-07T10:14:44","slug":"giantmouse-ace-riv-verschlussmesser-messing","status":"publish","type":"product","link":"https:\/\/www.moskito.cz\/de\/produkt\/giantmouse-ace-riv-verschlussmesser-messing\/","title":{"rendered":"GiantMouse ACE RIV Verschlussmesser \u2013 MESSING"},"content":{"rendered":"<p><strong>GiantMouse<\/strong> ACE RIV Verschlussmesser \u2013 MESSING<\/p>\n<p>DIE RICHTIGEN MESSER.\u00ae<\/p>\n<p>Wir stellen vor: Riva&#8230;<\/p>\n<p>Viele Leute betrachten das Riv als eine Mini-Biblio. Allerdings haben wir nicht nur die Bibel verkleinert, um ein Riv zu machen. Wir haben noch einmal angefangen und ein neues Messer der Biblio-Reihe komplett neu gestaltet, aber mit einem eigenen Gef\u00fchl und Ausdruck. Auf diese Weise haben wir auch den Biblio entworfen, basierend auf den Linien und dem Konzept des GM1. Nat\u00fcrlich w\u00e4re es einfacher, das Messermodell einfach auf die Gr\u00f6\u00dfe zu vergr\u00f6\u00dfern oder zu verkleinern, die sich Ihrer Meinung nach gut verkaufen l\u00e4sst, aber so arbeiten wir nicht!<\/p>\n<p>Warum ein kompaktes Messer?<\/p>\n<p>Unsere Designer Jens Anso und Jesper Voxnaes sind in der Natur aufgewachsen, haben im Wald gearbeitet und Hausarbeiten erledigt. Ihnen wurde beigebracht, bei der Arbeit oder beim Wandern eine feststehende Klinge und eine kleine Feile bei sich zu haben. Mit einer feststehenden Klinge k\u00f6nnen die meisten Schneidaufgaben erledigt werden, der Folder sollte jedoch als Rasiermesser f\u00fcr feinere Arbeiten aufbewahrt werden und als Ersatz f\u00fcr den Fall dienen, dass die feststehende Klinge verloren geht oder stumpf wird. Heutzutage k\u00f6nnen die meisten Qualit\u00e4tsordner die meisten mittelgro\u00dfen Aufgaben mit einem feststehenden Messer bew\u00e4ltigen, aber es ist immer noch gro\u00dfartig, ein scharfes Backup zu haben. Und mit dem \u201eRiv\u201c erhalten Sie einen kompakten Ordner, der die meisten allt\u00e4glichen Schneidearbeiten meistert und Sie \u00fcberraschen wird, sobald Sie ihn in die H\u00e4nde bekommen. Ein Werkzeug, kein Trick!<\/p>\n<p>Was ist in einem Namen?<\/p>\n<p>Wir benennen unsere Messer nach besonderen Orten, die uns im Laufe der Jahre beliebt gemacht haben. Der Namensgeber Biblio war ein beliebter Treffpunkt des GiantMouse-Teams in Brooklyn, wo die Idee f\u00fcr unsere neue Messermarke geboren wurde. Das Grand ist nach unserem Lieblingshotel und unserer Lieblingsbar in N\u00fcrnberg benannt. Das Clyde ist nach der Clyde Commons Bar in Portland benannt, die Teil des ACE Hotels war, nach dem auch unsere ACE-Messerlinie benannt ist. Nun, im Jahr 2020 verlegte GiantMouse seinen Hauptsitz von der San Francisco Bay Area nach East Lansing, MI. Deshalb hielten wir es f\u00fcr nur richtig, diesen Anlass zu w\u00fcrdigen und unser neuestes Modell nach einem ebenso bedeutenden lokalen Unternehmen zu benennen. Es stellte sich heraus, dass \u201eThe Riv\u201c eine historische lokale Kneipe in East Lansing ist, die Jim Wirth, CEO von GiantMouse, w\u00e4hrend seines Studiums an der Michigan State University Ende der 1980er Jahre h\u00e4ufig besuchte. Flug. Die Bar ist bis heute ein lokales Wahrzeichen, und sobald die d\u00e4nische Truppe des GiantMouse-Teams wieder reisen kann, werden Sie uns sicher dort an der Ecke Albert und MAC Ave. finden. Wenn wir nicht da sind? &#8211; Schauen Sie sich Pinball Pete&#8217;s nebenan an.<\/p>\n<p>SPEZIFIKATIONEN<\/p>\n<p>Materialien:<br \/>\nKlingenstahl: Elmax. Satin-Design.<br \/>\nGriff: Pr\u00e4sentationsseite aus Messing.<br \/>\nBackspacer: Titan.<br \/>\nClip: Draht.<br \/>\nDrehmechanismus: Kugellager.<br \/>\nVerriegelungsmechanismus: Titan-Rahmenschloss.<\/p>\n<p>Ma\u00dfe:<br \/>\nKlingenl\u00e4nge: 2,44 Zoll (62 mm) \u2013 gemessen von der Spitze bis zur Vorderseite des Rahmens<br \/>\nKlingenst\u00e4rke: 0,118 Zoll (3 mm)<br \/>\nGriffl\u00e4nge: 3,375 Zoll (85,73 mm)<br \/>\nGesamtl\u00e4nge: 5,75&#8243; (146 mm)<br \/>\nGewicht: 3,4 oz (96,4 g)<\/p>\n<p><iframe title=\"The ACE Riv by GiantMouse Knives\" width=\"800\" height=\"450\" src=\"https:\/\/www.youtube.com\/embed\/zegLsN6zUMc?feature=oembed\" frameborder=\"0\" allow=\"accelerometer; autoplay; clipboard-write; encrypted-media; gyroscope; picture-in-picture; web-share\" referrerpolicy=\"strict-origin-when-cross-origin\" allowfullscreen><\/iframe><\/p>\n<p>&nbsp;<\/p>\n","protected":false},"excerpt":{"rendered":"<p>Die Idee zu <strong>GiantMouse<\/strong> entstand eines Abends bei einem Drink auf der American Knife Show 2015. Die d\u00e4nischen Designer\/Messer Jens Ans\u00f8 und Jesper Voxnaes (Vox) beschlossen gemeinsam mit ihrem amerikanischen Unternehmerfreund Jim Wirth, dass sie eine bessere Mausefalle bauen k\u00f6nnten. sprechen. Eine Messermarke, die es schafft, erstaunliche Messerdesigns mit h\u00f6chstm\u00f6glicher Verarbeitungsqualit\u00e4t zu einem fairen Preis anzubieten und dabei eng mit ihrer Kundengemeinschaft verbunden zu bleiben.<\/p>\n<p><strong>Kostenloser Transport.<\/strong><\/p>\n","protected":false},"featured_media":339650,"comment_status":"open","ping_status":"closed","template":"","meta":[],"pwb-brand":[3803],"product_brand":[],"product_cat":[3285,3303],"product_tag":[],"class_list":{"0":"post-339633","1":"product","2":"type-product","3":"status-publish","4":"has-post-thumbnail","6":"pwb-brand-giantmouse-de","7":"product_cat-messer","8":"product_cat-schliesmesser","10":"first","11":"outofstock","12":"taxable","13":"shipping-taxable","14":"purchasable","15":"product-type-simple"},"brands":[{"id":3803,"name":"GiantMouse","slug":"giantmouse-de"}],"_links":{"self":[{"href":"https:\/\/www.moskito.cz\/de\/wp-json\/wp\/v2\/product\/339633","targetHints":{"allow":["GET"]}}],"collection":[{"href":"https:\/\/www.moskito.cz\/de\/wp-json\/wp\/v2\/product"}],"about":[{"href":"https:\/\/www.moskito.cz\/de\/wp-json\/wp\/v2\/types\/product"}],"replies":[{"embeddable":true,"href":"https:\/\/www.moskito.cz\/de\/wp-json\/wp\/v2\/comments?post=339633"}],"wp:featuredmedia":[{"embeddable":true,"href":"https:\/\/www.moskito.cz\/de\/wp-json\/wp\/v2\/media\/339650"}],"wp:attachment":[{"href":"https:\/\/www.moskito.cz\/de\/wp-json\/wp\/v2\/media?parent=339633"}],"wp:term":[{"taxonomy":"pwb-brand","embeddable":true,"href":"https:\/\/www.moskito.cz\/de\/wp-json\/wp\/v2\/pwb-brand?post=339633"},{"taxonomy":"product_brand","embeddable":true,"href":"https:\/\/www.moskito.cz\/de\/wp-json\/wp\/v2\/product_brand?post=339633"},{"taxonomy":"product_cat","embeddable":true,"href":"https:\/\/www.moskito.cz\/de\/wp-json\/wp\/v2\/product_cat?post=339633"},{"taxonomy":"product_tag","embeddable":true,"href":"https:\/\/www.moskito.cz\/de\/wp-json\/wp\/v2\/product_tag?post=339633"}],"curies":[{"name":"wp","href":"https:\/\/api.w.org\/{rel}","templated":true}]}}