{"id":339786,"date":"2021-07-29T19:40:03","date_gmt":"2024-05-13T08:15:55","guid":{"rendered":"https:\/\/www.moskito.cz\/produkt\/schliessmesser-crkt-m16-01z\/"},"modified":"2025-05-07T11:14:45","modified_gmt":"2025-05-07T10:14:45","slug":"schliessmesser-crkt-m16-01z","status":"publish","type":"product","link":"https:\/\/www.moskito.cz\/de\/produkt\/schliessmesser-crkt-m16-01z\/","title":{"rendered":"Schlie\u00dfmesser CRKT M16-01Z"},"content":{"rendered":"<p>Schlie\u00dfmesser <strong>CRKT<\/strong> M16-01Z.<\/p>\n<p>Hier ist Kit Carsons M16\u00ae Every Day Carry (EDC) mit unserer glasfaserverst\u00e4rkten Nylon-InterFrame-Konstruktion.<\/p>\n<p>Unsere Messerbenutzer sagten uns: \u201eWir wollen ein erschwingliches Arbeitsmesser, das wir ohne schlechtes Gewissen hart nutzen k\u00f6nnen und das nicht kaputt geht, wenn wir es auf der Baustelle liegen lassen oder in einen Fluss fallen lassen.\u201c Wir haben Sie geh\u00f6rt. Und so kamen wir zu dem Schluss, dass das Z EDC das beste Preis-Leistungs-Verh\u00e4ltnis in der Welt der Arbeits- und Sportmesser bieten w\u00fcrde.<\/p>\n<p>Dies beginnt mit strukturierten glasfaserverst\u00e4rkten Nylonschalen und einem doppelten InterFrame-Liner aus 2CR13-Edelstahl. Bei der Montage mit hinteren Abstandshaltern aus Glasnylon und Torx\u00ae-Befestigungselementen ist das Ergebnis erstaunlich steif.<\/p>\n<p>Glasgef\u00fclltes Nylon bietet hervorragende Z\u00e4higkeit und L\u00f6sungsmittelbest\u00e4ndigkeit. Schmierpads am Klingenzapfen und an der verstellbaren Drehschraube sorgen f\u00fcr eine perfekte Klingenbewegung. Die Klinge besteht aus rostfreiem 8CR15MoV-Stahl mit hohem Kohlenstoffgehalt, der die ideale Kombination aus Z\u00e4higkeit und Schnitthaltigkeit eines Arbeitsmessers bietet und au\u00dferdem ein einfaches Sch\u00e4rfen im Feld erm\u00f6glicht. Standardmodelle haben ein Perlmutt-Finish.<\/p>\n<p>Der M16\u00ae-01Z verwendet unsere beliebte Speerspitzenklinge mit d\u00fcnnem Profil und scharfer Kante. Es ist ideal f\u00fcr feines Schneiden und Schnitzen. Nat\u00fcrlich gibt es den Carson Flipper, der das \u00d6ffnen der Klinge beschleunigt und bei ge\u00f6ffneter Klinge als Klingenschutz fungiert.<\/p>\n<p>Dieses Messer ist mit einer automatischen Einstecksicherung ausgestattet. Die automatische Einstecksicherung ist eine Innovation in der Einstecksicherung, die auf die n\u00e4chste Stufe gehoben wurde. Das automatische Einsteckschloss setzt den Stift zwischen Schlosseinsatz und Rahmen. Dieser Stift dient als zus\u00e4tzliche Sicherheitsebene und verringert die Wahrscheinlichkeit, dass sich der Verriegelungseinsatz w\u00e4hrend des Gebrauchs l\u00f6st.<\/p>\n<p>Um das Messer zu schlie\u00dfen, ziehen Sie den Sicherungshebel mit dem roten Knopf zur\u00fcck, bewegen Sie den Verriegelungseinsatz und klappen Sie die Klinge in die geschlossene Position. M\u00f6chten Sie eines der sichersten Sicherheitssysteme auf dem Markt? Die Auswahl erfolgt automatisch.<\/p>\n<p>SPEZIFIKATIONEN<br \/>\nKlingenl\u00e4nge 3,13 Zoll (79,38 mm)<br \/>\nKlingenkante einfach<br \/>\nKlingenstahl 8Cr13MoV<br \/>\nFertigstellung der Bead Blast-Klinge<br \/>\nKlingenst\u00e4rke 0,03 Zoll (2,03 mm)<br \/>\nGesamtl\u00e4nge 7,13&#8243; (180,98 mm)<br \/>\nGeschlossene L\u00e4nge 4,00&#8243; (101,60 mm)<br \/>\nGewicht 2,30 Unzen. (65,20 g)<br \/>\nGriff aus glasfaserverst\u00e4rktem Nylon<br \/>\nStyle Klappmesser mit Einstecksperre<\/p>\n<p><strong>CRKT\u00ae<\/strong> (Columbia River Knife and Tool\u00ae) wurde 1994 gegr\u00fcndet. Vom ersten Tag an standen Innovation und Integrit\u00e4t an erster Stelle. Sein Ziel ist es, Messer und Werkzeuge herzustellen, die inspirieren und lange halten. Er arbeitet mit den besten Designern der Welt zusammen und arbeitet nach einem einfachen Prinzip: Das Beste, was er seinen Kunden geben kann, ist Vertrauen in seine H\u00e4nde.<\/p>\n<p><iframe title=\"M16-01Z Knife | by Kit Carson\" width=\"800\" height=\"450\" src=\"https:\/\/www.youtube.com\/embed\/yvsl0_4sS4Y?feature=oembed\" frameborder=\"0\" allow=\"accelerometer; autoplay; clipboard-write; encrypted-media; gyroscope; picture-in-picture; web-share\" referrerpolicy=\"strict-origin-when-cross-origin\" allowfullscreen><\/iframe><\/p>\n<p>&nbsp;<\/p>\n<p>&nbsp;<\/p>\n","protected":false},"excerpt":{"rendered":"<p>Entworfen von Kit Carson in Vine Grove, Kentucky.<\/p>\n","protected":false},"featured_media":339787,"comment_status":"open","ping_status":"closed","template":"","meta":[],"pwb-brand":[3457],"product_brand":[],"product_cat":[3303,3285],"product_tag":[3669],"class_list":{"0":"post-339786","1":"product","2":"type-product","3":"status-publish","4":"has-post-thumbnail","6":"pwb-brand-crkt-de","7":"product_cat-schliesmesser","8":"product_cat-messer","9":"product_tag-b2b-de","11":"first","12":"outofstock","13":"taxable","14":"shipping-taxable","15":"purchasable","16":"product-type-simple"},"brands":[{"id":3457,"name":"CRKT","slug":"crkt-de"}],"_links":{"self":[{"href":"https:\/\/www.moskito.cz\/de\/wp-json\/wp\/v2\/product\/339786","targetHints":{"allow":["GET"]}}],"collection":[{"href":"https:\/\/www.moskito.cz\/de\/wp-json\/wp\/v2\/product"}],"about":[{"href":"https:\/\/www.moskito.cz\/de\/wp-json\/wp\/v2\/types\/product"}],"replies":[{"embeddable":true,"href":"https:\/\/www.moskito.cz\/de\/wp-json\/wp\/v2\/comments?post=339786"}],"wp:featuredmedia":[{"embeddable":true,"href":"https:\/\/www.moskito.cz\/de\/wp-json\/wp\/v2\/media\/339787"}],"wp:attachment":[{"href":"https:\/\/www.moskito.cz\/de\/wp-json\/wp\/v2\/media?parent=339786"}],"wp:term":[{"taxonomy":"pwb-brand","embeddable":true,"href":"https:\/\/www.moskito.cz\/de\/wp-json\/wp\/v2\/pwb-brand?post=339786"},{"taxonomy":"product_brand","embeddable":true,"href":"https:\/\/www.moskito.cz\/de\/wp-json\/wp\/v2\/product_brand?post=339786"},{"taxonomy":"product_cat","embeddable":true,"href":"https:\/\/www.moskito.cz\/de\/wp-json\/wp\/v2\/product_cat?post=339786"},{"taxonomy":"product_tag","embeddable":true,"href":"https:\/\/www.moskito.cz\/de\/wp-json\/wp\/v2\/product_tag?post=339786"}],"curies":[{"name":"wp","href":"https:\/\/api.w.org\/{rel}","templated":true}]}}