{"id":339851,"date":"2021-09-23T21:50:33","date_gmt":"2024-05-14T07:48:12","guid":{"rendered":"https:\/\/www.moskito.cz\/produkt\/schliessmesser-sog-kiku-xr-lte-blackout-micarta-carbon\/"},"modified":"2025-05-07T11:14:47","modified_gmt":"2025-05-07T10:14:47","slug":"schliessmesser-sog-kiku-xr-lte-blackout-micarta-carbon","status":"publish","type":"product","link":"https:\/\/www.moskito.cz\/de\/produkt\/schliessmesser-sog-kiku-xr-lte-blackout-micarta-carbon\/","title":{"rendered":"Schlie\u00dfmesser SOG KIKU XR LTE BLACKOUT MICARTA CARBON"},"content":{"rendered":"<p>Schlie\u00dfmesser <strong>SOG<\/strong> KIKU XR LTE BLACKOUT MICARTA CARBON.<\/p>\n<p>Der muskul\u00f6se Kiku XR LTE, 25 % leichter, vermittelt Kraft und Beweglichkeit. Mit Kohlefasereins\u00e4tzen und Abstandshaltern, die das Gewicht minimieren, passt der Kiku problemlos in jeden Outdoor-Ausflug. Diese gro\u00dfformatige Komponente basiert auf einem extrem starken XR SOG-Verriegelungsmechanismus, w\u00e4hrend die CTS XHP-Stahlklinge ein hohes Ma\u00df an Korrosionsbest\u00e4ndigkeit und hervorragende Schnitthaltigkeit bietet.<\/p>\n<p>ZUSAMMENFASSUNG DER FUNKTIONEN<br \/>\nMit nur 4,1 Unzen ist der Kiku XR LTE eine leichte Komponente, die f\u00fcr alle Outdoor-Herausforderungen entwickelt wurde. Vollst\u00e4ndig beidh\u00e4ndig bedienbar, mit beidh\u00e4ndigem Taschenclip, einem starken SOR XR-Verriegelungsmechanismus und hochwertigem XHP-Stahl.<\/p>\n<p>CRYO CTS XHP<br \/>\nEs bietet ein hohes Ma\u00df an Korrosionsbest\u00e4ndigkeit und eine hervorragende Schnitthaltigkeit.<\/p>\n<p>XR-SPERRE<br \/>\nZuverl\u00e4ssig und leistungsstark, h\u00e4lt einer Kraft von bis zu 1.500 Pfund stand und bietet eine maximale integrierte Klingenverriegelung beim \u00d6ffnen, sodass die Klinge nur dann ge\u00f6ffnet wird, wenn dies beabsichtigt ist.<\/p>\n<p>EINS\u00c4TZE AUS KOHLENSTOFFFASER<br \/>\nDie LTE-Serie ersetzt Metalleins\u00e4tze durch Kohlefaser. Genauso langlebig, aber viel leichter und einfacher zu handhaben und zu tragen.<\/p>\n<p>KLINGENL\u00c4NGE: 8 cm<br \/>\nGESAMTL\u00c4NGE: 18,5 cm<br \/>\nG\u00dcRTELCLIP-TYP: Reversible Low-Carry<br \/>\nKANTENTYP: Gerade<br \/>\nKLINGENFORM: Tanto<br \/>\nGRIFFMATERIAL: Micarta<br \/>\n\u00d6FFNUNGSMECHANISMUS: XR-Schloss, Daumenloch,<br \/>\nSTAHLKLINGENTYP: CRYO CTS XHP<br \/>\nH\u00c4RTE: \u200b\u200b61-63<\/p>\n<p><iframe title=\"Kiku XR LTE\" width=\"800\" height=\"450\" src=\"https:\/\/www.youtube.com\/embed\/cpaP1HPrnd8?feature=oembed\" frameborder=\"0\" allow=\"accelerometer; autoplay; clipboard-write; encrypted-media; gyroscope; picture-in-picture; web-share\" referrerpolicy=\"strict-origin-when-cross-origin\" allowfullscreen><\/iframe><\/p>\n<p>&nbsp;<\/p>\n","protected":false},"excerpt":{"rendered":"<p>Egal, ob Sie andere besch\u00fctzen oder eine epische Jagdexpedition leiten, eine der allt\u00e4glichen Herausforderungen des Lebens meistern oder die bisher extremsten Bedingungen meistern, machen Sie sich mit <strong>SOG<\/strong> auf den Weg.<\/p>\n<p><strong>Wir geben auf alle SOG-Messer eine lebenslange Garantie! <\/strong><\/p>\n","protected":false},"featured_media":339852,"comment_status":"open","ping_status":"closed","template":"","meta":[],"pwb-brand":[3605],"product_brand":[],"product_cat":[3285,3303],"product_tag":[3669],"class_list":{"0":"post-339851","1":"product","2":"type-product","3":"status-publish","4":"has-post-thumbnail","6":"pwb-brand-wie-g","7":"product_cat-messer","8":"product_cat-schliesmesser","9":"product_tag-b2b-de","11":"first","12":"instock","13":"taxable","14":"shipping-taxable","15":"purchasable","16":"product-type-simple"},"brands":[{"id":3605,"name":"WIE G","slug":"wie-g"}],"_links":{"self":[{"href":"https:\/\/www.moskito.cz\/de\/wp-json\/wp\/v2\/product\/339851","targetHints":{"allow":["GET"]}}],"collection":[{"href":"https:\/\/www.moskito.cz\/de\/wp-json\/wp\/v2\/product"}],"about":[{"href":"https:\/\/www.moskito.cz\/de\/wp-json\/wp\/v2\/types\/product"}],"replies":[{"embeddable":true,"href":"https:\/\/www.moskito.cz\/de\/wp-json\/wp\/v2\/comments?post=339851"}],"wp:featuredmedia":[{"embeddable":true,"href":"https:\/\/www.moskito.cz\/de\/wp-json\/wp\/v2\/media\/339852"}],"wp:attachment":[{"href":"https:\/\/www.moskito.cz\/de\/wp-json\/wp\/v2\/media?parent=339851"}],"wp:term":[{"taxonomy":"pwb-brand","embeddable":true,"href":"https:\/\/www.moskito.cz\/de\/wp-json\/wp\/v2\/pwb-brand?post=339851"},{"taxonomy":"product_brand","embeddable":true,"href":"https:\/\/www.moskito.cz\/de\/wp-json\/wp\/v2\/product_brand?post=339851"},{"taxonomy":"product_cat","embeddable":true,"href":"https:\/\/www.moskito.cz\/de\/wp-json\/wp\/v2\/product_cat?post=339851"},{"taxonomy":"product_tag","embeddable":true,"href":"https:\/\/www.moskito.cz\/de\/wp-json\/wp\/v2\/product_tag?post=339851"}],"curies":[{"name":"wp","href":"https:\/\/api.w.org\/{rel}","templated":true}]}}