{"id":340198,"date":"2024-05-15T13:52:44","date_gmt":"2024-05-15T12:54:38","guid":{"rendered":"https:\/\/www.moskito.cz\/produkt\/feststehendes-messer-microtech-signature-series-socom-alpha-mini-114m-3dlccfs\/"},"modified":"2025-05-07T11:14:55","modified_gmt":"2025-05-07T10:14:55","slug":"feststehendes-messer-microtech-signature-series-socom-alpha-mini-114m-3dlccfs","status":"publish","type":"product","link":"https:\/\/www.moskito.cz\/de\/produkt\/feststehendes-messer-microtech-signature-series-socom-alpha-mini-114m-3dlccfs\/","title":{"rendered":"Feststehendes Messer Microtech Signature Series Socom Alpha Mini 114M-3DLCCFS"},"content":{"rendered":"<p>Feststehendes Messer <strong>Microtech<\/strong> Signature Series Socom Alpha Mini 114M-3DLCCFS.<\/p>\n<p>Die Socom Alpha Mini ist eine Elite-Stichs\u00e4ge, die auf der beliebten Socom-Stichs\u00e4ge basiert. Der Griff ist ungef\u00e4hr gleich gro\u00df, aber die solide Klinge des Socom Alpha hat eine etwas k\u00fcrzere Klinge, wodurch ein perfekt ausbalanciertes Messer entsteht. Es richtet sich an taktische Benutzer, Sammler und alle, die eine Klinge von h\u00f6chster Qualit\u00e4t sch\u00e4tzen.<\/p>\n<p>Dieses Full-Tang-Design ist rund um den Griff gekantet, um Ihnen die sicherste Handhabung dieser taktischen feststehenden Klinge zu erm\u00f6glichen. Gefr\u00e4ste Kohlefaserschalen haben eine konturierte Form f\u00fcr maximalen ergonomischen Halt und schaffen eine perfekte Harmonie zwischen Benutzer und Instrument. Die Tanto-Klinge ist flach geschliffen, hat einen abgerundeten R\u00fccken und eine raue Steinoberfl\u00e4che. Das Socom Alpha mini strahlt sowohl als taktisches als auch als praktisches feststehendes Messer die Aura eines Top-Benutzers aus. Es wird mit absolut engen Toleranzen hergestellt, sodass Sie sicher sein k\u00f6nnen, dass es alles aush\u00e4lt, was Ihnen entgegengeworfen wird. Wird mit einer kohlefaserbeschichteten Kydex-Scheide mit Blade-Tech TEK-LOK geliefert, die mehrere Trageoptionen f\u00fcr Ihre spezifischen Vorlieben bietet.<br \/>\nSpezifikationen:<\/p>\n<p>Klingenl\u00e4nge: 9,3 cm<br \/>\nGriffl\u00e4nge: 11 cm<br \/>\nGesamtl\u00e4nge: 20,42 cm<br \/>\nStahl: M 390<br \/>\nKlingenstil: Tanto<br \/>\nKlingenschliff: Flach<br \/>\nKlingenfinish: Schwarz DLC<br \/>\nGriffmaterial: Kohlefaser<br \/>\nMantelmaterial: Kydex mit Karbonfaser-Finish<br \/>\nGewicht: 6,7 Unzen.<br \/>\nGewicht mit Koffer: 10,1 Unzen.<br \/>\nDesigner: Tony Marfione<br \/>\nHergestellt in den USA<\/p>\n<p><iframe title=\"Microtech Combat Troodon Torture Test\" width=\"800\" height=\"450\" src=\"https:\/\/www.youtube.com\/embed\/xE9TeOFYEjg?feature=oembed\" frameborder=\"0\" allow=\"accelerometer; autoplay; clipboard-write; encrypted-media; gyroscope; picture-in-picture; web-share\" referrerpolicy=\"strict-origin-when-cross-origin\" allowfullscreen><\/iframe><\/p>\n<p>&nbsp;<\/p>\n","protected":false},"excerpt":{"rendered":"<div class=\"elementor-element elementor-element-bbb542b elementor-widget elementor-widget-woocommerce-product-short-description\" data-id=\"bbb542b\" data-element_type=\"widget\" data-widget_type=\"woocommerce-product-short-description.default\">\n<div class=\"elementor-widget-container\">\n<div class=\"woocommerce-product-details__short-description\">\n<p><strong>Im Laufe der Jahre hat Microtech\u00ae Knives Messer mit Leidenschaft und K\u00f6nnen gef\u00fcllt, um nahezu Kunstwerke zu schaffen, die den Gipfel der Funktionalit\u00e4t darstellen. Alle Teile werden in den USA hergestellt.<\/strong><br \/>\n<strong>F\u00fcr alle Microtech-Messer gilt eine lebenslange Garantie.<\/strong><\/p>\n<p><strong>Kostenloser Transport.<\/strong><\/p>\n<\/div>\n<\/div>\n<\/div>\n","protected":false},"featured_media":340161,"comment_status":"open","ping_status":"closed","template":"","meta":[],"pwb-brand":[3278],"product_brand":[],"product_cat":[3285,3287],"product_tag":[3669],"class_list":{"0":"post-340198","1":"product","2":"type-product","3":"status-publish","4":"has-post-thumbnail","6":"pwb-brand-microtech-de","7":"product_cat-messer","8":"product_cat-solide-messer","9":"product_tag-b2b-de","11":"first","12":"instock","13":"taxable","14":"shipping-taxable","15":"purchasable","16":"product-type-simple"},"brands":[{"id":3278,"name":"Microtech","slug":"microtech-de"}],"_links":{"self":[{"href":"https:\/\/www.moskito.cz\/de\/wp-json\/wp\/v2\/product\/340198","targetHints":{"allow":["GET"]}}],"collection":[{"href":"https:\/\/www.moskito.cz\/de\/wp-json\/wp\/v2\/product"}],"about":[{"href":"https:\/\/www.moskito.cz\/de\/wp-json\/wp\/v2\/types\/product"}],"replies":[{"embeddable":true,"href":"https:\/\/www.moskito.cz\/de\/wp-json\/wp\/v2\/comments?post=340198"}],"wp:featuredmedia":[{"embeddable":true,"href":"https:\/\/www.moskito.cz\/de\/wp-json\/wp\/v2\/media\/340161"}],"wp:attachment":[{"href":"https:\/\/www.moskito.cz\/de\/wp-json\/wp\/v2\/media?parent=340198"}],"wp:term":[{"taxonomy":"pwb-brand","embeddable":true,"href":"https:\/\/www.moskito.cz\/de\/wp-json\/wp\/v2\/pwb-brand?post=340198"},{"taxonomy":"product_brand","embeddable":true,"href":"https:\/\/www.moskito.cz\/de\/wp-json\/wp\/v2\/product_brand?post=340198"},{"taxonomy":"product_cat","embeddable":true,"href":"https:\/\/www.moskito.cz\/de\/wp-json\/wp\/v2\/product_cat?post=340198"},{"taxonomy":"product_tag","embeddable":true,"href":"https:\/\/www.moskito.cz\/de\/wp-json\/wp\/v2\/product_tag?post=340198"}],"curies":[{"name":"wp","href":"https:\/\/api.w.org\/{rel}","templated":true}]}}