{"id":340554,"date":"2024-05-16T15:54:16","date_gmt":"2024-05-16T14:54:16","guid":{"rendered":"https:\/\/www.moskito.cz\/produkt\/massives-messer-cold-steel-republic-bushcraft-messer-cs-fx-50fld\/"},"modified":"2025-05-07T11:15:07","modified_gmt":"2025-05-07T10:15:07","slug":"massives-messer-cold-steel-republic-bushcraft-messer-cs-fx-50fld","status":"publish","type":"product","link":"https:\/\/www.moskito.cz\/de\/produkt\/massives-messer-cold-steel-republic-bushcraft-messer-cs-fx-50fld\/","title":{"rendered":"Massives Messer Cold Steel REPUBLIC BUSHCRAFT MESSER CS-FX-50FLD"},"content":{"rendered":"<p>Massives Messer <strong>Cold Steel<\/strong> REPUBLIC BUSHCRAFT MESSER CS-FX-50FLD.<\/p>\n<p>Ganz gleich, ob Sie einen Unterschlupf bauen, eine Mahlzeit zubereiten oder sich in einer \u00dcberlebenssituation unvorhergesehenen Herausforderungen stellen m\u00fcssen, Sie brauchen ein Messer, auf das Sie sich verlassen k\u00f6nnen \u2013 eines, das jedem Hindernis standh\u00e4lt, auf das es st\u00f6\u00dft. Wir stellen die perfekte Begleiterklinge f\u00fcr jede Outdoor-Aktivit\u00e4t vor: das brandneue Republic, ein langlebiges Droppoint-Bushcraft-\u00dcberlebensmesser von Cold Steel.<\/p>\n<p>Das in den USA hergestellte Republic verf\u00fcgt \u00fcber eine beeindruckende 5-Zoll-S35VN-Stahlklinge mit einer H\u00e4rte von HRC58-60 und einer robusten Dicke von 3,9 mm. Die Pr\u00e4zisionsbearbeitung bietet ein vielseitiges und zuverl\u00e4ssiges Werkzeug, das selbst in den anspruchsvollsten Wildnisumgebungen hervorragende Leistungen erbringt. Seine Haltbarkeit wird durch die robuste Ionbond-Beschichtung weiter verbessert, die nicht nur eine au\u00dfergew\u00f6hnliche Korrosionsbest\u00e4ndigkeit bietet, sondern auch eine elegante, taktische \u00c4sthetik, die bei jedem Wildnis-Abenteurer sicher den Nerv der Zeit treffen wird.<\/p>\n<p>Und mit nur 8,4 Unzen l\u00e4sst sich der Republic problemlos transportieren, selbst wenn er in der mitgelieferten Premium-Ledertasche aufbewahrt wird. Die zuverl\u00e4ssige Klinge l\u00e4sst sich an einem 5-Zoll-Micarta-Griff mit sicherem Halt befestigen, der die Rutschgefahr auch bei N\u00e4sse minimiert. Dar\u00fcber hinaus ist der Griff leicht abnehmbar, sodass Sie das Werkzeug in jeder Situation schnell an Ihre spezifischen Bed\u00fcrfnisse oder Vorlieben anpassen k\u00f6nnen. Die Riffelung und der Choil an der Klinge sorgen f\u00fcr besseren Daumengriff und bessere Kontrolle bei heiklen Aufgaben, w\u00e4hrend die integrierte Fangriemen\u00f6se zahlreiche Tragem\u00f6glichkeiten bietet, darunter auch die M\u00f6glichkeit, das Messer an der Ausr\u00fcstung oder am Handgelenk zu befestigen, sodass es immer griffbereit ist.<\/p>\n<p>&#8211; Die 3,9 mm dicke, messerscharfe 5-Zoll-S35VN-Klinge kann eine Vielzahl von Outdoor-Aufgaben bew\u00e4ltigen<br \/>\n&#8211; Ionbond-Finish ist korrosionsbest\u00e4ndig und sorgt f\u00fcr einen geschmackvollen, taktischen Look<br \/>\n&#8211; Jimping und Choil f\u00fcr mehr Grip und Man\u00f6vrierf\u00e4higkeit<br \/>\n&#8211; Der 5-Zoll-Micarta-Griff bietet festen Halt, unabh\u00e4ngig von den Wetterbedingungen<br \/>\n&#8211; Der abnehmbare Griff erm\u00f6glicht eine individuelle Anpassung je nach Situation oder Gesch\u00e4ft<br \/>\n&#8211; Robuste, langlebige Konstruktion mit langanhaltender Schnitthaltigkeit<br \/>\n&#8211; Wiegt nur 8,4 Unzen<br \/>\n&#8211; Hergestellt in den USA<\/p>\n<p>Masse. 238 g<br \/>\nFarbe: Schwarz<br \/>\nGesamtgr\u00f6\u00dfe: 25,4 cm<br \/>\nGriffl\u00e4nge: 12,7 cm<br \/>\nStahl: CPM-S35VN<br \/>\nKlingenl\u00e4nge: 12,7 cm<br \/>\nKlingenst\u00e4rke: 3,9 mm<br \/>\nGriffmaterial: Micarta<br \/>\nGeh\u00e4usematerial: Leder<\/p>\n<p><iframe title=\"Republic Bushcraft Knife - Made in the USA\" width=\"800\" height=\"450\" src=\"https:\/\/www.youtube.com\/embed\/9VzB1jGOVOk?feature=oembed\" frameborder=\"0\" allow=\"accelerometer; autoplay; clipboard-write; encrypted-media; gyroscope; picture-in-picture; web-share\" referrerpolicy=\"strict-origin-when-cross-origin\" allowfullscreen><\/iframe><\/p>\n<p>&nbsp;<\/p>\n","protected":false},"excerpt":{"rendered":"<p><strong>Ganz gleich, ob Sie einen Unterschlupf bauen, eine Mahlzeit zubereiten oder sich in einer \u00dcberlebenssituation unvorhergesehenen Herausforderungen stellen m\u00fcssen, Sie brauchen ein Messer, auf das Sie sich verlassen k\u00f6nnen \u2013 eines, das jedem Hindernis standh\u00e4lt, auf das es st\u00f6\u00dft.<\/strong><\/p>\n<p><strong>Kostenloser Transport.<\/strong><\/p>\n","protected":false},"featured_media":340480,"comment_status":"open","ping_status":"closed","template":"","meta":[],"pwb-brand":[3602],"product_brand":[],"product_cat":[3287,3285],"product_tag":[3669],"class_list":{"0":"post-340554","1":"product","2":"type-product","3":"status-publish","4":"has-post-thumbnail","6":"pwb-brand-kalter-stahl","7":"product_cat-solide-messer","8":"product_cat-messer","9":"product_tag-b2b-de","11":"first","12":"instock","13":"taxable","14":"shipping-taxable","15":"purchasable","16":"product-type-simple"},"brands":[{"id":3602,"name":"Kalter Stahl","slug":"kalter-stahl"}],"_links":{"self":[{"href":"https:\/\/www.moskito.cz\/de\/wp-json\/wp\/v2\/product\/340554","targetHints":{"allow":["GET"]}}],"collection":[{"href":"https:\/\/www.moskito.cz\/de\/wp-json\/wp\/v2\/product"}],"about":[{"href":"https:\/\/www.moskito.cz\/de\/wp-json\/wp\/v2\/types\/product"}],"replies":[{"embeddable":true,"href":"https:\/\/www.moskito.cz\/de\/wp-json\/wp\/v2\/comments?post=340554"}],"wp:featuredmedia":[{"embeddable":true,"href":"https:\/\/www.moskito.cz\/de\/wp-json\/wp\/v2\/media\/340480"}],"wp:attachment":[{"href":"https:\/\/www.moskito.cz\/de\/wp-json\/wp\/v2\/media?parent=340554"}],"wp:term":[{"taxonomy":"pwb-brand","embeddable":true,"href":"https:\/\/www.moskito.cz\/de\/wp-json\/wp\/v2\/pwb-brand?post=340554"},{"taxonomy":"product_brand","embeddable":true,"href":"https:\/\/www.moskito.cz\/de\/wp-json\/wp\/v2\/product_brand?post=340554"},{"taxonomy":"product_cat","embeddable":true,"href":"https:\/\/www.moskito.cz\/de\/wp-json\/wp\/v2\/product_cat?post=340554"},{"taxonomy":"product_tag","embeddable":true,"href":"https:\/\/www.moskito.cz\/de\/wp-json\/wp\/v2\/product_tag?post=340554"}],"curies":[{"name":"wp","href":"https:\/\/api.w.org\/{rel}","templated":true}]}}