{"id":340574,"date":"2021-05-11T20:01:54","date_gmt":"2024-05-17T11:09:18","guid":{"rendered":"https:\/\/www.moskito.cz\/?post_type=product&#038;p=340574"},"modified":"2025-05-07T11:15:08","modified_gmt":"2025-05-07T10:15:08","slug":"cold-steel-pro-flight-sport-wurfmesser","status":"publish","type":"product","link":"https:\/\/www.moskito.cz\/de\/produkt\/cold-steel-pro-flight-sport-wurfmesser\/","title":{"rendered":"Cold Steel Pro Flight Sport Wurfmesser"},"content":{"rendered":"<p><strong>Cold Steel<\/strong> Pro Flight Sport Wurfmesser.<\/p>\n<p>Die Gesamtl\u00e4nge des Messers betr\u00e4gt 33 cm. Klinge aus 1055 Kohlenstoffstahl. Schwarze Oberfl\u00e4che. Griff: Schwarzer Kohlenstoffstahl. Einteilige Konstruktion mit zweischneidiger, spitzer Spitze.<\/p>\n","protected":false},"excerpt":{"rendered":"<p>Wurftrainingsmesser.<\/p>\n","protected":false},"featured_media":340579,"comment_status":"open","ping_status":"closed","template":"","meta":[],"pwb-brand":[3602],"product_brand":[],"product_cat":[3285,3542],"product_tag":[],"class_list":{"0":"post-340574","1":"product","2":"type-product","3":"status-publish","4":"has-post-thumbnail","6":"pwb-brand-kalter-stahl","7":"product_cat-messer","8":"product_cat-messer-werfen","10":"first","11":"outofstock","12":"taxable","13":"shipping-taxable","14":"purchasable","15":"product-type-simple"},"brands":[{"id":3602,"name":"Kalter Stahl","slug":"kalter-stahl"}],"_links":{"self":[{"href":"https:\/\/www.moskito.cz\/de\/wp-json\/wp\/v2\/product\/340574","targetHints":{"allow":["GET"]}}],"collection":[{"href":"https:\/\/www.moskito.cz\/de\/wp-json\/wp\/v2\/product"}],"about":[{"href":"https:\/\/www.moskito.cz\/de\/wp-json\/wp\/v2\/types\/product"}],"replies":[{"embeddable":true,"href":"https:\/\/www.moskito.cz\/de\/wp-json\/wp\/v2\/comments?post=340574"}],"wp:featuredmedia":[{"embeddable":true,"href":"https:\/\/www.moskito.cz\/de\/wp-json\/wp\/v2\/media\/340579"}],"wp:attachment":[{"href":"https:\/\/www.moskito.cz\/de\/wp-json\/wp\/v2\/media?parent=340574"}],"wp:term":[{"taxonomy":"pwb-brand","embeddable":true,"href":"https:\/\/www.moskito.cz\/de\/wp-json\/wp\/v2\/pwb-brand?post=340574"},{"taxonomy":"product_brand","embeddable":true,"href":"https:\/\/www.moskito.cz\/de\/wp-json\/wp\/v2\/product_brand?post=340574"},{"taxonomy":"product_cat","embeddable":true,"href":"https:\/\/www.moskito.cz\/de\/wp-json\/wp\/v2\/product_cat?post=340574"},{"taxonomy":"product_tag","embeddable":true,"href":"https:\/\/www.moskito.cz\/de\/wp-json\/wp\/v2\/product_tag?post=340574"}],"curies":[{"name":"wp","href":"https:\/\/api.w.org\/{rel}","templated":true}]}}