{"id":340634,"date":"2024-05-17T12:22:38","date_gmt":"2024-05-17T11:24:31","guid":{"rendered":"https:\/\/www.moskito.cz\/produkt\/wurfmesser-cold-steel-wurfspikes-4er-pack-mit-beutel-th-spk4pk\/"},"modified":"2025-05-07T11:15:10","modified_gmt":"2025-05-07T10:15:10","slug":"wurfmesser-cold-steel-wurfspikes-4er-pack-mit-beutel-th-spk4pk","status":"publish","type":"product","link":"https:\/\/www.moskito.cz\/de\/produkt\/wurfmesser-cold-steel-wurfspikes-4er-pack-mit-beutel-th-spk4pk\/","title":{"rendered":"Wurfmesser Cold Steel WURFSPIKES 4ER PACK MIT BEUTEL TH-SPK4PK"},"content":{"rendered":"<p>Wurfmesser <strong>Cold Steel<\/strong> WURFSPIKES 4ER PACK MIT BEUTEL TH-SPK4PK.<\/p>\n<p>Diese Wurfstacheln, auch Bo-Shuriken oder Wurfnadeln genannt, bestehen aus robustem 420SS-Stahl und verf\u00fcgen \u00fcber benutzerfreundliche, mit Paracord umwickelte Griffe. Sie sind perfekt ausbalanciert f\u00fcr \u00dcbungen im Garten. Das Kit enth\u00e4lt vier Spitzen und zwei L\u00e4ngen, 5 Zoll und 8 Zoll. Diese Tipps lassen sich problemlos in einem praktischen Nylonetui aufbewahren.<\/p>\n<p>Schwarze Farbe<br \/>\nGewicht: 50 g<br \/>\nGriffl\u00e4nge: 11,3 cm<br \/>\nGesamtgr\u00f6\u00dfe: 19,5 cm<br \/>\nGeh\u00e4usematerial: Nylon<br \/>\nStahl: 420SS<br \/>\nKlingenl\u00e4nge: 8,2 cm<br \/>\nKlingenst\u00e4rke: 0,29 cm<\/p>\n","protected":false},"excerpt":{"rendered":"<p><strong>Diese Wurfstacheln, auch Bo-Shuriken oder Wurfnadeln genannt, bestehen aus robustem 420SS-Stahl und verf\u00fcgen \u00fcber benutzerfreundliche, mit Paracord umwickelte Griffe.<\/strong><\/p>\n","protected":false},"featured_media":340597,"comment_status":"open","ping_status":"closed","template":"","meta":[],"pwb-brand":[3602],"product_brand":[],"product_cat":[3285,3542],"product_tag":[3669],"class_list":{"0":"post-340634","1":"product","2":"type-product","3":"status-publish","4":"has-post-thumbnail","6":"pwb-brand-kalter-stahl","7":"product_cat-messer","8":"product_cat-messer-werfen","9":"product_tag-b2b-de","11":"first","12":"instock","13":"taxable","14":"shipping-taxable","15":"purchasable","16":"product-type-simple"},"brands":[{"id":3602,"name":"Kalter Stahl","slug":"kalter-stahl"}],"_links":{"self":[{"href":"https:\/\/www.moskito.cz\/de\/wp-json\/wp\/v2\/product\/340634","targetHints":{"allow":["GET"]}}],"collection":[{"href":"https:\/\/www.moskito.cz\/de\/wp-json\/wp\/v2\/product"}],"about":[{"href":"https:\/\/www.moskito.cz\/de\/wp-json\/wp\/v2\/types\/product"}],"replies":[{"embeddable":true,"href":"https:\/\/www.moskito.cz\/de\/wp-json\/wp\/v2\/comments?post=340634"}],"wp:featuredmedia":[{"embeddable":true,"href":"https:\/\/www.moskito.cz\/de\/wp-json\/wp\/v2\/media\/340597"}],"wp:attachment":[{"href":"https:\/\/www.moskito.cz\/de\/wp-json\/wp\/v2\/media?parent=340634"}],"wp:term":[{"taxonomy":"pwb-brand","embeddable":true,"href":"https:\/\/www.moskito.cz\/de\/wp-json\/wp\/v2\/pwb-brand?post=340634"},{"taxonomy":"product_brand","embeddable":true,"href":"https:\/\/www.moskito.cz\/de\/wp-json\/wp\/v2\/product_brand?post=340634"},{"taxonomy":"product_cat","embeddable":true,"href":"https:\/\/www.moskito.cz\/de\/wp-json\/wp\/v2\/product_cat?post=340634"},{"taxonomy":"product_tag","embeddable":true,"href":"https:\/\/www.moskito.cz\/de\/wp-json\/wp\/v2\/product_tag?post=340634"}],"curies":[{"name":"wp","href":"https:\/\/api.w.org\/{rel}","templated":true}]}}