{"id":340769,"date":"2024-05-17T15:52:05","date_gmt":"2024-05-17T14:52:05","guid":{"rendered":"https:\/\/www.moskito.cz\/produkt\/schliessmesser-cold-steel-pro-lite-sport-20nu\/"},"modified":"2025-05-07T11:15:16","modified_gmt":"2025-05-07T10:15:16","slug":"schliessmesser-cold-steel-pro-lite-sport-20nu","status":"publish","type":"product","link":"https:\/\/www.moskito.cz\/de\/produkt\/schliessmesser-cold-steel-pro-lite-sport-20nu\/","title":{"rendered":"Schlie\u00dfmesser Cold Steel PRO LITE SPORT 20NU"},"content":{"rendered":"<p>Schlie\u00dfmesser <strong>Cold Steel<\/strong> PRO LITE SPORT 20NU.<\/p>\n<p>Unser Ziel bei der Entwicklung der Pro Lite-Serie war es, ein langlebiges Klappmesser mit der erwarteten \u00fcberlegenen Festigkeit und Haltbarkeit von Cold Steel zu einem erschwinglichen Preis anzubieten. Das vom ber\u00fchmten Messermacher Andrew Demke entworfene Pro Lite verf\u00fcgt \u00fcber eine deutsche Klinge aus kryogeh\u00e4rtetem 4116-Edelstahl mit langlebigem Stonewashed-Finish und einem sportlichen Drop-Point-Profil. Unser langlebiger Tri-Ad-Verriegelungsmechanismus sorgt f\u00fcr einen sicheren Verschluss. Der strukturierte Griff besteht aus strukturiertem glasfaserverst\u00e4rktem Nylon und verf\u00fcgt \u00fcber einen Taschenclip aus Edelstahl, der beidh\u00e4ndig mit gefalteter linker oder rechter Hand getragen werden kann.<\/p>\n<p>Klingenst\u00e4rke: 0,3 cm<br \/>\nStahl: 4116SS<br \/>\nFarbe: Schwarz\/Grau<br \/>\nGesamtgr\u00f6\u00dfe: 20,3 cm<br \/>\nGewicht: 93 g<br \/>\nHolstermaterial: Beidh\u00e4ndig verwendbare Tasche\/G\u00fcrtelclip<br \/>\nGriffmaterial: Langes GFN<br \/>\nSicherungstyp: Linerlock + Sekund\u00e4rverriegelung<br \/>\nKlingenl\u00e4nge: 8,9 cm<br \/>\nGriffl\u00e4nge: 11,4 cm<\/p>\n<p>&nbsp;<\/p>\n","protected":false},"excerpt":{"rendered":"<p><strong>Unser Ziel bei der Entwicklung der Pro Lite-Serie war es, ein langlebiges Klappmesser mit der erwarteten \u00fcberlegenen Festigkeit und Haltbarkeit von Cold Steel zu einem erschwinglichen Preis anzubieten.<\/strong><\/p>\n","protected":false},"featured_media":340760,"comment_status":"open","ping_status":"closed","template":"","meta":[],"pwb-brand":[3602],"product_brand":[],"product_cat":[3303,3285],"product_tag":[3669],"class_list":{"0":"post-340769","1":"product","2":"type-product","3":"status-publish","4":"has-post-thumbnail","6":"pwb-brand-kalter-stahl","7":"product_cat-schliesmesser","8":"product_cat-messer","9":"product_tag-b2b-de","11":"first","12":"instock","13":"taxable","14":"shipping-taxable","15":"purchasable","16":"product-type-simple"},"brands":[{"id":3602,"name":"Kalter Stahl","slug":"kalter-stahl"}],"_links":{"self":[{"href":"https:\/\/www.moskito.cz\/de\/wp-json\/wp\/v2\/product\/340769","targetHints":{"allow":["GET"]}}],"collection":[{"href":"https:\/\/www.moskito.cz\/de\/wp-json\/wp\/v2\/product"}],"about":[{"href":"https:\/\/www.moskito.cz\/de\/wp-json\/wp\/v2\/types\/product"}],"replies":[{"embeddable":true,"href":"https:\/\/www.moskito.cz\/de\/wp-json\/wp\/v2\/comments?post=340769"}],"wp:featuredmedia":[{"embeddable":true,"href":"https:\/\/www.moskito.cz\/de\/wp-json\/wp\/v2\/media\/340760"}],"wp:attachment":[{"href":"https:\/\/www.moskito.cz\/de\/wp-json\/wp\/v2\/media?parent=340769"}],"wp:term":[{"taxonomy":"pwb-brand","embeddable":true,"href":"https:\/\/www.moskito.cz\/de\/wp-json\/wp\/v2\/pwb-brand?post=340769"},{"taxonomy":"product_brand","embeddable":true,"href":"https:\/\/www.moskito.cz\/de\/wp-json\/wp\/v2\/product_brand?post=340769"},{"taxonomy":"product_cat","embeddable":true,"href":"https:\/\/www.moskito.cz\/de\/wp-json\/wp\/v2\/product_cat?post=340769"},{"taxonomy":"product_tag","embeddable":true,"href":"https:\/\/www.moskito.cz\/de\/wp-json\/wp\/v2\/product_tag?post=340769"}],"curies":[{"name":"wp","href":"https:\/\/api.w.org\/{rel}","templated":true}]}}