{"id":340830,"date":"2024-05-17T23:43:23","date_gmt":"2024-05-17T22:46:43","guid":{"rendered":"https:\/\/www.moskito.cz\/produkt\/cold-steel-engage-tanto-fl-35dplt-klappmesser\/"},"modified":"2025-05-07T11:15:20","modified_gmt":"2025-05-07T10:15:20","slug":"cold-steel-engage-tanto-fl-35dplt-klappmesser","status":"publish","type":"product","link":"https:\/\/www.moskito.cz\/de\/produkt\/cold-steel-engage-tanto-fl-35dplt-klappmesser\/","title":{"rendered":"Cold Steel ENGAGE TANTO FL-35DPLT Klappmesser"},"content":{"rendered":"<p><strong>Cold Steel<\/strong> ENGAGE TANTO FL-35DPLT Klappmesser.<\/p>\n<p>Das Engage ist ein leicht zu tragendes Messer, das f\u00fcr den t\u00e4glichen Gebrauch konzipiert ist und \u00fcber eine gro\u00dfe 3,5-Zoll-Klinge aus S35VN-Edelstahl f\u00fcr \u00fcberragende Robustheit und Schnitthaltigkeit verf\u00fcgt. Ausgestattet mit dem patentierten Atlas\u2122-Schloss von <strong>Cold Steel<\/strong> f\u00fcr konsistente, langlebige und zuverl\u00e4ssige Verriegelung ist es vollst\u00e4ndig beidh\u00e4ndig einsetzbar und jeder Aufgabe gewachsen. Der griffige G-10-Griff wurde f\u00fcr mehr Flexibilit\u00e4t neu gestaltet und die satinierte Tanto-Klinge erm\u00f6glicht hervorragendes Durchstechen und detailliertes, pr\u00e4zises Schneiden.<\/p>\n<p>Die neuen Engage-Messer von Cold Steel sind in einer Vielzahl von Klingenst\u00e4hlen und -formen \u2013 und zu unterschiedlichen Preisen \u2013 erh\u00e4ltlich und sind dazu bestimmt, die Stars des Alltags zu sein. Diese Premium-EDC-Messer sind vollst\u00e4ndig beidh\u00e4ndig einsetzbar und so konzipiert, dass sie jede Gelegenheit souver\u00e4n meistern. Sie verf\u00fcgen \u00fcber eine patentierte Atlas\u2122 Lock-Schiebeverriegelung, die eine dauerhafte, starke und zuverl\u00e4ssige Verriegelung bietet.<\/p>\n<p>Gewicht: 187 g<br \/>\nFarbe: Schwarz\/Stahl<br \/>\nStahl: CPM-S35VN<br \/>\nGriffl\u00e4nge: 11,9 cm<br \/>\nGriffmaterial: G10<br \/>\nGesamtgr\u00f6\u00dfe: 20,8 cm<br \/>\nKlingenl\u00e4nge: 8,9 cm<br \/>\nKlingenst\u00e4rke: 0,38 cm<br \/>\nSicherungstyp: Atlas<\/p>\n<p><iframe title=\"Cold Steel&#039;s Atlas Lock Test featuring the  new Engage 3.5&quot;\" width=\"800\" height=\"450\" src=\"https:\/\/www.youtube.com\/embed\/nh_7tHY8Ypw?feature=oembed\" frameborder=\"0\" allow=\"accelerometer; autoplay; clipboard-write; encrypted-media; gyroscope; picture-in-picture; web-share\" referrerpolicy=\"strict-origin-when-cross-origin\" allowfullscreen><\/iframe><\/p>\n<p>&nbsp;<\/p>\n","protected":false},"excerpt":{"rendered":"<p><strong>Das Engage ist ein leicht zu tragendes Messer, das f\u00fcr den t\u00e4glichen Gebrauch konzipiert ist und \u00fcber eine gro\u00dfe 3,5-Zoll-Klinge aus S35VN-Edelstahl f\u00fcr \u00fcberragende Robustheit und Schnitthaltigkeit verf\u00fcgt.<\/strong><\/p>\n<p>Kostenloser Transport.<\/p>\n","protected":false},"featured_media":340801,"comment_status":"open","ping_status":"closed","template":"","meta":[],"pwb-brand":[3602],"product_brand":[],"product_cat":[3285,3303],"product_tag":[3669],"class_list":{"0":"post-340830","1":"product","2":"type-product","3":"status-publish","4":"has-post-thumbnail","6":"pwb-brand-kalter-stahl","7":"product_cat-messer","8":"product_cat-schliesmesser","9":"product_tag-b2b-de","11":"first","12":"outofstock","13":"taxable","14":"shipping-taxable","15":"purchasable","16":"product-type-simple"},"brands":[{"id":3602,"name":"Kalter Stahl","slug":"kalter-stahl"}],"_links":{"self":[{"href":"https:\/\/www.moskito.cz\/de\/wp-json\/wp\/v2\/product\/340830","targetHints":{"allow":["GET"]}}],"collection":[{"href":"https:\/\/www.moskito.cz\/de\/wp-json\/wp\/v2\/product"}],"about":[{"href":"https:\/\/www.moskito.cz\/de\/wp-json\/wp\/v2\/types\/product"}],"replies":[{"embeddable":true,"href":"https:\/\/www.moskito.cz\/de\/wp-json\/wp\/v2\/comments?post=340830"}],"wp:featuredmedia":[{"embeddable":true,"href":"https:\/\/www.moskito.cz\/de\/wp-json\/wp\/v2\/media\/340801"}],"wp:attachment":[{"href":"https:\/\/www.moskito.cz\/de\/wp-json\/wp\/v2\/media?parent=340830"}],"wp:term":[{"taxonomy":"pwb-brand","embeddable":true,"href":"https:\/\/www.moskito.cz\/de\/wp-json\/wp\/v2\/pwb-brand?post=340830"},{"taxonomy":"product_brand","embeddable":true,"href":"https:\/\/www.moskito.cz\/de\/wp-json\/wp\/v2\/product_brand?post=340830"},{"taxonomy":"product_cat","embeddable":true,"href":"https:\/\/www.moskito.cz\/de\/wp-json\/wp\/v2\/product_cat?post=340830"},{"taxonomy":"product_tag","embeddable":true,"href":"https:\/\/www.moskito.cz\/de\/wp-json\/wp\/v2\/product_tag?post=340830"}],"curies":[{"name":"wp","href":"https:\/\/api.w.org\/{rel}","templated":true}]}}