{"id":341021,"date":"2024-05-18T00:31:48","date_gmt":"2024-05-17T23:31:48","guid":{"rendered":"https:\/\/www.moskito.cz\/produkt\/cold-steel-5-max-klappmesser\/"},"modified":"2025-05-07T11:15:23","modified_gmt":"2025-05-07T10:15:23","slug":"cold-steel-5-max-klappmesser","status":"publish","type":"product","link":"https:\/\/www.moskito.cz\/de\/produkt\/cold-steel-5-max-klappmesser\/","title":{"rendered":"Cold Steel 5-MAX Klappmesser"},"content":{"rendered":"<p><strong>Cold Steel<\/strong> 5-MAX Klappmesser.<\/p>\n<p>Wir stellen Ihnen <strong>den Cold Steel 5 Max<\/strong> vor, das Werkzeug, das Sie brauchen, um den Abenteurer in Ihnen zu entfesseln! Basierend auf dem Bestseller 4 Max, jetzt mit l\u00e4ngerer Klinge und Reichweite.<\/p>\n<p>Dieses Bauteil wurde in Zusammenarbeit mit dem Messerdesigner Andrew Demek entwickelt, der f\u00fcr die Herstellung einiger der besten und langlebigsten Messer der Welt bekannt ist. Es verf\u00fcgt \u00fcber eine beeindruckende, messerscharfe 5-Zoll-Klinge, die aus hochwertigem S35VN-Stahl geschmiedet ist. Dieses Premium-Material gew\u00e4hrleistet eine au\u00dfergew\u00f6hnliche Schnitthaltigkeit und eine unglaubliche Korrosionsbest\u00e4ndigkeit, die jahrelangem Gebrauch problemlos standh\u00e4lt. Dar\u00fcber hinaus macht die schwarze Oberfl\u00e4che der Klinge die Klinge noch langlebiger und verleiht ihr einen Hauch von Raffinesse f\u00fcr die perfekte Verbindung von Stil und Substanz.<\/p>\n<p>Daran befestigt ist ein dunkelgr\u00fcner, ergonomisch geformter G10-Griff, der eine hervorragende Traktion f\u00fcr festen Halt bietet, selbst bei Arbeiten unter h\u00e4rtesten Au\u00dfenbedingungen. Mit dem renommierten Tri-Ad Lock von <strong>Cold Steel<\/strong> k\u00f6nnen Sie darauf vertrauen, dass Ihre Klinge w\u00e4hrend des Gebrauchs sicher an Ort und Stelle bleibt, sodass Sie beruhigt sein k\u00f6nnen und \u00fcberragende, sorgenfreie Leistung erhalten, wenn Sie sie am meisten brauchen.<\/p>\n<p>Mit einer Gesamtl\u00e4nge von 12 1\/8 Zoll ist <strong>das 5 Max<\/strong> ein vielseitiges Werkzeug, das eine Vielzahl von Aufgaben bew\u00e4ltigen kann \u2013 vom Schneiden durch starre Materialien bis zum Pr\u00e4zisionsschneiden \u2013 dieses Messer ist f\u00fcr jede Herausforderung und zu jeder Zeit geeignet. Kombinieren Sie diese L\u00e4nge mit einer Dicke von 4,8 mm und 12,4 Unzen. Gewicht und Sie verf\u00fcgen \u00fcber ein beeindruckend robustes und zuverl\u00e4ssiges Werkzeug, das Ihre Erwartungen selbst in den anspruchsvollsten Unternehmen \u00fcbertrifft.<\/p>\n<p>Entworfen in Zusammenarbeit mit dem weltbekannten Messerdesigner Andrew Demke<br \/>\nDas vielseitige Werkzeug ist einer Reihe anspruchsvoller Outdoor-Aufgaben gewachsen<br \/>\nAusgestattet mit einer 5-Zoll-Klinge aus S35VN-Stahl f\u00fcr au\u00dfergew\u00f6hnliche Schnitthaltigkeit<br \/>\nSchwarz gewaschene Klinge f\u00fcr bessere Haltbarkeit und einen edlen Look<br \/>\nDer G10-Griff sorgt f\u00fcr einen rutschfesten Halt auch bei widrigen Wetterbedingungen<br \/>\nRobuste Gesamtl\u00e4nge von 12 1\/8 Zoll und Klingenst\u00e4rke von 4,8 mm<\/p>\n<p>Gewicht: 351 g<br \/>\nGriffmaterial: G10<br \/>\nFarbe: Schwarz\/Gr\u00fcn<br \/>\nGesamtgr\u00f6\u00dfe: 31,1 cm<br \/>\nGriffl\u00e4nge: 18,4 cm<br \/>\nKlingenst\u00e4rke: 0,48 cm<br \/>\nArt der Sperre: Tri-Ad Lock<br \/>\nStahl: CPM-S35VN<br \/>\nKlingenl\u00e4nge: 12,7 cm<\/p>\n<p><iframe title=\"COLD STEEL 5 MAX KNIFE\" width=\"800\" height=\"450\" src=\"https:\/\/www.youtube.com\/embed\/OXPJxUYR3dg?feature=oembed\" frameborder=\"0\" allow=\"accelerometer; autoplay; clipboard-write; encrypted-media; gyroscope; picture-in-picture; web-share\" referrerpolicy=\"strict-origin-when-cross-origin\" allowfullscreen><\/iframe><\/p>\n<p>&nbsp;<\/p>\n","protected":false},"excerpt":{"rendered":"<p><strong>Wir stellen Ihnen den Cold Steel 5 Max vor, das Werkzeug, das Sie brauchen, um den Abenteurer in Ihnen zu entfesseln!<\/strong><\/p>\n<p><strong>Kostenloser Transport.<\/strong><\/p>\n","protected":false},"featured_media":340928,"comment_status":"open","ping_status":"closed","template":"","meta":[],"pwb-brand":[3602],"product_brand":[],"product_cat":[3303,3285],"product_tag":[3669],"class_list":{"0":"post-341021","1":"product","2":"type-product","3":"status-publish","4":"has-post-thumbnail","6":"pwb-brand-kalter-stahl","7":"product_cat-schliesmesser","8":"product_cat-messer","9":"product_tag-b2b-de","11":"first","12":"instock","13":"taxable","14":"shipping-taxable","15":"purchasable","16":"product-type-simple"},"brands":[{"id":3602,"name":"Kalter Stahl","slug":"kalter-stahl"}],"_links":{"self":[{"href":"https:\/\/www.moskito.cz\/de\/wp-json\/wp\/v2\/product\/341021","targetHints":{"allow":["GET"]}}],"collection":[{"href":"https:\/\/www.moskito.cz\/de\/wp-json\/wp\/v2\/product"}],"about":[{"href":"https:\/\/www.moskito.cz\/de\/wp-json\/wp\/v2\/types\/product"}],"replies":[{"embeddable":true,"href":"https:\/\/www.moskito.cz\/de\/wp-json\/wp\/v2\/comments?post=341021"}],"wp:featuredmedia":[{"embeddable":true,"href":"https:\/\/www.moskito.cz\/de\/wp-json\/wp\/v2\/media\/340928"}],"wp:attachment":[{"href":"https:\/\/www.moskito.cz\/de\/wp-json\/wp\/v2\/media?parent=341021"}],"wp:term":[{"taxonomy":"pwb-brand","embeddable":true,"href":"https:\/\/www.moskito.cz\/de\/wp-json\/wp\/v2\/pwb-brand?post=341021"},{"taxonomy":"product_brand","embeddable":true,"href":"https:\/\/www.moskito.cz\/de\/wp-json\/wp\/v2\/product_brand?post=341021"},{"taxonomy":"product_cat","embeddable":true,"href":"https:\/\/www.moskito.cz\/de\/wp-json\/wp\/v2\/product_cat?post=341021"},{"taxonomy":"product_tag","embeddable":true,"href":"https:\/\/www.moskito.cz\/de\/wp-json\/wp\/v2\/product_tag?post=341021"}],"curies":[{"name":"wp","href":"https:\/\/api.w.org\/{rel}","templated":true}]}}