{"id":341065,"date":"2024-05-18T00:48:59","date_gmt":"2024-05-17T23:50:36","guid":{"rendered":"https:\/\/www.moskito.cz\/produkt\/klappmesser-cold-steel-espada-xl-ruby-red\/"},"modified":"2025-05-07T11:15:24","modified_gmt":"2025-05-07T10:15:24","slug":"klappmesser-cold-steel-espada-xl-ruby-red","status":"publish","type":"product","link":"https:\/\/www.moskito.cz\/de\/produkt\/klappmesser-cold-steel-espada-xl-ruby-red\/","title":{"rendered":"Klappmesser Cold Steel ESPADA XL RUBY RED"},"content":{"rendered":"<p>Klappmesser <strong>Cold Steel<\/strong> ESPADA XL RUBY RED.<\/p>\n<p><strong>Cold Steel<\/strong> hatte nie Angst davor, Konventionen zu brechen. Aus diesem Grund brachte Cold Steel eine Reihe von Klingen auf den Markt, die nur als eines beschrieben werden k\u00f6nnen: Taschenschwerter, als alle anderen in der Branche die kleinsten, schlanksten und feinsten kleinen Messer herstellten, die sie konnten!<\/p>\n<p><strong>Das Cold Steel Espada<\/strong> wurde von klassischen Navajo-Messern aus Spanien inspiriert, war jedoch sowohl im Aussehen als auch in den Materialien v\u00f6llig modern. Diese Mega-Folder haben den Markt im Sturm erobert! Die Espadas wurden in Zusammenarbeit zwischen den Messermachern Andrew Demke und Lynn C. Thompson entwickelt und sind in zwei Gr\u00f6\u00dfen erh\u00e4ltlich, um sowohl den mutigsten als auch den mutigsten Menschen gerecht zu werden! Trotz ihrer beeindruckenden Gr\u00f6\u00dfe sind sie so konzipiert, dass sie bequem und diskret in Ihre Tasche passen. Sie werden schnell vergessen, dass Sie eine so gro\u00dfe und beeindruckende Klinge tragen. Ausgestattet mit der patentierten Demko-Daumenplatte schnappen die gro\u00dfen und extra gro\u00dfen Espadas in Ihre Tasche und \u00f6ffnen das Messer beim Ziehen \u2013 und zwar im Handumdrehen! Die wundersch\u00f6nen Espada-Klingen sind aus japanischem AUS-10A-Edelstahl gefertigt. Jeder Espada verf\u00fcgt \u00fcber den patentierten Tri-Ad-Verriegelungsmechanismus, der nachweislich eine erstaunliche Schlagfestigkeit und Festigkeit aufweist. In ihren eigenen, bekannterma\u00dfen brutalen Produkttests war der XL Espada nicht nur in der Lage, 600 Pfund frei h\u00e4ngendes Gewicht zu tragen, sondern sie nutzten es sogar, um einen h\u00e4ngenden Motorblock zu st\u00fctzen!<\/p>\n<p>Schwarze Farbe<br \/>\nGriffmaterial: Langes G10<br \/>\nGewicht: 402,56 g<br \/>\nArt der Sperre: Tri-Ad Lock<br \/>\nGesamtgr\u00f6\u00dfe: 42,5 cm<br \/>\nKlingenl\u00e4nge: 19 cm<br \/>\nGriffl\u00e4nge: 23,4 cm<br \/>\nStahl: AUS 10A<br \/>\nKlingenst\u00e4rke: 0,4 cm<\/p>\n<p><iframe title=\"COLD STEEL&#039;S DEADLIEST WEAPON; ESPADA XL G10\" width=\"800\" height=\"450\" src=\"https:\/\/www.youtube.com\/embed\/iRajrg6Ku78?feature=oembed\" frameborder=\"0\" allow=\"accelerometer; autoplay; clipboard-write; encrypted-media; gyroscope; picture-in-picture; web-share\" referrerpolicy=\"strict-origin-when-cross-origin\" allowfullscreen><\/iframe><\/p>\n<p>&nbsp;<\/p>\n","protected":false},"excerpt":{"rendered":"<p><strong>Cold Steel hatte nie Angst davor, Konventionen zu brechen. Aus diesem Grund brachte Cold Steel eine Reihe von Klingen auf den Markt, die nur als eines beschrieben werden k\u00f6nnen, als alle anderen in der Branche die kleinsten, schlanksten und feinsten kleinen Messer herstellten, die sie konnten: Taschenschwerter!<\/strong><\/p>\n<p><strong>Kostenloser Transport.<\/strong><\/p>\n","protected":false},"featured_media":341025,"comment_status":"open","ping_status":"closed","template":"","meta":[],"pwb-brand":[3602],"product_brand":[],"product_cat":[3285,3303],"product_tag":[3669],"class_list":{"0":"post-341065","1":"product","2":"type-product","3":"status-publish","4":"has-post-thumbnail","6":"pwb-brand-kalter-stahl","7":"product_cat-messer","8":"product_cat-schliesmesser","9":"product_tag-b2b-de","11":"first","12":"instock","13":"taxable","14":"shipping-taxable","15":"purchasable","16":"product-type-simple"},"brands":[{"id":3602,"name":"Kalter Stahl","slug":"kalter-stahl"}],"_links":{"self":[{"href":"https:\/\/www.moskito.cz\/de\/wp-json\/wp\/v2\/product\/341065","targetHints":{"allow":["GET"]}}],"collection":[{"href":"https:\/\/www.moskito.cz\/de\/wp-json\/wp\/v2\/product"}],"about":[{"href":"https:\/\/www.moskito.cz\/de\/wp-json\/wp\/v2\/types\/product"}],"replies":[{"embeddable":true,"href":"https:\/\/www.moskito.cz\/de\/wp-json\/wp\/v2\/comments?post=341065"}],"wp:featuredmedia":[{"embeddable":true,"href":"https:\/\/www.moskito.cz\/de\/wp-json\/wp\/v2\/media\/341025"}],"wp:attachment":[{"href":"https:\/\/www.moskito.cz\/de\/wp-json\/wp\/v2\/media?parent=341065"}],"wp:term":[{"taxonomy":"pwb-brand","embeddable":true,"href":"https:\/\/www.moskito.cz\/de\/wp-json\/wp\/v2\/pwb-brand?post=341065"},{"taxonomy":"product_brand","embeddable":true,"href":"https:\/\/www.moskito.cz\/de\/wp-json\/wp\/v2\/product_brand?post=341065"},{"taxonomy":"product_cat","embeddable":true,"href":"https:\/\/www.moskito.cz\/de\/wp-json\/wp\/v2\/product_cat?post=341065"},{"taxonomy":"product_tag","embeddable":true,"href":"https:\/\/www.moskito.cz\/de\/wp-json\/wp\/v2\/product_tag?post=341065"}],"curies":[{"name":"wp","href":"https:\/\/api.w.org\/{rel}","templated":true}]}}