{"id":341210,"date":"2024-05-18T10:49:46","date_gmt":"2024-05-19T18:36:09","guid":{"rendered":"https:\/\/www.moskito.cz\/produkt\/cold-steel-engage-tanto-klappmesser\/"},"modified":"2025-05-07T11:15:27","modified_gmt":"2025-05-07T10:15:27","slug":"cold-steel-engage-tanto-klappmesser","status":"publish","type":"product","link":"https:\/\/www.moskito.cz\/de\/produkt\/cold-steel-engage-tanto-klappmesser\/","title":{"rendered":"Cold Steel ENGAGE TANTO Klappmesser"},"content":{"rendered":"<p><strong>Cold Steel<\/strong> ENGAGE TANTO Klappmesser.<\/p>\n<p><strong>Das Engage<\/strong> ist ein funktionsreiches 3-Zoll-Messer aus 4116-Edelstahl, das f\u00fcr den sicheren Alltagsgebrauch konzipiert ist und langlebig und leicht zu sch\u00e4rfen ist. Mit dem patentierten Atlas\u2122-Schiebeverschluss von Cold Steel, der einen starken und zuverl\u00e4ssigen Verschluss gew\u00e4hrleistet, ist er vollst\u00e4ndig umkehrbar und f\u00fcr jede allt\u00e4gliche Aufgabe bestens geeignet. Der griffige GFN-Griff ist so konstruiert, dass er jahrelangen Gebrauch \u00fcbersteht, und ist in drei Farben erh\u00e4ltlich. Es gibt zwei Klingenformoptionen \u2013 Tanto und. Clip-Punkt.<\/p>\n<p>Die neuen Engage-Messer von Cold Steel sind in einer Vielzahl von Klingenst\u00e4hlen und -formen \u2013 und zu unterschiedlichen Preisen \u2013 erh\u00e4ltlich und sind dazu bestimmt, die Stars des Alltags zu sein. Diese Premium-EDC-Messer sind vollst\u00e4ndig beidh\u00e4ndig einsetzbar und so konzipiert, dass sie jede Gelegenheit souver\u00e4n meistern. Sie verf\u00fcgen \u00fcber eine patentierte Atlas\u2122 Lock-Schiebeverriegelung, die eine dauerhafte, starke und zuverl\u00e4ssige Verriegelung bietet.<\/p>\n<p>Klinge: 4116<\/p>\n<p>Klingenstil: Tanto<\/p>\n<p>Klingenfinish: Black Stonewash<\/p>\n<p>Schloss: Atlas\u00ae-Schloss<\/p>\n<p>\u00d6ffnungsmechanismus: Stift, beidseitig<\/p>\n<p>Gewicht: 68 g<\/p>\n<p>Gesamtl\u00e4nge: 18,5 cm<\/p>\n<p>Klingenl\u00e4nge: 7,6 cm<\/p>\n<p>L\u00e4nge des geschlossenen Messers: 10,5 cm<\/p>\n<p>Klingenst\u00e4rke: 0,24 cm<\/p>\n<p><iframe title=\"Cold Steel&#039;s Atlas Lock Test featuring the  new Engage 3.5&quot;\" width=\"800\" height=\"450\" src=\"https:\/\/www.youtube.com\/embed\/nh_7tHY8Ypw?feature=oembed\" frameborder=\"0\" allow=\"accelerometer; autoplay; clipboard-write; encrypted-media; gyroscope; picture-in-picture; web-share\" referrerpolicy=\"strict-origin-when-cross-origin\" allowfullscreen><\/iframe><\/p>\n<p>&nbsp;<\/p>\n<p>&nbsp;<\/p>\n<p>&nbsp;<\/p>\n","protected":false},"excerpt":{"rendered":"<p><strong>Das Engage ist ein funktionsreiches 3-Zoll-Messer aus 4116-Edelstahl, das f\u00fcr den sicheren Alltagsgebrauch konzipiert ist und langlebig und leicht zu sch\u00e4rfen ist.<\/strong><\/p>\n","protected":false},"featured_media":341184,"comment_status":"open","ping_status":"closed","template":"","meta":[],"pwb-brand":[3602],"product_brand":[],"product_cat":[3285,3303],"product_tag":[3669],"class_list":{"0":"post-341210","1":"product","2":"type-product","3":"status-publish","4":"has-post-thumbnail","6":"pwb-brand-kalter-stahl","7":"product_cat-messer","8":"product_cat-schliesmesser","9":"product_tag-b2b-de","11":"first","12":"instock","13":"taxable","14":"shipping-taxable","15":"purchasable","16":"product-type-simple"},"brands":[{"id":3602,"name":"Kalter Stahl","slug":"kalter-stahl"}],"_links":{"self":[{"href":"https:\/\/www.moskito.cz\/de\/wp-json\/wp\/v2\/product\/341210","targetHints":{"allow":["GET"]}}],"collection":[{"href":"https:\/\/www.moskito.cz\/de\/wp-json\/wp\/v2\/product"}],"about":[{"href":"https:\/\/www.moskito.cz\/de\/wp-json\/wp\/v2\/types\/product"}],"replies":[{"embeddable":true,"href":"https:\/\/www.moskito.cz\/de\/wp-json\/wp\/v2\/comments?post=341210"}],"wp:featuredmedia":[{"embeddable":true,"href":"https:\/\/www.moskito.cz\/de\/wp-json\/wp\/v2\/media\/341184"}],"wp:attachment":[{"href":"https:\/\/www.moskito.cz\/de\/wp-json\/wp\/v2\/media?parent=341210"}],"wp:term":[{"taxonomy":"pwb-brand","embeddable":true,"href":"https:\/\/www.moskito.cz\/de\/wp-json\/wp\/v2\/pwb-brand?post=341210"},{"taxonomy":"product_brand","embeddable":true,"href":"https:\/\/www.moskito.cz\/de\/wp-json\/wp\/v2\/product_brand?post=341210"},{"taxonomy":"product_cat","embeddable":true,"href":"https:\/\/www.moskito.cz\/de\/wp-json\/wp\/v2\/product_cat?post=341210"},{"taxonomy":"product_tag","embeddable":true,"href":"https:\/\/www.moskito.cz\/de\/wp-json\/wp\/v2\/product_tag?post=341210"}],"curies":[{"name":"wp","href":"https:\/\/api.w.org\/{rel}","templated":true}]}}