{"id":341236,"date":"2024-05-19T19:54:51","date_gmt":"2024-05-19T18:57:35","guid":{"rendered":"https:\/\/www.moskito.cz\/produkt\/verschlussmesser-cold-steel-engage-clip-point\/"},"modified":"2025-06-27T12:48:18","modified_gmt":"2025-06-27T11:48:18","slug":"verschlussmesser-cold-steel-engage-clip-point","status":"publish","type":"product","link":"https:\/\/www.moskito.cz\/de\/produkt\/verschlussmesser-cold-steel-engage-clip-point\/","title":{"rendered":"Verschlussmesser Cold Steel ENGAGE CLIP POINT"},"content":{"rendered":"<p>Verschlussmesser <strong>Cold Steel<\/strong> ENGAGE CLIP POINT.<\/p>\n<p><strong>Das Engage<\/strong> wurde f\u00fcr den selbstbewussten Alltagsgebrauch entwickelt und ist ein funktionsreicher 3-Zoll-Folder aus 4116-Edelstahl, der langlebig und leicht zu sch\u00e4rfen ist. Mit dem patentierten Atlas\u2122-Schiebeverschluss von Cold Steel, der einen starken und zuverl\u00e4ssigen Verschluss gew\u00e4hrleistet, ist er vollst\u00e4ndig umkehrbar und f\u00fcr jede allt\u00e4gliche Aufgabe bestens geeignet. Der griffige GFN-Griff ist so konstruiert, dass er jahrelangen Gebrauch \u00fcbersteht, und ist in drei Farben erh\u00e4ltlich. Es gibt zwei Klingenformoptionen \u2013 Tanto und. Clip-Punkt.<\/p>\n<p>Die neuen Engage-Messer von Cold Steel sind in einer Vielzahl von Klingenst\u00e4hlen und -formen \u2013 und zu unterschiedlichen Preisen \u2013 erh\u00e4ltlich und sind dazu bestimmt, die Stars des Alltags zu sein. Diese Premium-EDC-Messer sind vollst\u00e4ndig beidh\u00e4ndig einsetzbar und so konzipiert, dass sie jede Gelegenheit souver\u00e4n meistern. Sie verf\u00fcgen \u00fcber eine patentierte Atlas\u2122 Lock-Schiebeverriegelung, die eine dauerhafte, starke und zuverl\u00e4ssige Verriegelung bietet.<\/p>\n<p>Stahl: 4116SS<br \/>\n Griffmaterial: FGN<br \/>\n Farbe: orange\/stahl<br \/>\n Klingenl\u00e4nge: 7,9 cm<br \/>\n Gesamtgr\u00f6\u00dfe: 18,5 cm<br \/>\n Griffl\u00e4nge: 10,6 cm<br \/>\n Klingenst\u00e4rke: 0,25 cm<br \/>\n Gewicht: 97 g<br \/>\n Sicherungstyp: Atlas<\/p>\n<p><iframe title=\"Cold Steel&#039;s Atlas Lock Test featuring the  new Engage 3.5&quot;\" width=\"800\" height=\"450\" src=\"https:\/\/www.youtube.com\/embed\/nh_7tHY8Ypw?feature=oembed\" frameborder=\"0\" allow=\"accelerometer; autoplay; clipboard-write; encrypted-media; gyroscope; picture-in-picture; web-share\" referrerpolicy=\"strict-origin-when-cross-origin\" allowfullscreen><\/iframe><\/p>\n<p>&nbsp;<\/p>\n","protected":false},"excerpt":{"rendered":"<p>Verschlussmesser Cold Steel ENGAGE CLIP POINT. Das Engage wurde f\u00fcr den selbstbewussten Alltagsgebrauch entwickelt und ist ein funktionsreicher 3-Zoll-Folder aus 4116-Edelstahl, der langlebig und leicht zu sch\u00e4rfen ist. Mit dem patentierten Atlas\u2122-Schiebeverschluss von Cold Steel, der einen starken und zuverl\u00e4ssigen Verschluss gew\u00e4hrleistet, ist er vollst\u00e4ndig umkehrbar und f\u00fcr jede allt\u00e4gliche Aufgabe bestens geeignet. Der griffige [&hellip;]<\/p>\n","protected":false},"featured_media":341217,"comment_status":"open","ping_status":"closed","template":"","meta":[],"pwb-brand":[3602],"product_brand":[],"product_cat":[3303,3285],"product_tag":[3669],"class_list":{"0":"post-341236","1":"product","2":"type-product","3":"status-publish","4":"has-post-thumbnail","6":"pwb-brand-kalter-stahl","7":"product_cat-schliesmesser","8":"product_cat-messer","9":"product_tag-b2b-de","11":"first","12":"outofstock","13":"taxable","14":"shipping-taxable","15":"purchasable","16":"product-type-simple"},"brands":[{"id":3602,"name":"Kalter Stahl","slug":"kalter-stahl"}],"_links":{"self":[{"href":"https:\/\/www.moskito.cz\/de\/wp-json\/wp\/v2\/product\/341236","targetHints":{"allow":["GET"]}}],"collection":[{"href":"https:\/\/www.moskito.cz\/de\/wp-json\/wp\/v2\/product"}],"about":[{"href":"https:\/\/www.moskito.cz\/de\/wp-json\/wp\/v2\/types\/product"}],"replies":[{"embeddable":true,"href":"https:\/\/www.moskito.cz\/de\/wp-json\/wp\/v2\/comments?post=341236"}],"wp:featuredmedia":[{"embeddable":true,"href":"https:\/\/www.moskito.cz\/de\/wp-json\/wp\/v2\/media\/341217"}],"wp:attachment":[{"href":"https:\/\/www.moskito.cz\/de\/wp-json\/wp\/v2\/media?parent=341236"}],"wp:term":[{"taxonomy":"pwb-brand","embeddable":true,"href":"https:\/\/www.moskito.cz\/de\/wp-json\/wp\/v2\/pwb-brand?post=341236"},{"taxonomy":"product_brand","embeddable":true,"href":"https:\/\/www.moskito.cz\/de\/wp-json\/wp\/v2\/product_brand?post=341236"},{"taxonomy":"product_cat","embeddable":true,"href":"https:\/\/www.moskito.cz\/de\/wp-json\/wp\/v2\/product_cat?post=341236"},{"taxonomy":"product_tag","embeddable":true,"href":"https:\/\/www.moskito.cz\/de\/wp-json\/wp\/v2\/product_tag?post=341236"}],"curies":[{"name":"wp","href":"https:\/\/api.w.org\/{rel}","templated":true}]}}